{"id":18840,"date":"2021-02-21T14:34:55","date_gmt":"2021-02-21T14:34:55","guid":{"rendered":"https:\/\/www.autonvaraosahaku.fi\/?product=master-sport-6799-set-ms-pyoranlaakerit"},"modified":"2021-02-21T14:34:55","modified_gmt":"2021-02-21T14:34:55","slug":"master-sport-6799-set-ms-pyoranlaakerit","status":"publish","type":"product","link":"https:\/\/www.autonvaraosahaku.fi\/?product=master-sport-6799-set-ms-pyoranlaakerit","title":{"rendered":"MASTER-SPORT 6799-SET-MS Py\u00f6r\u00e4nlaakerit"},"content":{"rendered":"<p>Leveys (mm): 48; Sis\u00e4l\u00e4pimitta [mm]: 30; Ulkol\u00e4pimitta [mm]: 62; Nettopaino [kg]: 0,83; Bruttopaino [kg]: 0,88; Asennuspuoli: Hinterachse; MERCEDES-BENZ: CITAN Kasten 415,CITAN Kombi 415,CITAN Mixto 415; DACIA: DUSTER,LOGAN MCV KS_,SANDERO II,LODGY,LOGAN MCV II,DOKKER,DOKKER Express,LOGAN II,DUSTER Kasten; RENAULT: CLIO IV,KANGOO \/ GRAND KANGOO KW0\/1_,CAPTUR,KANGOO Express FW0\/1_,CLIO Grandtour IV,KANGOO BE BOP KW0\/1_,ZOE,DUSTER,LOGAN I Kombi KS_,SANDERO\/STEPWAY II,LOGAN II Kombi,LOGAN II; 430009707R, 432102069R, 432102069R, 432103106R; Py\u00f6r\u00e4nlaakerisarja<\/p>\n","protected":false},"excerpt":{"rendered":"<p>MASTER-SPORT Py\u00f6r\u00e4nlaakerit 6799-SET-MS Py\u00f6r\u00e4nlaakerisarja MERCEDES-BENZ,DACIA,RENAULT,CITAN Kasten 415,CITAN Kombi 415,CITAN Mixto 415,DUSTER<\/p>\n","protected":false},"featured_media":0,"template":"","meta":{"site-sidebar-layout":"default","site-content-layout":"default","ast-global-header-display":"","ast-main-header-display":"","ast-hfb-above-header-display":"","ast-hfb-below-header-display":"","ast-hfb-mobile-header-display":"","site-post-title":"","ast-breadcrumbs-content":"","ast-featured-img":"","footer-sml-layout":"","theme-transparent-header-meta":"","adv-header-id-meta":"","stick-header-meta":"","header-above-stick-meta":"","header-main-stick-meta":"","header-below-stick-meta":""},"pwb-brand":[61],"product_cat":[83],"product_tag":[],"class_list":{"0":"post-18840","1":"product","2":"type-product","3":"status-publish","5":"pwb-brand-master-sport","6":"product_cat-pyoranlaakerit","7":"desktop-align-left","8":"tablet-align-left","9":"mobile-align-left","11":"first","12":"instock","13":"product-type-external"},"brands":[{"id":61,"name":"MASTER-SPORT","slug":"master-sport"}],"_links":{"self":[{"href":"https:\/\/www.autonvaraosahaku.fi\/index.php?rest_route=\/wp\/v2\/product\/18840","targetHints":{"allow":["GET"]}}],"collection":[{"href":"https:\/\/www.autonvaraosahaku.fi\/index.php?rest_route=\/wp\/v2\/product"}],"about":[{"href":"https:\/\/www.autonvaraosahaku.fi\/index.php?rest_route=\/wp\/v2\/types\/product"}],"wp:attachment":[{"href":"https:\/\/www.autonvaraosahaku.fi\/index.php?rest_route=%2Fwp%2Fv2%2Fmedia&parent=18840"}],"wp:term":[{"taxonomy":"pwb-brand","embeddable":true,"href":"https:\/\/www.autonvaraosahaku.fi\/index.php?rest_route=%2Fwp%2Fv2%2Fpwb-brand&post=18840"},{"taxonomy":"product_cat","embeddable":true,"href":"https:\/\/www.autonvaraosahaku.fi\/index.php?rest_route=%2Fwp%2Fv2%2Fproduct_cat&post=18840"},{"taxonomy":"product_tag","embeddable":true,"href":"https:\/\/www.autonvaraosahaku.fi\/index.php?rest_route=%2Fwp%2Fv2%2Fproduct_tag&post=18840"}],"curies":[{"name":"wp","href":"https:\/\/api.w.org\/{rel}","templated":true}]}}