{"id":18841,"date":"2021-02-21T14:34:55","date_gmt":"2021-02-21T14:34:55","guid":{"rendered":"https:\/\/www.autonvaraosahaku.fi\/?product=ridex-514g0104-konepellin-kaasujousi"},"modified":"2021-02-21T14:34:56","modified_gmt":"2021-02-21T14:34:56","slug":"ridex-514g0104-konepellin-kaasujousi","status":"publish","type":"product","link":"https:\/\/www.autonvaraosahaku.fi\/?product=ridex-514g0104-konepellin-kaasujousi","title":{"rendered":"RIDEX 514G0104 Konepellin kaasujousi"},"content":{"rendered":"<p>Pituus (mm): 598; Isku (mm): 250; Ty\u00f6nt\u00f6voima [N]: 440; Ulkol\u00e4pimitta 1 [mm]: 8; Ulkol\u00e4pimitta 2 [mm]: 18; Asennuspuoli: rechts; CITRO\u00cbN: XSARA PICASSO N68,XSARA N1,XSARA Break N2,XSARA Coupe N0,XSARA Kasten,XSARA Kasten\/Schr\u00e4gheck; 792513; Kaasujousi, Konepelti<\/p>\n","protected":false},"excerpt":{"rendered":"<p>RIDEX Konepellin Kaasujousi 514G0104 Kaasujousi, Konepelti CITRO\u00cbN,XSARA PICASSO N68,XSARA N1,XSARA Break N2,XSARA Coupe N0,XSARA Kasten<\/p>\n","protected":false},"featured_media":0,"template":"","meta":{"site-sidebar-layout":"default","site-content-layout":"default","ast-global-header-display":"","ast-main-header-display":"","ast-hfb-above-header-display":"","ast-hfb-below-header-display":"","ast-hfb-mobile-header-display":"","site-post-title":"","ast-breadcrumbs-content":"","ast-featured-img":"","footer-sml-layout":"","theme-transparent-header-meta":"","adv-header-id-meta":"","stick-header-meta":"","header-above-stick-meta":"","header-main-stick-meta":"","header-below-stick-meta":""},"pwb-brand":[157],"product_cat":[194],"product_tag":[],"class_list":{"0":"post-18841","1":"product","2":"type-product","3":"status-publish","5":"pwb-brand-ridex","6":"product_cat-konepellin-kaasujousi","7":"desktop-align-left","8":"tablet-align-left","9":"mobile-align-left","11":"first","12":"instock","13":"product-type-external"},"brands":[{"id":157,"name":"RIDEX","slug":"ridex"}],"_links":{"self":[{"href":"https:\/\/www.autonvaraosahaku.fi\/index.php?rest_route=\/wp\/v2\/product\/18841","targetHints":{"allow":["GET"]}}],"collection":[{"href":"https:\/\/www.autonvaraosahaku.fi\/index.php?rest_route=\/wp\/v2\/product"}],"about":[{"href":"https:\/\/www.autonvaraosahaku.fi\/index.php?rest_route=\/wp\/v2\/types\/product"}],"wp:attachment":[{"href":"https:\/\/www.autonvaraosahaku.fi\/index.php?rest_route=%2Fwp%2Fv2%2Fmedia&parent=18841"}],"wp:term":[{"taxonomy":"pwb-brand","embeddable":true,"href":"https:\/\/www.autonvaraosahaku.fi\/index.php?rest_route=%2Fwp%2Fv2%2Fpwb-brand&post=18841"},{"taxonomy":"product_cat","embeddable":true,"href":"https:\/\/www.autonvaraosahaku.fi\/index.php?rest_route=%2Fwp%2Fv2%2Fproduct_cat&post=18841"},{"taxonomy":"product_tag","embeddable":true,"href":"https:\/\/www.autonvaraosahaku.fi\/index.php?rest_route=%2Fwp%2Fv2%2Fproduct_tag&post=18841"}],"curies":[{"name":"wp","href":"https:\/\/api.w.org\/{rel}","templated":true}]}}