{"id":18871,"date":"2021-02-21T14:34:59","date_gmt":"2021-02-21T14:34:59","guid":{"rendered":"https:\/\/www.autonvaraosahaku.fi\/?product=monroe-376055sp-iskunvaimennin"},"modified":"2021-02-21T14:35:01","modified_gmt":"2021-02-21T14:35:01","slug":"monroe-376055sp-iskunvaimennin","status":"publish","type":"product","link":"https:\/\/www.autonvaraosahaku.fi\/?product=monroe-376055sp-iskunvaimennin","title":{"rendered":"MONROE 376055SP Iskunvaimennin"},"content":{"rendered":"<p>Iskunvaimennin tyyppi: Kaasupaine; Iskunvaimennusj\u00e4rjestelm\u00e4: Kaksiputki; Iskunvaimennin asennustapa: Silmukka ylh\u00e4\u00e4ll\u00e4, Silmukka alhaalla; Paino [kg]: 1,900; Reik\u00e4-\u00d8 [mm]: 25,4; suurin pituus [mm]: 514; v\u00e4h. pituus [mm]: 339; Pakkauspituus [cm]: 50,5; Pakkausleveys [cm]: 6,5; Pakkauskorkeus [mm]: 6,5; Tullitariffinumero: 87088035; Tappil\u00e4pimitta [mm]: 12,4; Asennuspuoli: Hinterachse; VW: GOLF IV 1J1,GOLF IV Variant 1J5,BORA 1J2,BORA Kombi 1J6; AUDI: A3 8L1,TT 8N3,TT Roadster 8N9; SEAT: LEON 1M1; 1J0512011AJ, 1J0512011AK, 1J0512011AS, 1J0512011AT, 1J0512011BH, 1J0512011BM, 67080, 67082, 8N0512011AG, 8N0512011AH, 8N0512011B, 8N0512011C, 8N0512011G, 8N0512011H, 8N0512011L, 8N0512011C, 8N0512011H, 1J0512011AJ, 1J0512011AK, 1J0512011AS, 1J0512011AT, 1J0512011BH, 1J0512011BM, 1J0512011BQ, 1J0512011BR, 1J0512011BS, 1J0512011BT, 1J9512011D, 67107, 67108, 67154, 67155, 67161, 67162, 67163, 67164; Iskarit,Iskunvaimennin<\/p>\n","protected":false},"excerpt":{"rendered":"<p>MONROE Iskunvaimentimet OESpectrum Premium 376055SP Iskarit,Iskunvaimennin VW,AUDI,SEAT,GOLF IV 1J1,GOLF IV Variant 1J5,BORA 1J2,BORA Kombi 1J6<\/p>\n","protected":false},"featured_media":0,"template":"","meta":{"site-sidebar-layout":"default","site-content-layout":"default","ast-global-header-display":"","ast-main-header-display":"","ast-hfb-above-header-display":"","ast-hfb-below-header-display":"","ast-hfb-mobile-header-display":"","site-post-title":"","ast-breadcrumbs-content":"","ast-featured-img":"","footer-sml-layout":"","theme-transparent-header-meta":"","adv-header-id-meta":"","stick-header-meta":"","header-above-stick-meta":"","header-main-stick-meta":"","header-below-stick-meta":""},"pwb-brand":[79],"product_cat":[80],"product_tag":[],"class_list":{"0":"post-18871","1":"product","2":"type-product","3":"status-publish","5":"pwb-brand-monroe","6":"product_cat-iskunvaimennin","7":"desktop-align-left","8":"tablet-align-left","9":"mobile-align-left","11":"first","12":"instock","13":"product-type-external"},"brands":[{"id":79,"name":"MONROE","slug":"monroe"}],"_links":{"self":[{"href":"https:\/\/www.autonvaraosahaku.fi\/index.php?rest_route=\/wp\/v2\/product\/18871","targetHints":{"allow":["GET"]}}],"collection":[{"href":"https:\/\/www.autonvaraosahaku.fi\/index.php?rest_route=\/wp\/v2\/product"}],"about":[{"href":"https:\/\/www.autonvaraosahaku.fi\/index.php?rest_route=\/wp\/v2\/types\/product"}],"wp:attachment":[{"href":"https:\/\/www.autonvaraosahaku.fi\/index.php?rest_route=%2Fwp%2Fv2%2Fmedia&parent=18871"}],"wp:term":[{"taxonomy":"pwb-brand","embeddable":true,"href":"https:\/\/www.autonvaraosahaku.fi\/index.php?rest_route=%2Fwp%2Fv2%2Fpwb-brand&post=18871"},{"taxonomy":"product_cat","embeddable":true,"href":"https:\/\/www.autonvaraosahaku.fi\/index.php?rest_route=%2Fwp%2Fv2%2Fproduct_cat&post=18871"},{"taxonomy":"product_tag","embeddable":true,"href":"https:\/\/www.autonvaraosahaku.fi\/index.php?rest_route=%2Fwp%2Fv2%2Fproduct_tag&post=18871"}],"curies":[{"name":"wp","href":"https:\/\/api.w.org\/{rel}","templated":true}]}}