{"id":18877,"date":"2021-02-21T14:34:59","date_gmt":"2021-02-21T14:34:59","guid":{"rendered":"https:\/\/www.autonvaraosahaku.fi\/?product=valvoline-14007-moottorioljy"},"modified":"2021-02-21T14:35:02","modified_gmt":"2021-02-21T14:35:02","slug":"valvoline-14007-moottorioljy","status":"publish","type":"product","link":"https:\/\/www.autonvaraosahaku.fi\/?product=valvoline-14007-moottorioljy","title":{"rendered":"Valvoline 14007 Moottori\u00f6ljy"},"content":{"rendered":"<p>Pakkaustyyppi: Kanisteri; Tilavuus (litra): 4; Viskositeettiluokka SAE: 10W-40; Erittely: API SN, JASO MA, JASO MA-2; Tuotelinja: SynPower; Versio: 4T; \u00d6ljy: Synteettinen \u00f6ljy; API-m\u00e4\u00e4rittely: ilman sis\u00e4\u00e4nrakennettua \u00f6ljyl\u00e4mp\u00f6tilan sensoria<\/p>\n","protected":false},"excerpt":{"rendered":"<p>Valvoline Moottori\u00f6ljy 14007<\/p>\n","protected":false},"featured_media":0,"template":"","meta":{"site-sidebar-layout":"default","site-content-layout":"default","ast-global-header-display":"","ast-main-header-display":"","ast-hfb-above-header-display":"","ast-hfb-below-header-display":"","ast-hfb-mobile-header-display":"","site-post-title":"","ast-breadcrumbs-content":"","ast-featured-img":"","footer-sml-layout":"","theme-transparent-header-meta":"","adv-header-id-meta":"","stick-header-meta":"","header-above-stick-meta":"","header-main-stick-meta":"","header-below-stick-meta":""},"pwb-brand":[366],"product_cat":[129],"product_tag":[],"class_list":{"0":"post-18877","1":"product","2":"type-product","3":"status-publish","5":"pwb-brand-valvoline","6":"product_cat-moottorioljy","7":"desktop-align-left","8":"tablet-align-left","9":"mobile-align-left","11":"first","12":"instock","13":"product-type-external"},"brands":[{"id":366,"name":"Valvoline","slug":"valvoline"}],"_links":{"self":[{"href":"https:\/\/www.autonvaraosahaku.fi\/index.php?rest_route=\/wp\/v2\/product\/18877","targetHints":{"allow":["GET"]}}],"collection":[{"href":"https:\/\/www.autonvaraosahaku.fi\/index.php?rest_route=\/wp\/v2\/product"}],"about":[{"href":"https:\/\/www.autonvaraosahaku.fi\/index.php?rest_route=\/wp\/v2\/types\/product"}],"wp:attachment":[{"href":"https:\/\/www.autonvaraosahaku.fi\/index.php?rest_route=%2Fwp%2Fv2%2Fmedia&parent=18877"}],"wp:term":[{"taxonomy":"pwb-brand","embeddable":true,"href":"https:\/\/www.autonvaraosahaku.fi\/index.php?rest_route=%2Fwp%2Fv2%2Fpwb-brand&post=18877"},{"taxonomy":"product_cat","embeddable":true,"href":"https:\/\/www.autonvaraosahaku.fi\/index.php?rest_route=%2Fwp%2Fv2%2Fproduct_cat&post=18877"},{"taxonomy":"product_tag","embeddable":true,"href":"https:\/\/www.autonvaraosahaku.fi\/index.php?rest_route=%2Fwp%2Fv2%2Fproduct_tag&post=18877"}],"curies":[{"name":"wp","href":"https:\/\/api.w.org\/{rel}","templated":true}]}}