{"id":18912,"date":"2021-02-21T14:35:07","date_gmt":"2021-02-21T14:35:07","guid":{"rendered":"https:\/\/www.autonvaraosahaku.fi\/?product=ridex-1761s0003-lasinnostimen-kytkin"},"modified":"2021-02-21T14:35:09","modified_gmt":"2021-02-21T14:35:09","slug":"ridex-1761s0003-lasinnostimen-kytkin","status":"publish","type":"product","link":"https:\/\/www.autonvaraosahaku.fi\/?product=ridex-1761s0003-lasinnostimen-kytkin","title":{"rendered":"RIDEX 1761S0003 Lasinnostimen kytkin"},"content":{"rendered":"<p>K\u00e4ytt\u00f6: S\u00e4hk\u00f6inen; V\u00e4ri: Musta; Asennuspuoli: Eteen, oikea, Taakse, vasen, Taakse, oikea, beifahrerseitig; AUDI: A6 Avant 4F5, C6,A3 Sportback 8PA,A6 4F2, C6,Q7 4L; 4F0959855, 4F09598555PR, 4F0959855A, 4F0959855A5PR; Kytkin, Lasinnostin<\/p>\n","protected":false},"excerpt":{"rendered":"<p>RIDEX Lasinnostimen Kytkin 1761S0003 Kytkin, Lasinnostin AUDI,A6 Avant 4F5, C6,A3 Sportback 8PA,A6 4F2, C6,Q7 4L<\/p>\n","protected":false},"featured_media":0,"template":"","meta":{"site-sidebar-layout":"default","site-content-layout":"default","ast-global-header-display":"","ast-main-header-display":"","ast-hfb-above-header-display":"","ast-hfb-below-header-display":"","ast-hfb-mobile-header-display":"","site-post-title":"","ast-breadcrumbs-content":"","ast-featured-img":"","footer-sml-layout":"","theme-transparent-header-meta":"","adv-header-id-meta":"","stick-header-meta":"","header-above-stick-meta":"","header-main-stick-meta":"","header-below-stick-meta":""},"pwb-brand":[157],"product_cat":[135],"product_tag":[],"class_list":{"0":"post-18912","1":"product","2":"type-product","3":"status-publish","5":"pwb-brand-ridex","6":"product_cat-lasinnostimen-kytkin","7":"desktop-align-left","8":"tablet-align-left","9":"mobile-align-left","11":"first","12":"instock","13":"product-type-external"},"brands":[{"id":157,"name":"RIDEX","slug":"ridex"}],"_links":{"self":[{"href":"https:\/\/www.autonvaraosahaku.fi\/index.php?rest_route=\/wp\/v2\/product\/18912","targetHints":{"allow":["GET"]}}],"collection":[{"href":"https:\/\/www.autonvaraosahaku.fi\/index.php?rest_route=\/wp\/v2\/product"}],"about":[{"href":"https:\/\/www.autonvaraosahaku.fi\/index.php?rest_route=\/wp\/v2\/types\/product"}],"wp:attachment":[{"href":"https:\/\/www.autonvaraosahaku.fi\/index.php?rest_route=%2Fwp%2Fv2%2Fmedia&parent=18912"}],"wp:term":[{"taxonomy":"pwb-brand","embeddable":true,"href":"https:\/\/www.autonvaraosahaku.fi\/index.php?rest_route=%2Fwp%2Fv2%2Fpwb-brand&post=18912"},{"taxonomy":"product_cat","embeddable":true,"href":"https:\/\/www.autonvaraosahaku.fi\/index.php?rest_route=%2Fwp%2Fv2%2Fproduct_cat&post=18912"},{"taxonomy":"product_tag","embeddable":true,"href":"https:\/\/www.autonvaraosahaku.fi\/index.php?rest_route=%2Fwp%2Fv2%2Fproduct_tag&post=18912"}],"curies":[{"name":"wp","href":"https:\/\/api.w.org\/{rel}","templated":true}]}}