{"id":18933,"date":"2021-02-21T14:35:11","date_gmt":"2021-02-21T14:35:11","guid":{"rendered":"https:\/\/www.autonvaraosahaku.fi\/?product=as-pl-s3007-starttimoottori"},"modified":"2021-02-21T14:35:13","modified_gmt":"2021-02-21T14:35:13","slug":"as-pl-s3007-starttimoottori","status":"publish","type":"product","link":"https:\/\/www.autonvaraosahaku.fi\/?product=as-pl-s3007-starttimoottori","title":{"rendered":"AS-PL S3007 Starttimoottori"},"content":{"rendered":"<p>K\u00e4ynnistinmoottori teho (kW): 0,85; Kiinnitysreikien lukum\u00e4\u00e4r\u00e4: 2; J\u00e4nnite (V): 12; Pituus 2 (mm): -1,00; kierrereiki\u00e4 [kpl]: 1; Pituus 1 (mm): 63,50; Py\u00f6rimissuunta: Py\u00f6rimissuunta my\u00f6t\u00e4p\u00e4iv\u00e4\u00e4n; Hammasluku: 9; Valmistusvuosi alkaen: 04\/1996; NISSAN: KUBISTAR Kasten X80; DACIA: SANDERO,SANDERO II,LOGAN MCV II,LOGAN LS_,LOGAN II; PEUGEOT: 206 Schr\u00e4gheck 2A\/C; RENAULT: TWINGO I C06_,CLIO II BB0\/1\/2_, CB0\/1\/2_,CLIO III BR0\/1, CR0\/1,KANGOO KC0\/1_,TWINGO II CN0_,MODUS \/ GRAND MODUS F\/JP0_,CLIO IV,KANGOO Express FC0\/1_,CLIO Grandtour KR0\/1_,CLIO I B\/C57_, 5\/357_,TWINGO I Kasten S06_,CLIO Grandtour IV,CLIO II Kasten SB0\/1\/2_,WIND E4M_,THALIA I LB0\/1\/2_,CLIO III Kasten SB_, SR_,THALIA II LU1\/2_,CLIO IV Kasten,SANDERO\/STEPWAY II,LOGAN II Kombi,LOGAN II,THALIA III; 2330000QAM, 5802X6, 7700864608, 7700865213, 7700867838, 7701499651, 82000369521E, 8200369521, 8200369521F, 8111840; Startti,K\u00e4ynnistinmoottori<\/p>\n","protected":false},"excerpt":{"rendered":"<p>AS-PL Starttimoottori Brand new AS-PL Alternator brush set S3007 Startti,K\u00e4ynnistinmoottori NISSAN,DACIA,PEUGEOT,KUBISTAR Kasten X80,SANDERO<\/p>\n","protected":false},"featured_media":0,"template":"","meta":{"site-sidebar-layout":"default","site-content-layout":"default","ast-global-header-display":"","ast-main-header-display":"","ast-hfb-above-header-display":"","ast-hfb-below-header-display":"","ast-hfb-mobile-header-display":"","site-post-title":"","ast-breadcrumbs-content":"","ast-featured-img":"","footer-sml-layout":"","theme-transparent-header-meta":"","adv-header-id-meta":"","stick-header-meta":"","header-above-stick-meta":"","header-main-stick-meta":"","header-below-stick-meta":""},"pwb-brand":[347],"product_cat":[295],"product_tag":[],"class_list":{"0":"post-18933","1":"product","2":"type-product","3":"status-publish","5":"pwb-brand-as-pl","6":"product_cat-starttimoottori","7":"desktop-align-left","8":"tablet-align-left","9":"mobile-align-left","11":"first","12":"instock","13":"product-type-external"},"brands":[{"id":347,"name":"AS-PL","slug":"as-pl"}],"_links":{"self":[{"href":"https:\/\/www.autonvaraosahaku.fi\/index.php?rest_route=\/wp\/v2\/product\/18933","targetHints":{"allow":["GET"]}}],"collection":[{"href":"https:\/\/www.autonvaraosahaku.fi\/index.php?rest_route=\/wp\/v2\/product"}],"about":[{"href":"https:\/\/www.autonvaraosahaku.fi\/index.php?rest_route=\/wp\/v2\/types\/product"}],"wp:attachment":[{"href":"https:\/\/www.autonvaraosahaku.fi\/index.php?rest_route=%2Fwp%2Fv2%2Fmedia&parent=18933"}],"wp:term":[{"taxonomy":"pwb-brand","embeddable":true,"href":"https:\/\/www.autonvaraosahaku.fi\/index.php?rest_route=%2Fwp%2Fv2%2Fpwb-brand&post=18933"},{"taxonomy":"product_cat","embeddable":true,"href":"https:\/\/www.autonvaraosahaku.fi\/index.php?rest_route=%2Fwp%2Fv2%2Fproduct_cat&post=18933"},{"taxonomy":"product_tag","embeddable":true,"href":"https:\/\/www.autonvaraosahaku.fi\/index.php?rest_route=%2Fwp%2Fv2%2Fproduct_tag&post=18933"}],"curies":[{"name":"wp","href":"https:\/\/api.w.org\/{rel}","templated":true}]}}