{"id":18945,"date":"2021-02-21T14:35:15","date_gmt":"2021-02-21T14:35:15","guid":{"rendered":"https:\/\/www.autonvaraosahaku.fi\/?product=alanko-11439515-starttimoottori"},"modified":"2021-02-21T14:35:16","modified_gmt":"2021-02-21T14:35:16","slug":"alanko-11439515-starttimoottori","status":"publish","type":"product","link":"https:\/\/www.autonvaraosahaku.fi\/?product=alanko-11439515-starttimoottori","title":{"rendered":"ALANKO 11439515 Starttimoottori"},"content":{"rendered":"<p>J\u00e4nnite (V): 12; K\u00e4ynnistinmoottori teho (kW): 1,4; Hammasluku: 11; Kiinnitysreikien lukum\u00e4\u00e4r\u00e4: 4; kierrereiki\u00e4 [kpl]: 2; Laippa \u00d8(mm): 66; Pistokemallin tunnus: 30\/50(M5); Py\u00f6rimissuunta: Py\u00f6rimissuunta my\u00f6t\u00e4p\u00e4iv\u00e4\u00e4n; M\u00e4\u00e4r\u00e4yksikk\u00f6: Kappale; Vaihto-osa: ; Varusteet: f\u00fcr Fahrzeuge ohne Start-Stopp-Funktion; SUZUKI: LIANA Schr\u00e4gheck,LIANA ER; MINI: MINI R56; TOYOTA: AYGO WNB1_, KGB1_; FIAT: SCUDO 270_,SCUDO Kasten 270_,SCUDO Pritsche\/Fahrgestell 270_; CITRO\u00cbN: C1 PM_, PN_,BERLINGO MF,XSARA PICASSO N68,C2 JM_,C3 I FC_,BERLINGO B9,C5 III Break TD_,C4 Picasso I UD_,C4 I LC_,DS3,BERLINGO Kasten M_,C5 II Break RE_,C3 Picasso,C5 III RD_,C3 II,XSARA N1,C4 Coupe LA_,C3 Pluriel HB_,C4 II B7,C5 II RC_,XSARA Break N2,JUMPY,BERLINGO Kasten B9,JUMPY Kasten,C4 Grand Picasso II,C4 Picasso II,DS4,XSARA Coupe N0,NEMO Kasten AA_,DS5,C4 Stufenheck L,NEMO Kombi,DS3 Cabriolet,C2 ENTERPRISE,C-ELYSEE,C4 CACTUS; PEUGEOT: 206 Schr\u00e4gheck 2A\/C,207 WA_, WC_,307 SW 3H,207 CC WD_,407 SW 6E_,307 3A\/C,207 SW WK_,107,308 SW,206 SW 2E\/K,208,206+ T3E,308 4A_, 4C_,5008,307 Break 3E,508 SW,407 6D_,3008,PARTNER Tepee,308 CC,1007 KM_,PARTNER Combispace 5F,2008,PARTNER Kasten 5,508,407 Coupe 6C_,EXPERT Tepee VF3V_,EXPERT Kasten VF3A_, VF3U_, VF3X_,PARTNER Kasten,206 Stufenheck,BIPPER AA_,308 II,BIPPER Tepee,206 Van,301,308 SW II,207 Van,EXPERT Pritsche\/Fahrgestell; 12417803514, 5802AA, 5802EG, 5802FG, 5802FP, 5802Z8, 5802Z9, 5802ZB, 9640825280, 9646679980, 9662854080, 9664016980, 9688268480, 9688268580, 968826858000, 9637813680, M000T22471, M000T22472, M000T22473, M000T93581, M000T93582, M0T22471, M0T22472, M0T22473, M0T93581, M0T93582, 5802AZ, 5802FG, 5802FP, 5802Y4, 5802Y5, 9640825280, 9645100680, 9646679980, 9664016980, 9688268580, 28100YV010, 28100YV011, 28100YV020, 02T911023Q; Startti,K\u00e4ynnistinmoottori<\/p>\n","protected":false},"excerpt":{"rendered":"<p>ALANKO Starttimoottori 11439515 Startti,K\u00e4ynnistinmoottori SUZUKI,MINI,TOYOTA,LIANA Schr\u00e4gheck,LIANA ER,MINI R56,AYGO WNB1_, KGB1_,SCUDO 270_<\/p>\n","protected":false},"featured_media":0,"template":"","meta":{"site-sidebar-layout":"default","site-content-layout":"default","ast-global-header-display":"","ast-main-header-display":"","ast-hfb-above-header-display":"","ast-hfb-below-header-display":"","ast-hfb-mobile-header-display":"","site-post-title":"","ast-breadcrumbs-content":"","ast-featured-img":"","footer-sml-layout":"","theme-transparent-header-meta":"","adv-header-id-meta":"","stick-header-meta":"","header-above-stick-meta":"","header-main-stick-meta":"","header-below-stick-meta":""},"pwb-brand":[324],"product_cat":[295],"product_tag":[],"class_list":{"0":"post-18945","1":"product","2":"type-product","3":"status-publish","5":"pwb-brand-alanko","6":"product_cat-starttimoottori","7":"desktop-align-left","8":"tablet-align-left","9":"mobile-align-left","11":"first","12":"instock","13":"product-type-external"},"brands":[{"id":324,"name":"ALANKO","slug":"alanko"}],"_links":{"self":[{"href":"https:\/\/www.autonvaraosahaku.fi\/index.php?rest_route=\/wp\/v2\/product\/18945","targetHints":{"allow":["GET"]}}],"collection":[{"href":"https:\/\/www.autonvaraosahaku.fi\/index.php?rest_route=\/wp\/v2\/product"}],"about":[{"href":"https:\/\/www.autonvaraosahaku.fi\/index.php?rest_route=\/wp\/v2\/types\/product"}],"wp:attachment":[{"href":"https:\/\/www.autonvaraosahaku.fi\/index.php?rest_route=%2Fwp%2Fv2%2Fmedia&parent=18945"}],"wp:term":[{"taxonomy":"pwb-brand","embeddable":true,"href":"https:\/\/www.autonvaraosahaku.fi\/index.php?rest_route=%2Fwp%2Fv2%2Fpwb-brand&post=18945"},{"taxonomy":"product_cat","embeddable":true,"href":"https:\/\/www.autonvaraosahaku.fi\/index.php?rest_route=%2Fwp%2Fv2%2Fproduct_cat&post=18945"},{"taxonomy":"product_tag","embeddable":true,"href":"https:\/\/www.autonvaraosahaku.fi\/index.php?rest_route=%2Fwp%2Fv2%2Fproduct_tag&post=18945"}],"curies":[{"name":"wp","href":"https:\/\/api.w.org\/{rel}","templated":true}]}}