{"id":18952,"date":"2021-02-21T14:35:15","date_gmt":"2021-02-21T14:35:15","guid":{"rendered":"https:\/\/www.autonvaraosahaku.fi\/?product=maxgear-26-1143-polttoainesuodatin"},"modified":"2021-02-21T14:35:17","modified_gmt":"2021-02-21T14:35:17","slug":"maxgear-26-1143-polttoainesuodatin","status":"publish","type":"product","link":"https:\/\/www.autonvaraosahaku.fi\/?product=maxgear-26-1143-polttoainesuodatin","title":{"rendered":"MAXGEAR 26-1143 Polttoainesuodatin"},"content":{"rendered":"<p>Ulkol\u00e4pimitta [mm]: 66; Sis\u00e4l\u00e4pimitta 1 [mm]: 9; Ulkol\u00e4pimitta 1 [mm]: 93; Korkeus (mm): 116; Suodatintyyppi: mit Filterheizung; JEEP: RENEGADE Gel\u00e4ndewagen geschlossen BU; OPEL: COMBO Kasten\/Kombi X12,COMBO Tour X12; LANCIA: YPSILON 312, 846; FIAT: DUCATO Kasten 250,DUCATO Pritsche\/Fahrgestell 250,DUCATO Bus 250,DOBLO Kasten\/Kombi 263,PANDA 312,500L,DOBLO Gro\u00dfraumlimousine 152, 263,DOBLO Pritsche\/Fahrgestell 263,500X,TIPO Schr\u00e4gheck 356_,PANDA VAN 312,TIPO Kombi 356_,TIPO Stufenheck 356_; CITRO\u00cbN: NEMO Kasten AA_; ALFA ROMEO: GIULIETTA 940,MITO 955; MASERATI: GHIBLI III M157,QUATTROPORTE VI,LEVANTE Gel\u00e4ndewagen geschlossen; VAUXHALL: COMBO Mk III D Kasten\/Kombi; 77366216, 77366330, 77366607, 77366642, 673001463, 818021, 818025, 9551499, 95516002<\/p>\n","protected":false},"excerpt":{"rendered":"<p>MAXGEAR Polttoainesuodatin 26-1143  JEEP,OPEL,LANCIA,RENEGADE Gel\u00e4ndewagen geschlossen BU,COMBO Kasten\/Kombi X12,COMBO Tour X12,YPSILON 312, 846<\/p>\n","protected":false},"featured_media":0,"template":"","meta":{"site-sidebar-layout":"default","site-content-layout":"default","ast-global-header-display":"","ast-main-header-display":"","ast-hfb-above-header-display":"","ast-hfb-below-header-display":"","ast-hfb-mobile-header-display":"","site-post-title":"","ast-breadcrumbs-content":"","ast-featured-img":"","footer-sml-layout":"","theme-transparent-header-meta":"","adv-header-id-meta":"","stick-header-meta":"","header-above-stick-meta":"","header-main-stick-meta":"","header-below-stick-meta":""},"pwb-brand":[48],"product_cat":[29],"product_tag":[],"class_list":{"0":"post-18952","1":"product","2":"type-product","3":"status-publish","5":"pwb-brand-maxgear","6":"product_cat-polttoainesuodatin","7":"desktop-align-left","8":"tablet-align-left","9":"mobile-align-left","11":"first","12":"instock","13":"product-type-external"},"brands":[{"id":48,"name":"MAXGEAR","slug":"maxgear"}],"_links":{"self":[{"href":"https:\/\/www.autonvaraosahaku.fi\/index.php?rest_route=\/wp\/v2\/product\/18952","targetHints":{"allow":["GET"]}}],"collection":[{"href":"https:\/\/www.autonvaraosahaku.fi\/index.php?rest_route=\/wp\/v2\/product"}],"about":[{"href":"https:\/\/www.autonvaraosahaku.fi\/index.php?rest_route=\/wp\/v2\/types\/product"}],"wp:attachment":[{"href":"https:\/\/www.autonvaraosahaku.fi\/index.php?rest_route=%2Fwp%2Fv2%2Fmedia&parent=18952"}],"wp:term":[{"taxonomy":"pwb-brand","embeddable":true,"href":"https:\/\/www.autonvaraosahaku.fi\/index.php?rest_route=%2Fwp%2Fv2%2Fpwb-brand&post=18952"},{"taxonomy":"product_cat","embeddable":true,"href":"https:\/\/www.autonvaraosahaku.fi\/index.php?rest_route=%2Fwp%2Fv2%2Fproduct_cat&post=18952"},{"taxonomy":"product_tag","embeddable":true,"href":"https:\/\/www.autonvaraosahaku.fi\/index.php?rest_route=%2Fwp%2Fv2%2Fproduct_tag&post=18952"}],"curies":[{"name":"wp","href":"https:\/\/api.w.org\/{rel}","templated":true}]}}