{"id":18958,"date":"2021-02-21T14:35:15","date_gmt":"2021-02-21T14:35:15","guid":{"rendered":"https:\/\/www.autonvaraosahaku.fi\/?product=rts-92-02803-raidetangon-sisapaa"},"modified":"2021-02-21T14:35:18","modified_gmt":"2021-02-21T14:35:18","slug":"rts-92-02803-raidetangon-sisapaa","status":"publish","type":"product","link":"https:\/\/www.autonvaraosahaku.fi\/?product=rts-92-02803-raidetangon-sisapaa","title":{"rendered":"RTS 92-02803 Raidetangon sis\u00e4p\u00e4\u00e4"},"content":{"rendered":"<p>Asennuspuoli: etuakseli molemminpuoleinen; Ulkokierre 1 [mm]: M14x1,5; Ulkokierre 2 [mm]: M14x1,5; Pituus (mm): 298; Paino [kg]: 0,548; JEEP: COMPASS MK49,PATRIOT MK74; CHRYSLER: VOYAGER IV RG, RS; DODGE: CALIBER,CARAVAN RG_; 4743142AD, 4766250AF, 68019643AA, 68019643AB, 5154515AC, 5154516AC, 68040224AA, 68040224AB, 5154515AC, 68040224AB; Raidetangon P\u00e4\u00e4 Sisempi,Raidetangon P\u00e4\u00e4, Suora<\/p>\n","protected":false},"excerpt":{"rendered":"<p>RTS Raidetangon Sis\u00e4p\u00e4\u00e4 92-02803 Raidetangon P\u00e4\u00e4 Sisempi,Raidetangon P\u00e4\u00e4, Suora JEEP,CHRYSLER,DODGE,COMPASS MK49,PATRIOT MK74,VOYAGER IV RG, RS<\/p>\n","protected":false},"featured_media":0,"template":"","meta":{"site-sidebar-layout":"default","site-content-layout":"default","ast-global-header-display":"","ast-main-header-display":"","ast-hfb-above-header-display":"","ast-hfb-below-header-display":"","ast-hfb-mobile-header-display":"","site-post-title":"","ast-breadcrumbs-content":"","ast-featured-img":"","footer-sml-layout":"","theme-transparent-header-meta":"","adv-header-id-meta":"","stick-header-meta":"","header-above-stick-meta":"","header-main-stick-meta":"","header-below-stick-meta":""},"pwb-brand":[340],"product_cat":[208],"product_tag":[],"class_list":{"0":"post-18958","1":"product","2":"type-product","3":"status-publish","5":"pwb-brand-rts","6":"product_cat-raidetangon-sisapaa","7":"desktop-align-left","8":"tablet-align-left","9":"mobile-align-left","11":"first","12":"instock","13":"product-type-external"},"brands":[{"id":340,"name":"RTS","slug":"rts"}],"_links":{"self":[{"href":"https:\/\/www.autonvaraosahaku.fi\/index.php?rest_route=\/wp\/v2\/product\/18958","targetHints":{"allow":["GET"]}}],"collection":[{"href":"https:\/\/www.autonvaraosahaku.fi\/index.php?rest_route=\/wp\/v2\/product"}],"about":[{"href":"https:\/\/www.autonvaraosahaku.fi\/index.php?rest_route=\/wp\/v2\/types\/product"}],"wp:attachment":[{"href":"https:\/\/www.autonvaraosahaku.fi\/index.php?rest_route=%2Fwp%2Fv2%2Fmedia&parent=18958"}],"wp:term":[{"taxonomy":"pwb-brand","embeddable":true,"href":"https:\/\/www.autonvaraosahaku.fi\/index.php?rest_route=%2Fwp%2Fv2%2Fpwb-brand&post=18958"},{"taxonomy":"product_cat","embeddable":true,"href":"https:\/\/www.autonvaraosahaku.fi\/index.php?rest_route=%2Fwp%2Fv2%2Fproduct_cat&post=18958"},{"taxonomy":"product_tag","embeddable":true,"href":"https:\/\/www.autonvaraosahaku.fi\/index.php?rest_route=%2Fwp%2Fv2%2Fproduct_tag&post=18958"}],"curies":[{"name":"wp","href":"https:\/\/api.w.org\/{rel}","templated":true}]}}