{"id":18976,"date":"2021-02-21T14:35:19","date_gmt":"2021-02-21T14:35:19","guid":{"rendered":"https:\/\/www.autonvaraosahaku.fi\/?product=topran-111-954-tiivisteet"},"modified":"2021-02-21T14:35:22","modified_gmt":"2021-02-21T14:35:22","slug":"topran-111-954-tiivisteet","status":"publish","type":"product","link":"https:\/\/www.autonvaraosahaku.fi\/?product=topran-111-954-tiivisteet","title":{"rendered":"TOPRAN 111 954 Tiivisteet"},"content":{"rendered":"<p>Asennuspuoli: Sylinterikansi; Tiivistetyyppi: Ter\u00e4stiiviste; Moottorinumero: AXX; VW: GOLF V 1K1,TOURAN 1T1, 1T2,PASSAT Variant 3C5,GOLF PLUS 5M1, 521,PASSAT 3C2,GOLF V Variant 1K5,EOS 1F7, 1F8,JETTA III 1K2; AUDI: A6 Avant 4F5, C6,A3 8P1,A3 Sportback 8PA,A4 Avant 8ED, B7,A4 Avant 8E5, B6,A4 8E2, B6,A6 4F2, C6,A4 8EC, B7; SKODA: OCTAVIA Combi 1Z5,OCTAVIA 1Z3; SEAT: LEON 1P1,ALTEA 5P1,ALTEA XL 5P5, 5P8,TOLEDO III 5P2; 06D103121B, 06D103121B, 06D103121B, 06D103121B; Tiivistesarja Jakop\u00e4\u00e4nkotelo<\/p>\n","protected":false},"excerpt":{"rendered":"<p>TOPRAN Tiiviste Jakop\u00e4\u00e4nkotelo 111 954 Tiivistesarja Jakop\u00e4\u00e4nkotelo VW,AUDI,SKODA,GOLF V 1K1,TOURAN 1T1, 1T2,PASSAT Variant 3C5,GOLF PLUS 5M1, 521<\/p>\n","protected":false},"featured_media":0,"template":"","meta":{"site-sidebar-layout":"default","site-content-layout":"default","ast-global-header-display":"","ast-main-header-display":"","ast-hfb-above-header-display":"","ast-hfb-below-header-display":"","ast-hfb-mobile-header-display":"","site-post-title":"","ast-breadcrumbs-content":"","ast-featured-img":"","footer-sml-layout":"","theme-transparent-header-meta":"","adv-header-id-meta":"","stick-header-meta":"","header-above-stick-meta":"","header-main-stick-meta":"","header-below-stick-meta":""},"pwb-brand":[18],"product_cat":[27],"product_tag":[],"class_list":{"0":"post-18976","1":"product","2":"type-product","3":"status-publish","5":"pwb-brand-topran","6":"product_cat-tiivisteet","7":"desktop-align-left","8":"tablet-align-left","9":"mobile-align-left","11":"first","12":"instock","13":"product-type-external"},"brands":[{"id":18,"name":"TOPRAN","slug":"topran"}],"_links":{"self":[{"href":"https:\/\/www.autonvaraosahaku.fi\/index.php?rest_route=\/wp\/v2\/product\/18976","targetHints":{"allow":["GET"]}}],"collection":[{"href":"https:\/\/www.autonvaraosahaku.fi\/index.php?rest_route=\/wp\/v2\/product"}],"about":[{"href":"https:\/\/www.autonvaraosahaku.fi\/index.php?rest_route=\/wp\/v2\/types\/product"}],"wp:attachment":[{"href":"https:\/\/www.autonvaraosahaku.fi\/index.php?rest_route=%2Fwp%2Fv2%2Fmedia&parent=18976"}],"wp:term":[{"taxonomy":"pwb-brand","embeddable":true,"href":"https:\/\/www.autonvaraosahaku.fi\/index.php?rest_route=%2Fwp%2Fv2%2Fpwb-brand&post=18976"},{"taxonomy":"product_cat","embeddable":true,"href":"https:\/\/www.autonvaraosahaku.fi\/index.php?rest_route=%2Fwp%2Fv2%2Fproduct_cat&post=18976"},{"taxonomy":"product_tag","embeddable":true,"href":"https:\/\/www.autonvaraosahaku.fi\/index.php?rest_route=%2Fwp%2Fv2%2Fproduct_tag&post=18976"}],"curies":[{"name":"wp","href":"https:\/\/api.w.org\/{rel}","templated":true}]}}