{"id":18985,"date":"2021-02-21T14:35:23","date_gmt":"2021-02-21T14:35:23","guid":{"rendered":"https:\/\/www.autonvaraosahaku.fi\/?product=calorstat-by-vernet-rc0151-paisuntasailion-korkki"},"modified":"2021-02-21T14:35:24","modified_gmt":"2021-02-21T14:35:24","slug":"calorstat-by-vernet-rc0151-paisuntasailion-korkki","status":"publish","type":"product","link":"https:\/\/www.autonvaraosahaku.fi\/?product=calorstat-by-vernet-rc0151-paisuntasailion-korkki","title":{"rendered":"CALORSTAT by Vernet RC0151 Paisuntas\u00e4ili\u00f6n korkki"},"content":{"rendered":"<p>Paine (bar): 1,2; Valmistusvuoteen: 06\/2013; JEEP: GRAND CHEROKEE III WH, WK,GRAND CHEROKEE II WJ, WG,COMPASS MK49,GRAND CHEROKEE IV WK, WK2,WRANGLER III JK,CHEROKEE KJ,COMMANDER XK,PATRIOT MK74,CHEROKEE KK; CHRYSLER: PT CRUISER PT_,VOYAGER IV RG, RS,300 C Touring LX,VOYAGER III GS,GRAND VOYAGER V RT,300 C LX,SEBRING Cabriolet JR,300 M LR,PT CRUISER Cabriolet,SEBRING JR,SEBRING JS,SEBRING Cabriolet JS,300 C; LANCIA: VOYAGER Gro\u00dfraumlimousine RT,THEMA LX; FIAT: FREEMONT JF_; DODGE: CALIBER,NITRO,JOURNEY; 04592098, 04596198, 05086226AA, 05134164AA, 05191233AA, 05278697AA, 4596198, 5191233AA, 5278697AA, 55116897AA, K05134164AA, 04592098, 04596198, 05086226AA, 05134164AA, 05191233AA, 05278697AA, 4596198, 55116897AA, 04592098, 04596198, 05086226AA, 05134164AA, 05191233AA, 05278697AA, 4596198, 5191233AA, 5278697AA, 55116897AA; Korkki, Paisuntas\u00e4ili\u00f6<\/p>\n","protected":false},"excerpt":{"rendered":"<p>CALORSTAT by Vernet Paisuntas\u00e4ili\u00f6n Korkki RC0151 Korkki, Paisuntas\u00e4ili\u00f6 JEEP,CHRYSLER,LANCIA,GRAND CHEROKEE III WH, WK,GRAND CHEROKEE II WJ, WG<\/p>\n","protected":false},"featured_media":0,"template":"","meta":{"site-sidebar-layout":"default","site-content-layout":"default","ast-global-header-display":"","ast-main-header-display":"","ast-hfb-above-header-display":"","ast-hfb-below-header-display":"","ast-hfb-mobile-header-display":"","site-post-title":"","ast-breadcrumbs-content":"","ast-featured-img":"","footer-sml-layout":"","theme-transparent-header-meta":"","adv-header-id-meta":"","stick-header-meta":"","header-above-stick-meta":"","header-main-stick-meta":"","header-below-stick-meta":""},"pwb-brand":[343],"product_cat":[99],"product_tag":[],"class_list":{"0":"post-18985","1":"product","2":"type-product","3":"status-publish","5":"pwb-brand-calorstat-by-vernet","6":"product_cat-paisuntasailion-korkki","7":"desktop-align-left","8":"tablet-align-left","9":"mobile-align-left","11":"first","12":"instock","13":"product-type-external"},"brands":[{"id":343,"name":"CALORSTAT by Vernet","slug":"calorstat-by-vernet"}],"_links":{"self":[{"href":"https:\/\/www.autonvaraosahaku.fi\/index.php?rest_route=\/wp\/v2\/product\/18985","targetHints":{"allow":["GET"]}}],"collection":[{"href":"https:\/\/www.autonvaraosahaku.fi\/index.php?rest_route=\/wp\/v2\/product"}],"about":[{"href":"https:\/\/www.autonvaraosahaku.fi\/index.php?rest_route=\/wp\/v2\/types\/product"}],"wp:attachment":[{"href":"https:\/\/www.autonvaraosahaku.fi\/index.php?rest_route=%2Fwp%2Fv2%2Fmedia&parent=18985"}],"wp:term":[{"taxonomy":"pwb-brand","embeddable":true,"href":"https:\/\/www.autonvaraosahaku.fi\/index.php?rest_route=%2Fwp%2Fv2%2Fpwb-brand&post=18985"},{"taxonomy":"product_cat","embeddable":true,"href":"https:\/\/www.autonvaraosahaku.fi\/index.php?rest_route=%2Fwp%2Fv2%2Fproduct_cat&post=18985"},{"taxonomy":"product_tag","embeddable":true,"href":"https:\/\/www.autonvaraosahaku.fi\/index.php?rest_route=%2Fwp%2Fv2%2Fproduct_tag&post=18985"}],"curies":[{"name":"wp","href":"https:\/\/api.w.org\/{rel}","templated":true}]}}