{"id":18995,"date":"2021-02-21T14:35:23","date_gmt":"2021-02-21T14:35:23","guid":{"rendered":"https:\/\/www.autonvaraosahaku.fi\/?product=ridex-854s1568-iskunvaimennin"},"modified":"2021-02-21T14:35:25","modified_gmt":"2021-02-21T14:35:25","slug":"ridex-854s1568-iskunvaimennin","status":"publish","type":"product","link":"https:\/\/www.autonvaraosahaku.fi\/?product=ridex-854s1568-iskunvaimennin","title":{"rendered":"RIDEX 854S1568 Iskunvaimennin"},"content":{"rendered":"<p>Lukum\u00e4\u00e4r\u00e4 akselille: 1; Asennuspuoli: Etuakseli, Vorderachse; Iskunvaimennin tyyppi: Kaasupaine; Iskunvaimennin malli: Vaimennin, jousituella; Iskunvaimennusj\u00e4rjestelm\u00e4: Kaksiputki; Iskunvaimennin asennustapa: Tappi ylh\u00e4\u00e4ll\u00e4; Pituus 1 (mm): 599; Pituus 2 (mm): 458; Lis\u00e4tarvike\/lis\u00e4tieto: Ilman tarvikkeita; Paino [kg]: 4,59; L\u00e4pimitta [mm]: 49; M\u00e4nn\u00e4nvarren l\u00e4pimitta [mm]: 14; VW: PASSAT Variant 3B6,PASSAT Variant 3B5,PASSAT 3B2,PASSAT 3B3; AUDI: A4 8D2, B5,A4 Avant 8E5, B6,A6 Avant 4B5, C5,A4 Avant 8D5, B5,A4 8E2, B6,A6 4B2, C5,TT Roadster 8N9; SKODA: SUPERB 3U4; 3B0413031, 3B0413031A, 3B0413031AC, 3B0413031H, 3B0413031J, 3B0413031P, 3B0413031Q, 3B0413031R, 4B0412031BC, 4B0412031BD, 4B0412031CD, 4B0412031CE, 4B0412031M, 4B0412031N, 4B0412031P, 4B3413031E, 4B3413031M, 8D0413031AT, 8D0413031BB, 8D0413031BC, 8D0413031BJ, 8D0413031BK, 8D0413031BP, 8D0413031BQ, 8D0413031BS, 8D0413031G, 8D0413031J, 8D0413031M, 8D0413031N, 3B0413031AC, 3B0413031H, 3B0413031J, 8D0413031AT, 8D0413031BB, 8D0413031BC, 8D0413031BJ, 3B0413031AC, 3B0413031H, 3B0413031J, 3B0413031P, 3B0413031Q, 3B0413031R, 4B0412031CD, 4B0412031CE, 8D0413031AT, 8D0413031BB, 8D0413031BC, 8D0413031BJ, 8D0413031BS, 3B0413031, 3B0413031A, 3B0413031AB, 3B0413031AC, 3B0413031AD, 3B0413031H, 3B0413031J, 3B0413031P, 3B0413031Q, 3B0413031R, 3B0413031S, 4B0412031BC, 4B0412031BD, 4B0412031CD, 4B0412031CE, 4B0412031M, 4B0412031N, 4B3413031E, 4B3413031M, 8D0413031AT, 8D0413031BB, 8D0413031BC, 8D0413031BJ, 8D0413031BK, 8D0413031BP, 8D0413031BQ, 8D0413031BS, 8D0413031G, 8D0413031J, 8D0413031M, 8D0413031N; Iskarit,Iskunvaimennin<\/p>\n","protected":false},"excerpt":{"rendered":"<p>RIDEX Iskunvaimentimet 854S1568 Iskarit,Iskunvaimennin VW,AUDI,SKODA,PASSAT Variant 3B6,PASSAT Variant 3B5,PASSAT 3B2,PASSAT 3B3,A4 8D2, B5<\/p>\n","protected":false},"featured_media":0,"template":"","meta":{"site-sidebar-layout":"default","site-content-layout":"default","ast-global-header-display":"","ast-main-header-display":"","ast-hfb-above-header-display":"","ast-hfb-below-header-display":"","ast-hfb-mobile-header-display":"","site-post-title":"","ast-breadcrumbs-content":"","ast-featured-img":"","footer-sml-layout":"","theme-transparent-header-meta":"","adv-header-id-meta":"","stick-header-meta":"","header-above-stick-meta":"","header-main-stick-meta":"","header-below-stick-meta":""},"pwb-brand":[157],"product_cat":[80],"product_tag":[],"class_list":{"0":"post-18995","1":"product","2":"type-product","3":"status-publish","5":"pwb-brand-ridex","6":"product_cat-iskunvaimennin","7":"desktop-align-left","8":"tablet-align-left","9":"mobile-align-left","11":"first","12":"instock","13":"product-type-external"},"brands":[{"id":157,"name":"RIDEX","slug":"ridex"}],"_links":{"self":[{"href":"https:\/\/www.autonvaraosahaku.fi\/index.php?rest_route=\/wp\/v2\/product\/18995","targetHints":{"allow":["GET"]}}],"collection":[{"href":"https:\/\/www.autonvaraosahaku.fi\/index.php?rest_route=\/wp\/v2\/product"}],"about":[{"href":"https:\/\/www.autonvaraosahaku.fi\/index.php?rest_route=\/wp\/v2\/types\/product"}],"wp:attachment":[{"href":"https:\/\/www.autonvaraosahaku.fi\/index.php?rest_route=%2Fwp%2Fv2%2Fmedia&parent=18995"}],"wp:term":[{"taxonomy":"pwb-brand","embeddable":true,"href":"https:\/\/www.autonvaraosahaku.fi\/index.php?rest_route=%2Fwp%2Fv2%2Fpwb-brand&post=18995"},{"taxonomy":"product_cat","embeddable":true,"href":"https:\/\/www.autonvaraosahaku.fi\/index.php?rest_route=%2Fwp%2Fv2%2Fproduct_cat&post=18995"},{"taxonomy":"product_tag","embeddable":true,"href":"https:\/\/www.autonvaraosahaku.fi\/index.php?rest_route=%2Fwp%2Fv2%2Fproduct_tag&post=18995"}],"curies":[{"name":"wp","href":"https:\/\/api.w.org\/{rel}","templated":true}]}}