{"id":19001,"date":"2021-02-21T14:35:27","date_gmt":"2021-02-21T14:35:27","guid":{"rendered":"https:\/\/www.autonvaraosahaku.fi\/?product=ridex-13d0343-vetoakseli"},"modified":"2021-02-21T14:35:28","modified_gmt":"2021-02-21T14:35:28","slug":"ridex-13d0343-vetoakseli","status":"publish","type":"product","link":"https:\/\/www.autonvaraosahaku.fi\/?product=ridex-13d0343-vetoakseli","title":{"rendered":"RIDEX 13D0343 Vetoakseli"},"content":{"rendered":"<p>Asennuspuoli: Etuakseli; Pituus (mm): 620; Tiivisteen l\u00e4pimitta [mm]: 53; Ulkohammastus tasauspy\u00f6r\u00e4st\u00f6puoli: 23; Ulkohammastus, py\u00f6r\u00e4npuoli: 25; Vaihteistomalli: MT; FORD: FIESTA V JH_, JD_,FIESTA VI,FUSION JU_,FIESTA V Van,FIESTA VI Van; MAZDA: 2 DY; 1142795, 1334285, 1361898, 1478996, 1513991, 1697348, 2S613B437BB, 2S613B437BC, 2S613B437BD, 2S613B437BE, 2S613B437BF, 4330605<\/p>\n","protected":false},"excerpt":{"rendered":"<p>RIDEX Vetoakseli 13D0343  FORD,MAZDA,FIESTA V JH_, JD_,FIESTA VI,FUSION JU_,FIESTA V Van,FIESTA VI Van,2 DY<\/p>\n","protected":false},"featured_media":0,"template":"","meta":{"site-sidebar-layout":"default","site-content-layout":"default","ast-global-header-display":"","ast-main-header-display":"","ast-hfb-above-header-display":"","ast-hfb-below-header-display":"","ast-hfb-mobile-header-display":"","site-post-title":"","ast-breadcrumbs-content":"","ast-featured-img":"","footer-sml-layout":"","theme-transparent-header-meta":"","adv-header-id-meta":"","stick-header-meta":"","header-above-stick-meta":"","header-main-stick-meta":"","header-below-stick-meta":""},"pwb-brand":[157],"product_cat":[215],"product_tag":[],"class_list":{"0":"post-19001","1":"product","2":"type-product","3":"status-publish","5":"pwb-brand-ridex","6":"product_cat-vetoakseli","7":"desktop-align-left","8":"tablet-align-left","9":"mobile-align-left","11":"first","12":"instock","13":"product-type-external"},"brands":[{"id":157,"name":"RIDEX","slug":"ridex"}],"_links":{"self":[{"href":"https:\/\/www.autonvaraosahaku.fi\/index.php?rest_route=\/wp\/v2\/product\/19001","targetHints":{"allow":["GET"]}}],"collection":[{"href":"https:\/\/www.autonvaraosahaku.fi\/index.php?rest_route=\/wp\/v2\/product"}],"about":[{"href":"https:\/\/www.autonvaraosahaku.fi\/index.php?rest_route=\/wp\/v2\/types\/product"}],"wp:attachment":[{"href":"https:\/\/www.autonvaraosahaku.fi\/index.php?rest_route=%2Fwp%2Fv2%2Fmedia&parent=19001"}],"wp:term":[{"taxonomy":"pwb-brand","embeddable":true,"href":"https:\/\/www.autonvaraosahaku.fi\/index.php?rest_route=%2Fwp%2Fv2%2Fpwb-brand&post=19001"},{"taxonomy":"product_cat","embeddable":true,"href":"https:\/\/www.autonvaraosahaku.fi\/index.php?rest_route=%2Fwp%2Fv2%2Fproduct_cat&post=19001"},{"taxonomy":"product_tag","embeddable":true,"href":"https:\/\/www.autonvaraosahaku.fi\/index.php?rest_route=%2Fwp%2Fv2%2Fproduct_tag&post=19001"}],"curies":[{"name":"wp","href":"https:\/\/api.w.org\/{rel}","templated":true}]}}