{"id":19011,"date":"2021-02-21T14:35:27","date_gmt":"2021-02-21T14:35:27","guid":{"rendered":"https:\/\/www.autonvaraosahaku.fi\/?product=fram-g4164-polttoainesuodatin"},"modified":"2021-02-21T14:35:29","modified_gmt":"2021-02-21T14:35:29","slug":"fram-g4164-polttoainesuodatin","status":"publish","type":"product","link":"https:\/\/www.autonvaraosahaku.fi\/?product=fram-g4164-polttoainesuodatin","title":{"rendered":"FRAM G4164 Polttoainesuodatin"},"content":{"rendered":"<p>Ulkol\u00e4pimitta [mm]: 36; Sis\u00e4l\u00e4pimitta [mm]: 8; Korkeus (mm): 106; Suodatintyyppi: Vorfilter; VW: TRANSPORTER IV Bus 70XB, 70XC, 7DB, 7DW,GOLF II 19E, 1G1,POLO 86C, 80,KAEFER,TRANSPORTER IV Pritsche\/Fahrgestell 70XD,LT 28-35 I Kasten 281-363,GOLF I 17,KAEFER Cabriolet 15,POLO CLASSIC 86C, 80,LT 28-35 I Pritsche\/Fahrgestell 281-363,LT 40-55 I Pritsche\/Fahrgestell 293-909,POLO 86,SCIROCCO 53,1500,1600 Variant 36,JETTA I 16,1500,1600 31,DERBY 86C, 80,LT 40-55 I Kasten 291-512,KARMANN GHIA Coupe 14, 34,1500,1600 Schr\u00e4gheck 31,KARMANN GHIA Cabriolet 14, 34; AUDI: 80 80, 82, B1,100 C1; SKODA: FAVORIT Pick-up 787; BMW: 5 E12; SEAT: CORDOBA 6K1, 6K2; LADA: 1200-1600,110 2110,1200-1500 Kombi,NOVA 2105,TOSCANA 2107,NOVA Kombi 2104; OPEL: CORSA A CC 93_, 94_, 98_, 99_,CORSA A Kasten; LANCIA: Y10 156; FORD: ESCORT IV Kombi AWF, AVF,ESCORT &#8217;86 Express AVF,ESCORT III Kombi AWA,ESCORT &#8217;81 Express AVA; FIAT: PANDA 141A_,PANDA Van 141_,FIORINO Pick up 147,REGATA Weekend 138; FS1A, FS5, GF451, GF451B, GF453, GF453B, GF461, GF461B, GF505, GF68, 13311255179, 13321277481, 2084467, L202, L603, T0544588, T1349332, 269212, 82429294, 81125030045, 81125030056, 81125030057, 81125030058, A141491, MA141491, 95534485, 0005490862, 5000031168, 7100544588, 7284417, 836475, 838475, 883364, 1576741, 464728<\/p>\n","protected":false},"excerpt":{"rendered":"<p>FRAM Polttoainesuodatin G4164  VW,AUDI,SKODA,TRANSPORTER IV Bus 70XB, 70XC, 7DB, 7DW,GOLF II 19E, 1G1,POLO 86C, 80,KAEFER<\/p>\n","protected":false},"featured_media":0,"template":"","meta":{"site-sidebar-layout":"default","site-content-layout":"default","ast-global-header-display":"","ast-main-header-display":"","ast-hfb-above-header-display":"","ast-hfb-below-header-display":"","ast-hfb-mobile-header-display":"","site-post-title":"","ast-breadcrumbs-content":"","ast-featured-img":"","footer-sml-layout":"","theme-transparent-header-meta":"","adv-header-id-meta":"","stick-header-meta":"","header-above-stick-meta":"","header-main-stick-meta":"","header-below-stick-meta":""},"pwb-brand":[412],"product_cat":[29],"product_tag":[],"class_list":{"0":"post-19011","1":"product","2":"type-product","3":"status-publish","5":"pwb-brand-fram","6":"product_cat-polttoainesuodatin","7":"desktop-align-left","8":"tablet-align-left","9":"mobile-align-left","11":"first","12":"instock","13":"product-type-external"},"brands":[{"id":412,"name":"FRAM","slug":"fram"}],"_links":{"self":[{"href":"https:\/\/www.autonvaraosahaku.fi\/index.php?rest_route=\/wp\/v2\/product\/19011","targetHints":{"allow":["GET"]}}],"collection":[{"href":"https:\/\/www.autonvaraosahaku.fi\/index.php?rest_route=\/wp\/v2\/product"}],"about":[{"href":"https:\/\/www.autonvaraosahaku.fi\/index.php?rest_route=\/wp\/v2\/types\/product"}],"wp:attachment":[{"href":"https:\/\/www.autonvaraosahaku.fi\/index.php?rest_route=%2Fwp%2Fv2%2Fmedia&parent=19011"}],"wp:term":[{"taxonomy":"pwb-brand","embeddable":true,"href":"https:\/\/www.autonvaraosahaku.fi\/index.php?rest_route=%2Fwp%2Fv2%2Fpwb-brand&post=19011"},{"taxonomy":"product_cat","embeddable":true,"href":"https:\/\/www.autonvaraosahaku.fi\/index.php?rest_route=%2Fwp%2Fv2%2Fproduct_cat&post=19011"},{"taxonomy":"product_tag","embeddable":true,"href":"https:\/\/www.autonvaraosahaku.fi\/index.php?rest_route=%2Fwp%2Fv2%2Fproduct_tag&post=19011"}],"curies":[{"name":"wp","href":"https:\/\/api.w.org\/{rel}","templated":true}]}}