{"id":19014,"date":"2021-02-21T14:35:27","date_gmt":"2021-02-21T14:35:27","guid":{"rendered":"https:\/\/www.autonvaraosahaku.fi\/?product=master-sport-853-pcs-ms-polttoainesuodatin"},"modified":"2021-02-21T14:35:29","modified_gmt":"2021-02-21T14:35:29","slug":"master-sport-853-pcs-ms-polttoainesuodatin","status":"publish","type":"product","link":"https:\/\/www.autonvaraosahaku.fi\/?product=master-sport-853-pcs-ms-polttoainesuodatin","title":{"rendered":"MASTER-SPORT 853-PCS-MS Polttoainesuodatin"},"content":{"rendered":"<p>Ulkol\u00e4pimitta [mm]: 81; Ulkol\u00e4pimitta 1 [mm]: 89; Kierre sis\u00e4\u00e4ntulo: M 14 X 1.5; Kierre ulostulo: M 12 X 1.5; Korkeus (mm): 152; Nettopaino [kg]: 0,39; Bruttopaino [kg]: 0,43; Polttoainej\u00e4rjestelm\u00e4: Benzineinspritzung; VW: SCIROCCO 53B; LANCIA: THEMA 834; VOLVO: 940 II Kombi 945,940 Kombi 945,240 Kombi P245,740 Kombi 745,960 II Kombi 965,740 744,240 P242, P244,960 II 964,940 944,V90 Kombi,760 704, 764,340-360 343, 345,960 Kombi 965,760 Kombi 704, 765,940 II 944,960 964,S90,340-360 Stufenheck 344,780; SAAB: 9-5 Kombi YS3E,9-3 YS3D,9-5 YS3E,9-3 Cabriolet YS3D,9000 Schr\u00e4gheck,900 I Cabriolet,900 I Combi Coupe,900 II Cabriolet,900 II,900 I AC4, AM4,9000,900 II Coupe; FORD: FIESTA III GFJ,ESCORT IV Cabriolet ALF,SIERRA GBG, GB4,ESCORT VI GAL,SIERRA Schr\u00e4gheck GBC, GBG,TRANSIT Kasten T_ _,ESCORT IV GAF, AWF, ABFT,FIESTA II FBD,TRANSIT Bus V_ _,SCORPIO I GAE, GGE,TRANSIT Bus T_ _,TRANSIT Bus MK-4 E_ _,CAPRI III GECP,SIERRA Schr\u00e4gheck GBC,ESCORT III GAA,SCORPIO I Stufenheck GGE,TRANSIT Kasten V_ _,TRANSIT Pritsche\/Fahrgestell V_ _,SIERRA Kombi BNG,GRANADA GU,ESCORT III Cabriolet ALD,TRANSIT Pritsche\/Fahrgestell T_ _,SCORPIO I Kombi GGE,SIERRA Kombi BNC,FIESTA Kasten FVD,ORION II AFF,GRANADA Kombi GNU,ESCORT IV Kombi AWF, AVF,ESCORT &#8217;86 Express AVF,ORION I AFD; PEUGEOT: 505 551A; BENTLEY: TURBO R,CONTINENTAL,BROOKLANDS,MULSANNE; ROLLS-ROYCE: SILVER SPIRIT,CORNICHE IV Cabriolet,CORNICHE II Cabriolet; FERRARI: 348 ts\/GTS,328 GTS,TESTAROSSA,348 tb\/GTB,MONDIAL,F355 Spider,512 TR,208\/308,F355 BERLINETTA,328 GTB,348 Spider,MONDIAL Cabriolet,F355 GTS; 82425329, 5020405, 5020406, 6103279, 6688744, 82GB9155AA, 82GB9155BA, 88GX9155BA, E7RY9155A, 156712, 157712, UE74370, 4163853, 8978561, 9333790, 9150999180, 1306530, 13065305, 1389450, 13894506, 1389562, 13895628, 284834, 31262352, 6842033<\/p>\n","protected":false},"excerpt":{"rendered":"<p>MASTER-SPORT Polttoainesuodatin 853-PCS-MS  VW,LANCIA,VOLVO,SCIROCCO 53B,THEMA 834,940 II Kombi 945,940 Kombi 945,240 Kombi P245,740 Kombi 745<\/p>\n","protected":false},"featured_media":0,"template":"","meta":{"site-sidebar-layout":"default","site-content-layout":"default","ast-global-header-display":"","ast-main-header-display":"","ast-hfb-above-header-display":"","ast-hfb-below-header-display":"","ast-hfb-mobile-header-display":"","site-post-title":"","ast-breadcrumbs-content":"","ast-featured-img":"","footer-sml-layout":"","theme-transparent-header-meta":"","adv-header-id-meta":"","stick-header-meta":"","header-above-stick-meta":"","header-main-stick-meta":"","header-below-stick-meta":""},"pwb-brand":[61],"product_cat":[29],"product_tag":[],"class_list":{"0":"post-19014","1":"product","2":"type-product","3":"status-publish","5":"pwb-brand-master-sport","6":"product_cat-polttoainesuodatin","7":"desktop-align-left","8":"tablet-align-left","9":"mobile-align-left","11":"first","12":"instock","13":"product-type-external"},"brands":[{"id":61,"name":"MASTER-SPORT","slug":"master-sport"}],"_links":{"self":[{"href":"https:\/\/www.autonvaraosahaku.fi\/index.php?rest_route=\/wp\/v2\/product\/19014","targetHints":{"allow":["GET"]}}],"collection":[{"href":"https:\/\/www.autonvaraosahaku.fi\/index.php?rest_route=\/wp\/v2\/product"}],"about":[{"href":"https:\/\/www.autonvaraosahaku.fi\/index.php?rest_route=\/wp\/v2\/types\/product"}],"wp:attachment":[{"href":"https:\/\/www.autonvaraosahaku.fi\/index.php?rest_route=%2Fwp%2Fv2%2Fmedia&parent=19014"}],"wp:term":[{"taxonomy":"pwb-brand","embeddable":true,"href":"https:\/\/www.autonvaraosahaku.fi\/index.php?rest_route=%2Fwp%2Fv2%2Fpwb-brand&post=19014"},{"taxonomy":"product_cat","embeddable":true,"href":"https:\/\/www.autonvaraosahaku.fi\/index.php?rest_route=%2Fwp%2Fv2%2Fproduct_cat&post=19014"},{"taxonomy":"product_tag","embeddable":true,"href":"https:\/\/www.autonvaraosahaku.fi\/index.php?rest_route=%2Fwp%2Fv2%2Fproduct_tag&post=19014"}],"curies":[{"name":"wp","href":"https:\/\/api.w.org\/{rel}","templated":true}]}}