{"id":19030,"date":"2021-02-21T14:35:31","date_gmt":"2021-02-21T14:35:31","guid":{"rendered":"https:\/\/www.autonvaraosahaku.fi\/?product=maxgear-49-1409-vetonivelen-suojakumi"},"modified":"2021-02-21T14:35:33","modified_gmt":"2021-02-21T14:35:33","slug":"maxgear-49-1409-vetonivelen-suojakumi","status":"publish","type":"product","link":"https:\/\/www.autonvaraosahaku.fi\/?product=maxgear-49-1409-vetonivelen-suojakumi","title":{"rendered":"MAXGEAR 49-1409 Vetonivelen suojakumi"},"content":{"rendered":"<p>Asennuspuoli: Vaihteiston puoli; Sis\u00e4l\u00e4pimitta 1 [mm]: 19; Sis\u00e4l\u00e4pimitta 2 [mm]: 60; Korkeus (mm): 84; MAZDA: 2 DY; NISSAN: MICRA III K12,ALMERA II Hatchback N16,MICRA C+C K12,ALMERA Mk II N16; HONDA: CIVIC VII Hatchback EU, EP, EV,CIVIC VII Stufenheck ES; DAIHATSU: SIRION M1,YRV M2; ROVER: 25 RF; OPEL: CORSA C F08, F68,MERIVA,AGILA A H00; MINI: MINI R56,MINI R50, R53; FORD: FIESTA V JH_, JD_,FUSION JU_; TOYOTA: AVENSIS _T22_,AVENSIS Station Wagon _T22_,AVENSIS Liftback _T22_,PICNIC _XM10,COROLLA _E11_; FIAT: PUNTO 188; 328794, 328795, 1142813, 2S614A084BA, 44315SA7981, C60222530, C60222540, MR911156, MR911157, 39741AY125, 39741BM525, 39741BM526, 39741BM528, 1603250, 4707435, 328795, TDR000280, 443805060, 443805130<\/p>\n","protected":false},"excerpt":{"rendered":"<p>MAXGEAR Paljekumisarja, Vetoakseli 49-1409  MAZDA,NISSAN,HONDA,2 DY,MICRA III K12,ALMERA II Hatchback N16,MICRA C+C K12,ALMERA Mk II N16<\/p>\n","protected":false},"featured_media":0,"template":"","meta":{"site-sidebar-layout":"default","site-content-layout":"default","ast-global-header-display":"","ast-main-header-display":"","ast-hfb-above-header-display":"","ast-hfb-below-header-display":"","ast-hfb-mobile-header-display":"","site-post-title":"","ast-breadcrumbs-content":"","ast-featured-img":"","footer-sml-layout":"","theme-transparent-header-meta":"","adv-header-id-meta":"","stick-header-meta":"","header-above-stick-meta":"","header-main-stick-meta":"","header-below-stick-meta":""},"pwb-brand":[48],"product_cat":[42],"product_tag":[],"class_list":{"0":"post-19030","1":"product","2":"type-product","3":"status-publish","5":"pwb-brand-maxgear","6":"product_cat-vetonivelen-suojakumi","7":"desktop-align-left","8":"tablet-align-left","9":"mobile-align-left","11":"first","12":"instock","13":"product-type-external"},"brands":[{"id":48,"name":"MAXGEAR","slug":"maxgear"}],"_links":{"self":[{"href":"https:\/\/www.autonvaraosahaku.fi\/index.php?rest_route=\/wp\/v2\/product\/19030","targetHints":{"allow":["GET"]}}],"collection":[{"href":"https:\/\/www.autonvaraosahaku.fi\/index.php?rest_route=\/wp\/v2\/product"}],"about":[{"href":"https:\/\/www.autonvaraosahaku.fi\/index.php?rest_route=\/wp\/v2\/types\/product"}],"wp:attachment":[{"href":"https:\/\/www.autonvaraosahaku.fi\/index.php?rest_route=%2Fwp%2Fv2%2Fmedia&parent=19030"}],"wp:term":[{"taxonomy":"pwb-brand","embeddable":true,"href":"https:\/\/www.autonvaraosahaku.fi\/index.php?rest_route=%2Fwp%2Fv2%2Fpwb-brand&post=19030"},{"taxonomy":"product_cat","embeddable":true,"href":"https:\/\/www.autonvaraosahaku.fi\/index.php?rest_route=%2Fwp%2Fv2%2Fproduct_cat&post=19030"},{"taxonomy":"product_tag","embeddable":true,"href":"https:\/\/www.autonvaraosahaku.fi\/index.php?rest_route=%2Fwp%2Fv2%2Fproduct_tag&post=19030"}],"curies":[{"name":"wp","href":"https:\/\/api.w.org\/{rel}","templated":true}]}}