{"id":19039,"date":"2021-02-21T14:35:35","date_gmt":"2021-02-21T14:35:35","guid":{"rendered":"https:\/\/www.autonvaraosahaku.fi\/?product=oximo-wd400600-pyyhkijansulat"},"modified":"2021-02-21T14:35:36","modified_gmt":"2021-02-21T14:35:36","slug":"oximo-wd400600-pyyhkijansulat","status":"publish","type":"product","link":"https:\/\/www.autonvaraosahaku.fi\/?product=oximo-wd400600-pyyhkijansulat","title":{"rendered":"OXIMO WD400600 Pyyhkij\u00e4nsulat"},"content":{"rendered":"<p>Asennuspuoli: Edess\u00e4; Pituus 1 (mm): 600; Pituus 2 (mm): 400; M\u00e4\u00e4r\u00e4yksikk\u00f6: Sarja; Pyyhkij\u00e4nsulkatyyppi: Flatblade-pyyhinsulka (rungoton); Valmistusvuosi alkaen: 04\/2010; RENAULT: CLIO III BR0\/1, CR0\/1,MEGANE III Grandtour KZ0\/1,MEGANE III Schr\u00e4gheck BZ0_,MEGANE III Coupe DZ0\/1_,MEGANE CC EZ0\/1_,FLUENCE L30_,THALIA II LU1\/2_; PEUGEOT: 301; CITRO\u00cbN: DS3,C3 Picasso,DS3 Cabriolet,C-ELYSEE; DS: DS 3,DS 3 Cabriolet; 288909690R, 7701061593, 3B0998002B; Tuulilasinpyyhkimet,Pyyhkij\u00e4t,Pyyhkij\u00e4nsulka<\/p>\n","protected":false},"excerpt":{"rendered":"<p>OXIMO Pyyhkij\u00e4nsulat WD400600 Tuulilasinpyyhkimet,Pyyhkij\u00e4t RENAULT,PEUGEOT,CITRO\u00cbN,CLIO III BR0\/1, CR0\/1,MEGANE III Grandtour KZ0\/1<\/p>\n","protected":false},"featured_media":0,"template":"","meta":{"site-sidebar-layout":"default","site-content-layout":"default","ast-global-header-display":"","ast-main-header-display":"","ast-hfb-above-header-display":"","ast-hfb-below-header-display":"","ast-hfb-mobile-header-display":"","site-post-title":"","ast-breadcrumbs-content":"","ast-featured-img":"","footer-sml-layout":"","theme-transparent-header-meta":"","adv-header-id-meta":"","stick-header-meta":"","header-above-stick-meta":"","header-main-stick-meta":"","header-below-stick-meta":""},"pwb-brand":[382],"product_cat":[33],"product_tag":[],"class_list":{"0":"post-19039","1":"product","2":"type-product","3":"status-publish","5":"pwb-brand-oximo","6":"product_cat-pyyhkijansulat","7":"desktop-align-left","8":"tablet-align-left","9":"mobile-align-left","11":"first","12":"instock","13":"product-type-external"},"brands":[{"id":382,"name":"OXIMO","slug":"oximo"}],"_links":{"self":[{"href":"https:\/\/www.autonvaraosahaku.fi\/index.php?rest_route=\/wp\/v2\/product\/19039","targetHints":{"allow":["GET"]}}],"collection":[{"href":"https:\/\/www.autonvaraosahaku.fi\/index.php?rest_route=\/wp\/v2\/product"}],"about":[{"href":"https:\/\/www.autonvaraosahaku.fi\/index.php?rest_route=\/wp\/v2\/types\/product"}],"wp:attachment":[{"href":"https:\/\/www.autonvaraosahaku.fi\/index.php?rest_route=%2Fwp%2Fv2%2Fmedia&parent=19039"}],"wp:term":[{"taxonomy":"pwb-brand","embeddable":true,"href":"https:\/\/www.autonvaraosahaku.fi\/index.php?rest_route=%2Fwp%2Fv2%2Fpwb-brand&post=19039"},{"taxonomy":"product_cat","embeddable":true,"href":"https:\/\/www.autonvaraosahaku.fi\/index.php?rest_route=%2Fwp%2Fv2%2Fproduct_cat&post=19039"},{"taxonomy":"product_tag","embeddable":true,"href":"https:\/\/www.autonvaraosahaku.fi\/index.php?rest_route=%2Fwp%2Fv2%2Fproduct_tag&post=19039"}],"curies":[{"name":"wp","href":"https:\/\/api.w.org\/{rel}","templated":true}]}}