{"id":19050,"date":"2021-02-21T14:35:35","date_gmt":"2021-02-21T14:35:35","guid":{"rendered":"https:\/\/www.autonvaraosahaku.fi\/?product=era-350395a-termostaatti"},"modified":"2021-02-21T14:35:37","modified_gmt":"2021-02-21T14:35:37","slug":"era-350395a-termostaatti","status":"publish","type":"product","link":"https:\/\/www.autonvaraosahaku.fi\/?product=era-350395a-termostaatti","title":{"rendered":"ERA 350395A Termostaatti"},"content":{"rendered":"<p>Avausl\u00e4mp\u00f6tila [\u00b0C]: 103; K\u00e4ytt\u00f6: s\u00e4hk\u00f6ohjattu; Kotelomalli: Muovikotelo; Lis\u00e4tarvike\/lis\u00e4tieto: Tiivisteill\u00e4; Korvaava tuote\/korvaava tiedote 2: Anturilla; FIAT: QUBO 225,FIORINO Kasten\/Kombi 225; PEUGEOT: 207 WA_, WC_,207 SW WK_,206+ T3E,1007 KM_,207 Stufenheck,BIPPER AA_,BIPPER Tepee,207 Van; CITRO\u00cbN: C2 JM_,C3 I FC_,C3 II,C3 Pluriel HB_,NEMO Kasten AA_,NEMO Kombi,C2 ENTERPRISE; 1336Z2, 9650926280, 1336Z2, 9650926280; Termostaatti, J\u00e4\u00e4hdytysneste<\/p>\n","protected":false},"excerpt":{"rendered":"<p>ERA Termostaatti 350395A Termostaatti, J\u00e4\u00e4hdytysneste FIAT,PEUGEOT,CITRO\u00cbN,QUBO 225,FIORINO Kasten\/Kombi 225,207 WA_, WC_,207 SW WK_,206+ T3E,1007 KM_<\/p>\n","protected":false},"featured_media":0,"template":"","meta":{"site-sidebar-layout":"default","site-content-layout":"default","ast-global-header-display":"","ast-main-header-display":"","ast-hfb-above-header-display":"","ast-hfb-below-header-display":"","ast-hfb-mobile-header-display":"","site-post-title":"","ast-breadcrumbs-content":"","ast-featured-img":"","footer-sml-layout":"","theme-transparent-header-meta":"","adv-header-id-meta":"","stick-header-meta":"","header-above-stick-meta":"","header-main-stick-meta":"","header-below-stick-meta":""},"pwb-brand":[64],"product_cat":[174],"product_tag":[],"class_list":{"0":"post-19050","1":"product","2":"type-product","3":"status-publish","5":"pwb-brand-era","6":"product_cat-termostaatti","7":"desktop-align-left","8":"tablet-align-left","9":"mobile-align-left","11":"first","12":"instock","13":"product-type-external"},"brands":[{"id":64,"name":"ERA","slug":"era"}],"_links":{"self":[{"href":"https:\/\/www.autonvaraosahaku.fi\/index.php?rest_route=\/wp\/v2\/product\/19050","targetHints":{"allow":["GET"]}}],"collection":[{"href":"https:\/\/www.autonvaraosahaku.fi\/index.php?rest_route=\/wp\/v2\/product"}],"about":[{"href":"https:\/\/www.autonvaraosahaku.fi\/index.php?rest_route=\/wp\/v2\/types\/product"}],"wp:attachment":[{"href":"https:\/\/www.autonvaraosahaku.fi\/index.php?rest_route=%2Fwp%2Fv2%2Fmedia&parent=19050"}],"wp:term":[{"taxonomy":"pwb-brand","embeddable":true,"href":"https:\/\/www.autonvaraosahaku.fi\/index.php?rest_route=%2Fwp%2Fv2%2Fpwb-brand&post=19050"},{"taxonomy":"product_cat","embeddable":true,"href":"https:\/\/www.autonvaraosahaku.fi\/index.php?rest_route=%2Fwp%2Fv2%2Fproduct_cat&post=19050"},{"taxonomy":"product_tag","embeddable":true,"href":"https:\/\/www.autonvaraosahaku.fi\/index.php?rest_route=%2Fwp%2Fv2%2Fproduct_tag&post=19050"}],"curies":[{"name":"wp","href":"https:\/\/api.w.org\/{rel}","templated":true}]}}