{"id":19052,"date":"2021-02-21T14:35:35","date_gmt":"2021-02-21T14:35:35","guid":{"rendered":"https:\/\/www.autonvaraosahaku.fi\/?product=bugiad-bdl12808-oven-lukko"},"modified":"2021-02-21T14:35:37","modified_gmt":"2021-02-21T14:35:37","slug":"bugiad-bdl12808-oven-lukko","status":"publish","type":"product","link":"https:\/\/www.autonvaraosahaku.fi\/?product=bugiad-bdl12808-oven-lukko","title":{"rendered":"BUGIAD BDL12808 Oven lukko"},"content":{"rendered":"<p>Asennuspuoli: Etu, vasen, Edess\u00e4, Vasen; Lukkolaite: Keskuslukituksella; Paino [g]: 690; OE-numerolle: 31349858; Napojen m\u00e4\u00e4r\u00e4: 5; VOLVO: XC60,S60 I,V60,S60 II,XC60 II; 31349858; Ovilukko<\/p>\n","protected":false},"excerpt":{"rendered":"<p>BUGIAD Oven Lukko BDL12808 Ovilukko VOLVO,XC60,S60 I,V60,S60 II,XC60 II<\/p>\n","protected":false},"featured_media":0,"template":"","meta":{"site-sidebar-layout":"default","site-content-layout":"default","ast-global-header-display":"","ast-main-header-display":"","ast-hfb-above-header-display":"","ast-hfb-below-header-display":"","ast-hfb-mobile-header-display":"","site-post-title":"","ast-breadcrumbs-content":"","ast-featured-img":"","footer-sml-layout":"","theme-transparent-header-meta":"","adv-header-id-meta":"","stick-header-meta":"","header-above-stick-meta":"","header-main-stick-meta":"","header-below-stick-meta":""},"pwb-brand":[373],"product_cat":[46],"product_tag":[],"class_list":{"0":"post-19052","1":"product","2":"type-product","3":"status-publish","5":"pwb-brand-bugiad","6":"product_cat-oven-lukko","7":"desktop-align-left","8":"tablet-align-left","9":"mobile-align-left","11":"first","12":"instock","13":"product-type-external"},"brands":[{"id":373,"name":"BUGIAD","slug":"bugiad"}],"_links":{"self":[{"href":"https:\/\/www.autonvaraosahaku.fi\/index.php?rest_route=\/wp\/v2\/product\/19052","targetHints":{"allow":["GET"]}}],"collection":[{"href":"https:\/\/www.autonvaraosahaku.fi\/index.php?rest_route=\/wp\/v2\/product"}],"about":[{"href":"https:\/\/www.autonvaraosahaku.fi\/index.php?rest_route=\/wp\/v2\/types\/product"}],"wp:attachment":[{"href":"https:\/\/www.autonvaraosahaku.fi\/index.php?rest_route=%2Fwp%2Fv2%2Fmedia&parent=19052"}],"wp:term":[{"taxonomy":"pwb-brand","embeddable":true,"href":"https:\/\/www.autonvaraosahaku.fi\/index.php?rest_route=%2Fwp%2Fv2%2Fpwb-brand&post=19052"},{"taxonomy":"product_cat","embeddable":true,"href":"https:\/\/www.autonvaraosahaku.fi\/index.php?rest_route=%2Fwp%2Fv2%2Fproduct_cat&post=19052"},{"taxonomy":"product_tag","embeddable":true,"href":"https:\/\/www.autonvaraosahaku.fi\/index.php?rest_route=%2Fwp%2Fv2%2Fproduct_tag&post=19052"}],"curies":[{"name":"wp","href":"https:\/\/api.w.org\/{rel}","templated":true}]}}