{"id":19063,"date":"2021-02-21T14:35:39","date_gmt":"2021-02-21T14:35:39","guid":{"rendered":"https:\/\/www.autonvaraosahaku.fi\/?product=esen-skv-29skv120-pyoranlaakerit"},"modified":"2021-02-21T14:35:40","modified_gmt":"2021-02-21T14:35:40","slug":"esen-skv-29skv120-pyoranlaakerit","status":"publish","type":"product","link":"https:\/\/www.autonvaraosahaku.fi\/?product=esen-skv-29skv120-pyoranlaakerit","title":{"rendered":"ESEN SKV 29SKV120 Py\u00f6r\u00e4nlaakerit"},"content":{"rendered":"<p>Asennuspuoli: Takana; Paino [kg]: 3,15; Ulkol\u00e4pimitta [mm]: 140; Reikien m\u00e4\u00e4r\u00e4: 4; Jarru-\/ajodynamiikka: Autoihin, joissa ABS, Autoihin, joissa ABS; Valmistusvuoteen: 09\/2005; HYUNDAI: GETZ TB,i10 PA,i20 PB, PBT,ACCENT III MC,ACCENT III Stufenheck MC; KIA: PICANTO BA,RIO II JB,RIO II Stufenheck JB; 527501C100, 527501C200, 527501G100, 527501G101, 5275007100, 527501C100, 527501G100, 527501G101; Py\u00f6r\u00e4nlaakerisarja<\/p>\n","protected":false},"excerpt":{"rendered":"<p>ESEN SKV Py\u00f6r\u00e4nlaakerit 29SKV120 Py\u00f6r\u00e4nlaakerisarja HYUNDAI,KIA,GETZ TB,i10 PA,i20 PB, PBT,ACCENT III MC,ACCENT III Stufenheck MC,PICANTO BA,RIO II JB<\/p>\n","protected":false},"featured_media":0,"template":"","meta":{"site-sidebar-layout":"default","site-content-layout":"default","ast-global-header-display":"","ast-main-header-display":"","ast-hfb-above-header-display":"","ast-hfb-below-header-display":"","ast-hfb-mobile-header-display":"","site-post-title":"","ast-breadcrumbs-content":"","ast-featured-img":"","footer-sml-layout":"","theme-transparent-header-meta":"","adv-header-id-meta":"","stick-header-meta":"","header-above-stick-meta":"","header-main-stick-meta":"","header-below-stick-meta":""},"pwb-brand":[384],"product_cat":[83],"product_tag":[],"class_list":{"0":"post-19063","1":"product","2":"type-product","3":"status-publish","5":"pwb-brand-esen-skv","6":"product_cat-pyoranlaakerit","7":"desktop-align-left","8":"tablet-align-left","9":"mobile-align-left","11":"first","12":"instock","13":"product-type-external"},"brands":[{"id":384,"name":"ESEN SKV","slug":"esen-skv"}],"_links":{"self":[{"href":"https:\/\/www.autonvaraosahaku.fi\/index.php?rest_route=\/wp\/v2\/product\/19063","targetHints":{"allow":["GET"]}}],"collection":[{"href":"https:\/\/www.autonvaraosahaku.fi\/index.php?rest_route=\/wp\/v2\/product"}],"about":[{"href":"https:\/\/www.autonvaraosahaku.fi\/index.php?rest_route=\/wp\/v2\/types\/product"}],"wp:attachment":[{"href":"https:\/\/www.autonvaraosahaku.fi\/index.php?rest_route=%2Fwp%2Fv2%2Fmedia&parent=19063"}],"wp:term":[{"taxonomy":"pwb-brand","embeddable":true,"href":"https:\/\/www.autonvaraosahaku.fi\/index.php?rest_route=%2Fwp%2Fv2%2Fpwb-brand&post=19063"},{"taxonomy":"product_cat","embeddable":true,"href":"https:\/\/www.autonvaraosahaku.fi\/index.php?rest_route=%2Fwp%2Fv2%2Fproduct_cat&post=19063"},{"taxonomy":"product_tag","embeddable":true,"href":"https:\/\/www.autonvaraosahaku.fi\/index.php?rest_route=%2Fwp%2Fv2%2Fproduct_tag&post=19063"}],"curies":[{"name":"wp","href":"https:\/\/api.w.org\/{rel}","templated":true}]}}