{"id":19087,"date":"2021-02-21T14:35:43","date_gmt":"2021-02-21T14:35:43","guid":{"rendered":"https:\/\/www.autonvaraosahaku.fi\/?product=ridex-689c0334-sytytyspuola"},"modified":"2021-02-21T14:35:45","modified_gmt":"2021-02-21T14:35:45","slug":"ridex-689c0334-sytytyspuola","status":"publish","type":"product","link":"https:\/\/www.autonvaraosahaku.fi\/?product=ridex-689c0334-sytytyspuola","title":{"rendered":"RIDEX 689C0334 Sytytyspuola"},"content":{"rendered":"<p>Liittimi\u00e4: 2; Tarvittava kappalem\u00e4\u00e4r\u00e4: 8; FORD USA: F-150,CROWN VICTORIA,EXPLORER,MUSTANG Coupe C,MUSTANG Convertible C,F-250,EXPEDITION,EXCURSION,E SERIES Kasten; ROVER: 75 RJ,75 Tourer RJ; MG: MG ZT- T,MG ZT; LINCOLN: TOWN CAR III; 11202908, 1L2U12029AA, 1L2U12A388AA, 1L2Z12029AA, 1L5Z12029AA, 3W7Z12029AA, 8W7Z12029A, F7TU12029BA, F7TU12A366AB, F7TU12A366BA, F7TZ12029AB, F7TZ12029BA, F7TZ12029CA, F7TZ12029CC, F7TZ12A366AB, C1808, NEL000010<\/p>\n","protected":false},"excerpt":{"rendered":"<p>RIDEX Sytytyspuola 689C0334  FORD USA,ROVER,MG,F-150,CROWN VICTORIA,EXPLORER,MUSTANG Coupe C,MUSTANG Convertible C,F-250,EXPEDITION,EXCURSION<\/p>\n","protected":false},"featured_media":0,"template":"","meta":{"site-sidebar-layout":"default","site-content-layout":"default","ast-global-header-display":"","ast-main-header-display":"","ast-hfb-above-header-display":"","ast-hfb-below-header-display":"","ast-hfb-mobile-header-display":"","site-post-title":"","ast-breadcrumbs-content":"","ast-featured-img":"","footer-sml-layout":"","theme-transparent-header-meta":"","adv-header-id-meta":"","stick-header-meta":"","header-above-stick-meta":"","header-main-stick-meta":"","header-below-stick-meta":""},"pwb-brand":[157],"product_cat":[25],"product_tag":[],"class_list":{"0":"post-19087","1":"product","2":"type-product","3":"status-publish","5":"pwb-brand-ridex","6":"product_cat-sytytyspuola","7":"desktop-align-left","8":"tablet-align-left","9":"mobile-align-left","11":"first","12":"instock","13":"product-type-external"},"brands":[{"id":157,"name":"RIDEX","slug":"ridex"}],"_links":{"self":[{"href":"https:\/\/www.autonvaraosahaku.fi\/index.php?rest_route=\/wp\/v2\/product\/19087","targetHints":{"allow":["GET"]}}],"collection":[{"href":"https:\/\/www.autonvaraosahaku.fi\/index.php?rest_route=\/wp\/v2\/product"}],"about":[{"href":"https:\/\/www.autonvaraosahaku.fi\/index.php?rest_route=\/wp\/v2\/types\/product"}],"wp:attachment":[{"href":"https:\/\/www.autonvaraosahaku.fi\/index.php?rest_route=%2Fwp%2Fv2%2Fmedia&parent=19087"}],"wp:term":[{"taxonomy":"pwb-brand","embeddable":true,"href":"https:\/\/www.autonvaraosahaku.fi\/index.php?rest_route=%2Fwp%2Fv2%2Fpwb-brand&post=19087"},{"taxonomy":"product_cat","embeddable":true,"href":"https:\/\/www.autonvaraosahaku.fi\/index.php?rest_route=%2Fwp%2Fv2%2Fproduct_cat&post=19087"},{"taxonomy":"product_tag","embeddable":true,"href":"https:\/\/www.autonvaraosahaku.fi\/index.php?rest_route=%2Fwp%2Fv2%2Fproduct_tag&post=19087"}],"curies":[{"name":"wp","href":"https:\/\/api.w.org\/{rel}","templated":true}]}}