{"id":19092,"date":"2021-02-21T14:35:43","date_gmt":"2021-02-21T14:35:43","guid":{"rendered":"https:\/\/www.autonvaraosahaku.fi\/?product=maxgear-66-0013-hehkutulppa"},"modified":"2021-02-21T14:35:45","modified_gmt":"2021-02-21T14:35:45","slug":"maxgear-66-0013-hehkutulppa","status":"publish","type":"product","link":"https:\/\/www.autonvaraosahaku.fi\/?product=maxgear-66-0013-hehkutulppa","title":{"rendered":"MAXGEAR 66-0013 Hehkutulppa"},"content":{"rendered":"<p>Hehkutulppatyyppi: Hehkutulppa, puikko, j\u00e4lkihehkutuksenkest\u00e4v\u00e4; Nimellisj\u00e4nnite (V): 11; Pituus (mm): 134; Kierremitta: M 10 x 1; Kartionousu: 63; Avainv\u00e4li: 10; Kiristysmomentti > [Nm]: 10; Kiristysmomentti enint\u00e4\u00e4n [Nm]: 15; Liittimet: PIN; Asennussyvyys (mm): 29; Valmistusvuosi alkaen: 08\/1999; SAAB: 9-5 Kombi YS3E,9-3 YS3D,9-5 YS3E; OPEL: ZAFIRA A F75_,ASTRA G CC F48_, F08_,ASTRA G Caravan F35_,VECTRA B 36_,OMEGA B Caravan 21_, 22_, 23_,OMEGA B 25_, 26_, 27_,VECTRA B Caravan 31_,FRONTERA B 6B_,ASTRA G Stufenheck F69_,VECTRA B CC 38_,SINTRA,ASTRA G Kasten F70; VAUXHALL: ZAFIRA Mk I A F75,ASTRA Mk IV G CC,FRONTERA Mk II B,OMEGA B,ASTRA Mk IV G Sedan,VECTRA B CC,VECTRA B Estate,VECTRA B,ASTRAVAN Mk IV G,OMEGA B Estate,ASTRA Mk IV G Estate; 0911820, 1214456, 1214457, 9118201<\/p>\n","protected":false},"excerpt":{"rendered":"<p>MAXGEAR Hehkutulppa 66-0013  SAAB,OPEL,VAUXHALL,9-5 Kombi YS3E,9-3 YS3D,9-5 YS3E,ZAFIRA A F75_,ASTRA G CC F48_, F08_,ASTRA G Caravan F35_,VECTRA B 36_<\/p>\n","protected":false},"featured_media":0,"template":"","meta":{"site-sidebar-layout":"default","site-content-layout":"default","ast-global-header-display":"","ast-main-header-display":"","ast-hfb-above-header-display":"","ast-hfb-below-header-display":"","ast-hfb-mobile-header-display":"","site-post-title":"","ast-breadcrumbs-content":"","ast-featured-img":"","footer-sml-layout":"","theme-transparent-header-meta":"","adv-header-id-meta":"","stick-header-meta":"","header-above-stick-meta":"","header-main-stick-meta":"","header-below-stick-meta":""},"pwb-brand":[48],"product_cat":[52],"product_tag":[],"class_list":{"0":"post-19092","1":"product","2":"type-product","3":"status-publish","5":"pwb-brand-maxgear","6":"product_cat-hehkutulppa","7":"desktop-align-left","8":"tablet-align-left","9":"mobile-align-left","11":"first","12":"instock","13":"product-type-external"},"brands":[{"id":48,"name":"MAXGEAR","slug":"maxgear"}],"_links":{"self":[{"href":"https:\/\/www.autonvaraosahaku.fi\/index.php?rest_route=\/wp\/v2\/product\/19092","targetHints":{"allow":["GET"]}}],"collection":[{"href":"https:\/\/www.autonvaraosahaku.fi\/index.php?rest_route=\/wp\/v2\/product"}],"about":[{"href":"https:\/\/www.autonvaraosahaku.fi\/index.php?rest_route=\/wp\/v2\/types\/product"}],"wp:attachment":[{"href":"https:\/\/www.autonvaraosahaku.fi\/index.php?rest_route=%2Fwp%2Fv2%2Fmedia&parent=19092"}],"wp:term":[{"taxonomy":"pwb-brand","embeddable":true,"href":"https:\/\/www.autonvaraosahaku.fi\/index.php?rest_route=%2Fwp%2Fv2%2Fpwb-brand&post=19092"},{"taxonomy":"product_cat","embeddable":true,"href":"https:\/\/www.autonvaraosahaku.fi\/index.php?rest_route=%2Fwp%2Fv2%2Fproduct_cat&post=19092"},{"taxonomy":"product_tag","embeddable":true,"href":"https:\/\/www.autonvaraosahaku.fi\/index.php?rest_route=%2Fwp%2Fv2%2Fproduct_tag&post=19092"}],"curies":[{"name":"wp","href":"https:\/\/api.w.org\/{rel}","templated":true}]}}