{"id":19094,"date":"2021-02-21T14:35:43","date_gmt":"2021-02-21T14:35:43","guid":{"rendered":"https:\/\/www.autonvaraosahaku.fi\/?product=monroe-742045sp-iskunvaimennin"},"modified":"2021-02-21T14:35:45","modified_gmt":"2021-02-21T14:35:45","slug":"monroe-742045sp-iskunvaimennin","status":"publish","type":"product","link":"https:\/\/www.autonvaraosahaku.fi\/?product=monroe-742045sp-iskunvaimennin","title":{"rendered":"MONROE 742045SP Iskunvaimennin"},"content":{"rendered":"<p>Iskunvaimennin tyyppi: Kaasupaine; Iskunvaimennin malli: Joustintuki; Iskunvaimennusj\u00e4rjestelm\u00e4: Kaksiputki; Iskunvaimennin asennustapa: Tappi ylh\u00e4\u00e4ll\u00e4, Purisitin alhaalla; Paino [kg]: 2,300; Reik\u00e4-\u00d8 [mm]: 35; suurin pituus [mm]: 448; v\u00e4h. pituus [mm]: 323; Pakkauspituus [cm]: 49,8; Pakkausleveys [cm]: 12,4; Pakkauskorkeus [mm]: 12,3; Tullitariffinumero: 87088035; Tappil\u00e4pimitta [mm]: 15,8; Asennuspuoli: Vorderachse; ALFA ROMEO: 159 Sportwagon 939,159 939,BRERA; 50515149, 50515151, 50515152, 50515153, 50515217, 50515219, 50705966, 50705967, 50706132, 50706133, 50706134, 50706838, 50706839, 50706959, 50707111, 50707363, 50707718, 50708104, 50708105, 50708106, 50708107, 50708108, 50708636, 50708738, 50708740, 50708742, 50708993, 50708994; Iskarit,Iskunvaimennin<\/p>\n","protected":false},"excerpt":{"rendered":"<p>MONROE Iskunvaimentimet OESpectrum Premium 742045SP Iskarit,Iskunvaimennin ALFA ROMEO,159 Sportwagon 939,159 939,BRERA<\/p>\n","protected":false},"featured_media":0,"template":"","meta":{"site-sidebar-layout":"default","site-content-layout":"default","ast-global-header-display":"","ast-main-header-display":"","ast-hfb-above-header-display":"","ast-hfb-below-header-display":"","ast-hfb-mobile-header-display":"","site-post-title":"","ast-breadcrumbs-content":"","ast-featured-img":"","footer-sml-layout":"","theme-transparent-header-meta":"","adv-header-id-meta":"","stick-header-meta":"","header-above-stick-meta":"","header-main-stick-meta":"","header-below-stick-meta":""},"pwb-brand":[79],"product_cat":[80],"product_tag":[],"class_list":{"0":"post-19094","1":"product","2":"type-product","3":"status-publish","5":"pwb-brand-monroe","6":"product_cat-iskunvaimennin","7":"desktop-align-left","8":"tablet-align-left","9":"mobile-align-left","11":"first","12":"instock","13":"product-type-external"},"brands":[{"id":79,"name":"MONROE","slug":"monroe"}],"_links":{"self":[{"href":"https:\/\/www.autonvaraosahaku.fi\/index.php?rest_route=\/wp\/v2\/product\/19094","targetHints":{"allow":["GET"]}}],"collection":[{"href":"https:\/\/www.autonvaraosahaku.fi\/index.php?rest_route=\/wp\/v2\/product"}],"about":[{"href":"https:\/\/www.autonvaraosahaku.fi\/index.php?rest_route=\/wp\/v2\/types\/product"}],"wp:attachment":[{"href":"https:\/\/www.autonvaraosahaku.fi\/index.php?rest_route=%2Fwp%2Fv2%2Fmedia&parent=19094"}],"wp:term":[{"taxonomy":"pwb-brand","embeddable":true,"href":"https:\/\/www.autonvaraosahaku.fi\/index.php?rest_route=%2Fwp%2Fv2%2Fpwb-brand&post=19094"},{"taxonomy":"product_cat","embeddable":true,"href":"https:\/\/www.autonvaraosahaku.fi\/index.php?rest_route=%2Fwp%2Fv2%2Fproduct_cat&post=19094"},{"taxonomy":"product_tag","embeddable":true,"href":"https:\/\/www.autonvaraosahaku.fi\/index.php?rest_route=%2Fwp%2Fv2%2Fproduct_tag&post=19094"}],"curies":[{"name":"wp","href":"https:\/\/api.w.org\/{rel}","templated":true}]}}