{"id":19126,"date":"2021-02-21T14:35:51","date_gmt":"2021-02-21T14:35:51","guid":{"rendered":"https:\/\/www.autonvaraosahaku.fi\/?product=jp-group-3563701110-jarrupalat"},"modified":"2021-02-21T14:35:52","modified_gmt":"2021-02-21T14:35:52","slug":"jp-group-3563701110-jarrupalat","status":"publish","type":"product","link":"https:\/\/www.autonvaraosahaku.fi\/?product=jp-group-3563701110-jarrupalat","title":{"rendered":"JP GROUP 3563701110 Jarrupalat"},"content":{"rendered":"<p>Asennuspuoli: Taka-akseli; Paksuus [mm]: 15,7; Kulumisenilmaisimen liitos: akustisella kulumavaroittimella; Jarruj\u00e4rjestelm\u00e4: Akebono; M\u00e4\u00e4r\u00e4yksikk\u00f6: Akselisarja; Valmistusvuosi alkaen: 06\/2010; KIA: RIO III UB,CEE&#8217;D JD,CEE`D Sportswagon JD,CARENS IV,PRO CEE\u00b4D JD,OPTIMA,RIO III Stufenheck UB,SPORTAGE QL,SOUL II PS,NIRO,OPTIMA Sportswagon,CADENZA,RIO IV YB; SSANGYONG: TIVOLI,XLV Gel\u00e4ndewagen geschlossen; HYUNDAI: i40 CW VF,i30 GD,i30 CW GD,SONATA V NF,i30 Coupe,i40 VF,GRANDEUR TG,ELANTRA Stufenheck MD, UD,ACCENT IV RB,i20 GB,ACCENT IV Stufenheck RB,i20 ACTIVE GB,i20 Coupe; 583021RA30, 583023KA35, 583023RA70, 583023XA30, 583023ZA10, 583023ZA16, 583023ZA70, 583023ZA76, 58302A5A20, 58302A5B30, 58302C1A50, 58302C8A30, 583021WA35, 583023ZA00, 58302A4B10, 58302A6A20, 58302B2A00, 58302B2A70, 58302D4A55, 58302D4A65, 58302D7A70, 58302E4A10, 58302G2A40, 48413350B0; Jarrupalasarja,Jarrupala, Levyjarru<\/p>\n","protected":false},"excerpt":{"rendered":"<p>JP GROUP Jarrupalat JP Group 3563701110 Jarrupalasarja,Jarrupala, Levyjarru KIA,SSANGYONG,HYUNDAI,RIO III UB,CEE&#8217;D JD,CEE`D Sportswagon JD,CARENS IV<\/p>\n","protected":false},"featured_media":0,"template":"","meta":{"site-sidebar-layout":"default","site-content-layout":"default","ast-global-header-display":"","ast-main-header-display":"","ast-hfb-above-header-display":"","ast-hfb-below-header-display":"","ast-hfb-mobile-header-display":"","site-post-title":"","ast-breadcrumbs-content":"","ast-featured-img":"","footer-sml-layout":"","theme-transparent-header-meta":"","adv-header-id-meta":"","stick-header-meta":"","header-above-stick-meta":"","header-main-stick-meta":"","header-below-stick-meta":""},"pwb-brand":[131],"product_cat":[100],"product_tag":[],"class_list":{"0":"post-19126","1":"product","2":"type-product","3":"status-publish","5":"pwb-brand-jp-group","6":"product_cat-jarrupalat","7":"desktop-align-left","8":"tablet-align-left","9":"mobile-align-left","11":"first","12":"instock","13":"product-type-external"},"brands":[{"id":131,"name":"JP GROUP","slug":"jp-group"}],"_links":{"self":[{"href":"https:\/\/www.autonvaraosahaku.fi\/index.php?rest_route=\/wp\/v2\/product\/19126","targetHints":{"allow":["GET"]}}],"collection":[{"href":"https:\/\/www.autonvaraosahaku.fi\/index.php?rest_route=\/wp\/v2\/product"}],"about":[{"href":"https:\/\/www.autonvaraosahaku.fi\/index.php?rest_route=\/wp\/v2\/types\/product"}],"wp:attachment":[{"href":"https:\/\/www.autonvaraosahaku.fi\/index.php?rest_route=%2Fwp%2Fv2%2Fmedia&parent=19126"}],"wp:term":[{"taxonomy":"pwb-brand","embeddable":true,"href":"https:\/\/www.autonvaraosahaku.fi\/index.php?rest_route=%2Fwp%2Fv2%2Fpwb-brand&post=19126"},{"taxonomy":"product_cat","embeddable":true,"href":"https:\/\/www.autonvaraosahaku.fi\/index.php?rest_route=%2Fwp%2Fv2%2Fproduct_cat&post=19126"},{"taxonomy":"product_tag","embeddable":true,"href":"https:\/\/www.autonvaraosahaku.fi\/index.php?rest_route=%2Fwp%2Fv2%2Fproduct_tag&post=19126"}],"curies":[{"name":"wp","href":"https:\/\/api.w.org\/{rel}","templated":true}]}}