{"id":19129,"date":"2021-02-21T14:35:51","date_gmt":"2021-02-21T14:35:51","guid":{"rendered":"https:\/\/www.autonvaraosahaku.fi\/?product=hella-6pu-009-168-301-kampiakselin-asentotunnistin"},"modified":"2021-02-21T14:35:53","modified_gmt":"2021-02-21T14:35:53","slug":"hella-6pu-009-168-301-kampiakselin-asentotunnistin","status":"publish","type":"product","link":"https:\/\/www.autonvaraosahaku.fi\/?product=hella-6pu-009-168-301-kampiakselin-asentotunnistin","title":{"rendered":"HELLA 6PU 009 168-301 Kampiakselin asentotunnistin"},"content":{"rendered":"<p>Lis\u00e4tarvike\/lis\u00e4tieto: Ilman tiivisteit\u00e4; Napojen m\u00e4\u00e4r\u00e4: 3; Tunnistinmalli: Hall-anturi; J\u00e4nnite (V): 12; Valmistusvuosi alkaen: 10\/1992; BMW: 5 E39,5 Touring E39,3 Compact E36,3 E36,7 E38,3 Coupe E36,Z3 E36,3 Cabriolet E36,3 Touring E36,Z3 Coupe E36; 12141703221, 1703221; Nokka Akselin Anturi,Nokka Akselin Tunnistin,Tunnistin, Nokka-Akselin Ajoitus<\/p>\n","protected":false},"excerpt":{"rendered":"<p>HELLA Nokka Akselin Asentotunnistin 6PU 009 168-301 Nokka Akselin Anturi,Nokka Akselin Tunnistin BMW,5 E39,5 Touring E39,3 Compact E36,3 E36,7 E38<\/p>\n","protected":false},"featured_media":0,"template":"","meta":{"site-sidebar-layout":"default","site-content-layout":"default","ast-global-header-display":"","ast-main-header-display":"","ast-hfb-above-header-display":"","ast-hfb-below-header-display":"","ast-hfb-mobile-header-display":"","site-post-title":"","ast-breadcrumbs-content":"","ast-featured-img":"","footer-sml-layout":"","theme-transparent-header-meta":"","adv-header-id-meta":"","stick-header-meta":"","header-above-stick-meta":"","header-main-stick-meta":"","header-below-stick-meta":""},"pwb-brand":[24],"product_cat":[184],"product_tag":[],"class_list":{"0":"post-19129","1":"product","2":"type-product","3":"status-publish","5":"pwb-brand-hella","6":"product_cat-kampiakselin-asentotunnistin","7":"desktop-align-left","8":"tablet-align-left","9":"mobile-align-left","11":"first","12":"instock","13":"product-type-external"},"brands":[{"id":24,"name":"HELLA","slug":"hella"}],"_links":{"self":[{"href":"https:\/\/www.autonvaraosahaku.fi\/index.php?rest_route=\/wp\/v2\/product\/19129","targetHints":{"allow":["GET"]}}],"collection":[{"href":"https:\/\/www.autonvaraosahaku.fi\/index.php?rest_route=\/wp\/v2\/product"}],"about":[{"href":"https:\/\/www.autonvaraosahaku.fi\/index.php?rest_route=\/wp\/v2\/types\/product"}],"wp:attachment":[{"href":"https:\/\/www.autonvaraosahaku.fi\/index.php?rest_route=%2Fwp%2Fv2%2Fmedia&parent=19129"}],"wp:term":[{"taxonomy":"pwb-brand","embeddable":true,"href":"https:\/\/www.autonvaraosahaku.fi\/index.php?rest_route=%2Fwp%2Fv2%2Fpwb-brand&post=19129"},{"taxonomy":"product_cat","embeddable":true,"href":"https:\/\/www.autonvaraosahaku.fi\/index.php?rest_route=%2Fwp%2Fv2%2Fproduct_cat&post=19129"},{"taxonomy":"product_tag","embeddable":true,"href":"https:\/\/www.autonvaraosahaku.fi\/index.php?rest_route=%2Fwp%2Fv2%2Fproduct_tag&post=19129"}],"curies":[{"name":"wp","href":"https:\/\/api.w.org\/{rel}","templated":true}]}}