{"id":19130,"date":"2021-02-21T14:35:51","date_gmt":"2021-02-21T14:35:51","guid":{"rendered":"https:\/\/www.autonvaraosahaku.fi\/?product=topran-723-913-peruutustutka-anturit"},"modified":"2021-02-21T14:35:53","modified_gmt":"2021-02-21T14:35:53","slug":"topran-723-913-peruutustutka-anturit","status":"publish","type":"product","link":"https:\/\/www.autonvaraosahaku.fi\/?product=topran-723-913-peruutustutka-anturit","title":{"rendered":"TOPRAN 723 913 Peruutustutka anturit"},"content":{"rendered":"<p>Pinta: Pohjustettu; Napojen m\u00e4\u00e4r\u00e4: 3; Tunnistinmalli: Ultra\u00e4\u00e4nitunnistin; V\u00e4ri: Musta; ei uusittuun malliin (facelift): ; PEUGEOT: 208,508 SW,508; CITRO\u00cbN: C4 II B7,DS4,DS5; DS: DS 4 \/ DS 4 CROSSBACK; 1611735380, 6590QS, 9809300977, 1611735380, 6590QS, 9809300977, 1611735380, 6590QS, 9809300977; Tunnistin, Et\u00e4isyystunnistin<\/p>\n","protected":false},"excerpt":{"rendered":"<p>TOPRAN Peruutustutka Anturit 723 913 Tunnistin, Et\u00e4isyystunnistin PEUGEOT,CITRO\u00cbN,DS,208,508 SW,508,C4 II B7,DS4,DS5,DS 4 \/ DS 4 CROSSBACK<\/p>\n","protected":false},"featured_media":0,"template":"","meta":{"site-sidebar-layout":"default","site-content-layout":"default","ast-global-header-display":"","ast-main-header-display":"","ast-hfb-above-header-display":"","ast-hfb-below-header-display":"","ast-hfb-mobile-header-display":"","site-post-title":"","ast-breadcrumbs-content":"","ast-featured-img":"","footer-sml-layout":"","theme-transparent-header-meta":"","adv-header-id-meta":"","stick-header-meta":"","header-above-stick-meta":"","header-main-stick-meta":"","header-below-stick-meta":""},"pwb-brand":[18],"product_cat":[217],"product_tag":[],"class_list":{"0":"post-19130","1":"product","2":"type-product","3":"status-publish","5":"pwb-brand-topran","6":"product_cat-peruutustutka-anturit","7":"desktop-align-left","8":"tablet-align-left","9":"mobile-align-left","11":"first","12":"instock","13":"product-type-external"},"brands":[{"id":18,"name":"TOPRAN","slug":"topran"}],"_links":{"self":[{"href":"https:\/\/www.autonvaraosahaku.fi\/index.php?rest_route=\/wp\/v2\/product\/19130","targetHints":{"allow":["GET"]}}],"collection":[{"href":"https:\/\/www.autonvaraosahaku.fi\/index.php?rest_route=\/wp\/v2\/product"}],"about":[{"href":"https:\/\/www.autonvaraosahaku.fi\/index.php?rest_route=\/wp\/v2\/types\/product"}],"wp:attachment":[{"href":"https:\/\/www.autonvaraosahaku.fi\/index.php?rest_route=%2Fwp%2Fv2%2Fmedia&parent=19130"}],"wp:term":[{"taxonomy":"pwb-brand","embeddable":true,"href":"https:\/\/www.autonvaraosahaku.fi\/index.php?rest_route=%2Fwp%2Fv2%2Fpwb-brand&post=19130"},{"taxonomy":"product_cat","embeddable":true,"href":"https:\/\/www.autonvaraosahaku.fi\/index.php?rest_route=%2Fwp%2Fv2%2Fproduct_cat&post=19130"},{"taxonomy":"product_tag","embeddable":true,"href":"https:\/\/www.autonvaraosahaku.fi\/index.php?rest_route=%2Fwp%2Fv2%2Fproduct_tag&post=19130"}],"curies":[{"name":"wp","href":"https:\/\/api.w.org\/{rel}","templated":true}]}}