{"id":19134,"date":"2021-02-21T14:35:51","date_gmt":"2021-02-21T14:35:51","guid":{"rendered":"https:\/\/www.autonvaraosahaku.fi\/?product=contitech-vd1120-kampiakselin-hihnapyora"},"modified":"2021-02-21T14:35:53","modified_gmt":"2021-02-21T14:35:53","slug":"contitech-vd1120-kampiakselin-hihnapyora","status":"publish","type":"product","link":"https:\/\/www.autonvaraosahaku.fi\/?product=contitech-vd1120-kampiakselin-hihnapyora","title":{"rendered":"CONTITECH VD1120 Kampiakselin hihnapy\u00f6r\u00e4"},"content":{"rendered":"<p>Pakkauspituus [cm]: 23,5; Pakkausleveys [cm]: 23,5; Pakkauskorkeus [mm]: 11,5, 11,5; Paino [kg]: 2,96; kiiloja: 6; kiiloja: 2: 4; Valmistusvuoteen: 02\/2007; BMW: 3 E46,3 Touring E91,3 E90,5 E60,1 E87,5 Touring E61,3 Touring E46,X3 E83,3 Compact E46,3 Coupe E46,3 Cabriolet E46; 11237787304, 11237790921, 11237793882, 11237801977, 11237805696; Hihnapy\u00f6r\u00e4, Kampiakseli<\/p>\n","protected":false},"excerpt":{"rendered":"<p>CONTITECH Kampiakselin Hihnapy\u00f6r\u00e4 VD1120 Hihnapy\u00f6r\u00e4, Kampiakseli BMW,3 E46,3 Touring E91,3 E90,5 E60,1 E87,5 Touring E61,3 Touring E46,X3 E83<\/p>\n","protected":false},"featured_media":0,"template":"","meta":{"site-sidebar-layout":"default","site-content-layout":"default","ast-global-header-display":"","ast-main-header-display":"","ast-hfb-above-header-display":"","ast-hfb-below-header-display":"","ast-hfb-mobile-header-display":"","site-post-title":"","ast-breadcrumbs-content":"","ast-featured-img":"","footer-sml-layout":"","theme-transparent-header-meta":"","adv-header-id-meta":"","stick-header-meta":"","header-above-stick-meta":"","header-main-stick-meta":"","header-below-stick-meta":""},"pwb-brand":[187],"product_cat":[219],"product_tag":[],"class_list":{"0":"post-19134","1":"product","2":"type-product","3":"status-publish","5":"pwb-brand-contitech","6":"product_cat-kampiakselin-hihnapyora","7":"desktop-align-left","8":"tablet-align-left","9":"mobile-align-left","11":"first","12":"instock","13":"product-type-external"},"brands":[{"id":187,"name":"CONTITECH","slug":"contitech"}],"_links":{"self":[{"href":"https:\/\/www.autonvaraosahaku.fi\/index.php?rest_route=\/wp\/v2\/product\/19134","targetHints":{"allow":["GET"]}}],"collection":[{"href":"https:\/\/www.autonvaraosahaku.fi\/index.php?rest_route=\/wp\/v2\/product"}],"about":[{"href":"https:\/\/www.autonvaraosahaku.fi\/index.php?rest_route=\/wp\/v2\/types\/product"}],"wp:attachment":[{"href":"https:\/\/www.autonvaraosahaku.fi\/index.php?rest_route=%2Fwp%2Fv2%2Fmedia&parent=19134"}],"wp:term":[{"taxonomy":"pwb-brand","embeddable":true,"href":"https:\/\/www.autonvaraosahaku.fi\/index.php?rest_route=%2Fwp%2Fv2%2Fpwb-brand&post=19134"},{"taxonomy":"product_cat","embeddable":true,"href":"https:\/\/www.autonvaraosahaku.fi\/index.php?rest_route=%2Fwp%2Fv2%2Fproduct_cat&post=19134"},{"taxonomy":"product_tag","embeddable":true,"href":"https:\/\/www.autonvaraosahaku.fi\/index.php?rest_route=%2Fwp%2Fv2%2Fproduct_tag&post=19134"}],"curies":[{"name":"wp","href":"https:\/\/api.w.org\/{rel}","templated":true}]}}