{"id":19135,"date":"2021-02-21T14:35:51","date_gmt":"2021-02-21T14:35:51","guid":{"rendered":"https:\/\/www.autonvaraosahaku.fi\/?product=jp-group-4363700210-jarrupalat"},"modified":"2021-02-21T14:35:54","modified_gmt":"2021-02-21T14:35:54","slug":"jp-group-4363700210-jarrupalat","status":"publish","type":"product","link":"https:\/\/www.autonvaraosahaku.fi\/?product=jp-group-4363700210-jarrupalat","title":{"rendered":"JP GROUP 4363700210 Jarrupalat"},"content":{"rendered":"<p>Asennuspuoli: Taka-akseli; Paksuus [mm]: 15,7; Kulumisenilmaisimen liitos: Ilman kulumisenilmaisinta; Jarruj\u00e4rjestelm\u00e4: Bosch; Varusteet: ajoneuvoihin, joissa elektroninen seisontajarru; M\u00e4\u00e4r\u00e4yksikk\u00f6: Akselisarja; Valmistuspaiv\u00e4m\u00e4\u00e4r\u00e4\u00e4n: 2014-02; RENAULT: MEGANE III Grandtour KZ0\/1,SC\u00c9NIC III JZ0\/1_,MEGANE III Schr\u00e4gheck BZ0_,GRAND SC\u00c9NIC III JZ0\/1_,MEGANE III Coupe DZ0\/1_,MEGANE CC EZ0\/1_,FLUENCE L30_; 440601416R, 440603734R, 440604694R, 440608061R; Jarrupalasarja,Jarrupala, Levyjarru<\/p>\n","protected":false},"excerpt":{"rendered":"<p>JP GROUP Jarrupalat JP Group 4363700210 Jarrupalasarja,Jarrupala, Levyjarru RENAULT,MEGANE III Grandtour KZ0\/1,SC\u00c9NIC III JZ0\/1_<\/p>\n","protected":false},"featured_media":0,"template":"","meta":{"site-sidebar-layout":"default","site-content-layout":"default","ast-global-header-display":"","ast-main-header-display":"","ast-hfb-above-header-display":"","ast-hfb-below-header-display":"","ast-hfb-mobile-header-display":"","site-post-title":"","ast-breadcrumbs-content":"","ast-featured-img":"","footer-sml-layout":"","theme-transparent-header-meta":"","adv-header-id-meta":"","stick-header-meta":"","header-above-stick-meta":"","header-main-stick-meta":"","header-below-stick-meta":""},"pwb-brand":[131],"product_cat":[100],"product_tag":[],"class_list":{"0":"post-19135","1":"product","2":"type-product","3":"status-publish","5":"pwb-brand-jp-group","6":"product_cat-jarrupalat","7":"desktop-align-left","8":"tablet-align-left","9":"mobile-align-left","11":"first","12":"instock","13":"product-type-external"},"brands":[{"id":131,"name":"JP GROUP","slug":"jp-group"}],"_links":{"self":[{"href":"https:\/\/www.autonvaraosahaku.fi\/index.php?rest_route=\/wp\/v2\/product\/19135","targetHints":{"allow":["GET"]}}],"collection":[{"href":"https:\/\/www.autonvaraosahaku.fi\/index.php?rest_route=\/wp\/v2\/product"}],"about":[{"href":"https:\/\/www.autonvaraosahaku.fi\/index.php?rest_route=\/wp\/v2\/types\/product"}],"wp:attachment":[{"href":"https:\/\/www.autonvaraosahaku.fi\/index.php?rest_route=%2Fwp%2Fv2%2Fmedia&parent=19135"}],"wp:term":[{"taxonomy":"pwb-brand","embeddable":true,"href":"https:\/\/www.autonvaraosahaku.fi\/index.php?rest_route=%2Fwp%2Fv2%2Fpwb-brand&post=19135"},{"taxonomy":"product_cat","embeddable":true,"href":"https:\/\/www.autonvaraosahaku.fi\/index.php?rest_route=%2Fwp%2Fv2%2Fproduct_cat&post=19135"},{"taxonomy":"product_tag","embeddable":true,"href":"https:\/\/www.autonvaraosahaku.fi\/index.php?rest_route=%2Fwp%2Fv2%2Fproduct_tag&post=19135"}],"curies":[{"name":"wp","href":"https:\/\/api.w.org\/{rel}","templated":true}]}}