{"id":19145,"date":"2021-02-21T14:35:55","date_gmt":"2021-02-21T14:35:55","guid":{"rendered":"https:\/\/www.autonvaraosahaku.fi\/?product=gates-09-0098-ahdinletku"},"modified":"2021-02-21T14:35:56","modified_gmt":"2021-02-21T14:35:56","slug":"gates-09-0098-ahdinletku","status":"publish","type":"product","link":"https:\/\/www.autonvaraosahaku.fi\/?product=gates-09-0098-ahdinletku","title":{"rendered":"GATES 09-0098 Ahdinletku"},"content":{"rendered":"<p>Materiaali: Silikoni; V\u00e4ri: Musta; Letkupituus [mm]: 150; Sis\u00e4l\u00e4pimitta 1 [mm]: 47; Sis\u00e4l\u00e4pimitta 2 [mm]: 47; Apulaitteet: angetr. Agg.: Turbokompressor; FIAT: SCUDO 270_,SCUDO Kasten 270_,SCUDO Pritsche\/Fahrgestell 270_; PEUGEOT: 307 SW 3H,307 3A\/C,308 SW,308 4A_, 4C_,5008,307 Break 3E,3008,PARTNER Tepee,308 CC,EXPERT Tepee VF3V_,PARTNER Kasten,EXPERT Pritsche\/Fahrgestell,PARTNER Pritsche\/Fahrgestell; CITRO\u00cbN: BERLINGO B9,C4 Picasso I UD_,C4 Grand Picasso I UA_,C4 I LC_,BERLINGO Kasten M_,C4 Coupe LA_,JUMPY,BERLINGO Kasten B9,JUMPY Kasten,C4 Stufenheck L,BERLINGO Pritsche\/Fahrgestell B9,JUMPY Pritsche\/Fahrgestell; 0382FN, 0382LW, 0382LX, 9680356780, 9684994080, 9685214180, 0382FN, 0382LW, 0382LX; Turbon Letkut,Turbon Putket<\/p>\n","protected":false},"excerpt":{"rendered":"<p>GATES Ahdinletku 09-0098 Turbon Letkut,Turbon Putket FIAT,PEUGEOT,CITRO\u00cbN,SCUDO 270_,SCUDO Kasten 270_,SCUDO Pritsche\/Fahrgestell 270_,307 SW 3H<\/p>\n","protected":false},"featured_media":0,"template":"","meta":{"site-sidebar-layout":"default","site-content-layout":"default","ast-global-header-display":"","ast-main-header-display":"","ast-hfb-above-header-display":"","ast-hfb-below-header-display":"","ast-hfb-mobile-header-display":"","site-post-title":"","ast-breadcrumbs-content":"","ast-featured-img":"","footer-sml-layout":"","theme-transparent-header-meta":"","adv-header-id-meta":"","stick-header-meta":"","header-above-stick-meta":"","header-main-stick-meta":"","header-below-stick-meta":""},"pwb-brand":[22],"product_cat":[113],"product_tag":[],"class_list":{"0":"post-19145","1":"product","2":"type-product","3":"status-publish","5":"pwb-brand-gates","6":"product_cat-ahdinletku","7":"desktop-align-left","8":"tablet-align-left","9":"mobile-align-left","11":"first","12":"instock","13":"product-type-external"},"brands":[{"id":22,"name":"GATES","slug":"gates"}],"_links":{"self":[{"href":"https:\/\/www.autonvaraosahaku.fi\/index.php?rest_route=\/wp\/v2\/product\/19145","targetHints":{"allow":["GET"]}}],"collection":[{"href":"https:\/\/www.autonvaraosahaku.fi\/index.php?rest_route=\/wp\/v2\/product"}],"about":[{"href":"https:\/\/www.autonvaraosahaku.fi\/index.php?rest_route=\/wp\/v2\/types\/product"}],"wp:attachment":[{"href":"https:\/\/www.autonvaraosahaku.fi\/index.php?rest_route=%2Fwp%2Fv2%2Fmedia&parent=19145"}],"wp:term":[{"taxonomy":"pwb-brand","embeddable":true,"href":"https:\/\/www.autonvaraosahaku.fi\/index.php?rest_route=%2Fwp%2Fv2%2Fpwb-brand&post=19145"},{"taxonomy":"product_cat","embeddable":true,"href":"https:\/\/www.autonvaraosahaku.fi\/index.php?rest_route=%2Fwp%2Fv2%2Fproduct_cat&post=19145"},{"taxonomy":"product_tag","embeddable":true,"href":"https:\/\/www.autonvaraosahaku.fi\/index.php?rest_route=%2Fwp%2Fv2%2Fproduct_tag&post=19145"}],"curies":[{"name":"wp","href":"https:\/\/api.w.org\/{rel}","templated":true}]}}