{"id":19146,"date":"2021-02-21T14:35:55","date_gmt":"2021-02-21T14:35:55","guid":{"rendered":"https:\/\/www.autonvaraosahaku.fi\/?product=mapco-47855hps-jarrulevyt"},"modified":"2021-02-21T14:35:56","modified_gmt":"2021-02-21T14:35:56","slug":"mapco-47855hps-jarrulevyt","status":"publish","type":"product","link":"https:\/\/www.autonvaraosahaku.fi\/?product=mapco-47855hps-jarrulevyt","title":{"rendered":"MAPCO 47855HPS Jarrulevyt"},"content":{"rendered":"<p>Laatu: HPS standard; Asennuspuoli: Etuakseli; Pinta: pinnoitettu; Jarrulevytyyppi: Tuuletettu; Ulkol\u00e4pimitta [mm]: 256; Jarrulevyn paksuus (mm): 22, 19,6; V\u00e4himm\u00e4ispaksuus (mm): 19; Korkeus (mm): 37; Sis\u00e4l\u00e4pimitta [mm]: 133,5; Reik\u00e4-\u00d8 [mm]: 15,6; Reikien m\u00e4\u00e4r\u00e4: 5; Reik\u00e4ympyr\u00e4-\u00d8 [mm]: 100; keskitt\u00e4misl\u00e4pimitta [mm]: 65; K\u00e4sittely: hiiliter\u00e4s; Jarruj\u00e4rjestelm\u00e4: Volkswagen; Leveys (mm): 146; Kulumisenilmaisimen liitos: Sis. kulumisenilmaisimen, ; PR-numerolle: 1LQ,1LR,1ZG; VW: GOLF IV 1J1,POLO 9N_,POLO 6R, 6C,FOX 5Z1, 5Z3,BORA 1J2,BORA Kombi 1J6,POLO Stufenheck,POLO Stufenheck 9A4,POLO Van 6R,GOLF IV Van 1J1; AUDI: A3 8L1,A2 8Z0,A1 8X1, 8XF,A1 Sportback 8XA, 8XK; SKODA: FABIA Combi 6Y5,FABIA,FABIA 6Y2,OCTAVIA Combi 1U5,FABIA Combi,ROOMSTER 5J,OCTAVIA 1U2,RAPID Spaceback NH1,FABIA Stufenheck 6Y3,ROOMSTER Praktik 5J,RAPID NH3,FABIA Praktik,FABIA NJ3,FABIA Kombi NJ5; SEAT: IBIZA IV 6L1,IBIZA V 6J5, 6P5,LEON 1M1,IBIZA V ST 6J8, 6P8,TOLEDO II 1M2,IBIZA V SPORTCOUPE 6J1, 6P1,CORDOBA 6L2,TOLEDO IV KG3<\/p>\n","protected":false},"excerpt":{"rendered":"<p>MAPCO Jarrupalasarja Levyjarru 47855HPS  VW,AUDI,SKODA,GOLF IV 1J1,POLO 9N_,POLO 6R, 6C,FOX 5Z1, 5Z3,BORA 1J2,BORA Kombi 1J6,POLO Stufenheck<\/p>\n","protected":false},"featured_media":0,"template":"","meta":{"site-sidebar-layout":"default","site-content-layout":"default","ast-global-header-display":"","ast-main-header-display":"","ast-hfb-above-header-display":"","ast-hfb-below-header-display":"","ast-hfb-mobile-header-display":"","site-post-title":"","ast-breadcrumbs-content":"","ast-featured-img":"","footer-sml-layout":"","theme-transparent-header-meta":"","adv-header-id-meta":"","stick-header-meta":"","header-above-stick-meta":"","header-main-stick-meta":"","header-below-stick-meta":""},"pwb-brand":[36],"product_cat":[66],"product_tag":[],"class_list":{"0":"post-19146","1":"product","2":"type-product","3":"status-publish","5":"pwb-brand-mapco","6":"product_cat-jarrulevyt","7":"desktop-align-left","8":"tablet-align-left","9":"mobile-align-left","11":"first","12":"instock","13":"product-type-external"},"brands":[{"id":36,"name":"MAPCO","slug":"mapco"}],"_links":{"self":[{"href":"https:\/\/www.autonvaraosahaku.fi\/index.php?rest_route=\/wp\/v2\/product\/19146","targetHints":{"allow":["GET"]}}],"collection":[{"href":"https:\/\/www.autonvaraosahaku.fi\/index.php?rest_route=\/wp\/v2\/product"}],"about":[{"href":"https:\/\/www.autonvaraosahaku.fi\/index.php?rest_route=\/wp\/v2\/types\/product"}],"wp:attachment":[{"href":"https:\/\/www.autonvaraosahaku.fi\/index.php?rest_route=%2Fwp%2Fv2%2Fmedia&parent=19146"}],"wp:term":[{"taxonomy":"pwb-brand","embeddable":true,"href":"https:\/\/www.autonvaraosahaku.fi\/index.php?rest_route=%2Fwp%2Fv2%2Fpwb-brand&post=19146"},{"taxonomy":"product_cat","embeddable":true,"href":"https:\/\/www.autonvaraosahaku.fi\/index.php?rest_route=%2Fwp%2Fv2%2Fproduct_cat&post=19146"},{"taxonomy":"product_tag","embeddable":true,"href":"https:\/\/www.autonvaraosahaku.fi\/index.php?rest_route=%2Fwp%2Fv2%2Fproduct_tag&post=19146"}],"curies":[{"name":"wp","href":"https:\/\/api.w.org\/{rel}","templated":true}]}}