{"id":19170,"date":"2021-02-21T14:35:59","date_gmt":"2021-02-21T14:35:59","guid":{"rendered":"https:\/\/www.autonvaraosahaku.fi\/?product=trw-gdb2143-jarrupalat"},"modified":"2021-02-21T14:36:01","modified_gmt":"2021-02-21T14:36:01","slug":"trw-gdb2143-jarrupalat","status":"publish","type":"product","link":"https:\/\/www.autonvaraosahaku.fi\/?product=trw-gdb2143-jarrupalat","title":{"rendered":"TRW GDB2143 Jarrupalat"},"content":{"rendered":"<p>Valmistaja rajaus: TRW; Pituus (mm): 160,2; Korkeus (mm): 64,5; Paksuus [mm]: 20,4; Kulumisenilmaisimen liitos: Kulumisenilmaisemelle; Tarkistuskilpi: E9 90R-02A0107\/3374; M\u00e4\u00e4r\u00e4yksikk\u00f6: Akselisarja; Asennuspuoli: Vorderachse; VW: GOLF VII 5G1, BE1,UP,GOLF VII Kombi BA5,PASSAT Variant 3G5,TIGUAN AD1,CADDY IV Kombi SAB, SAJ,PASSAT 3G2,CADDY IV Kasten SAA, SAH,PASSAT ALLTRACK 3G5,ARTEON 3H7,CADDY ALLTRACK Kasten SAA,CADDY ALLTRACK Kombi SAB; 5Q0698151D, 2K5698151A, 2K5698151, 2K5698151A, 5Q0698151D; Jarrupalasarja,Jarrupala, Levyjarru<\/p>\n","protected":false},"excerpt":{"rendered":"<p>TRW Jarrupalat GDB2143 Jarrupalasarja,Jarrupala, Levyjarru VW,GOLF VII 5G1, BE1,UP,GOLF VII Kombi BA5,PASSAT Variant 3G5,TIGUAN AD1<\/p>\n","protected":false},"featured_media":0,"template":"","meta":{"site-sidebar-layout":"default","site-content-layout":"default","ast-global-header-display":"","ast-main-header-display":"","ast-hfb-above-header-display":"","ast-hfb-below-header-display":"","ast-hfb-mobile-header-display":"","site-post-title":"","ast-breadcrumbs-content":"","ast-featured-img":"","footer-sml-layout":"","theme-transparent-header-meta":"","adv-header-id-meta":"","stick-header-meta":"","header-above-stick-meta":"","header-main-stick-meta":"","header-below-stick-meta":""},"pwb-brand":[332],"product_cat":[100],"product_tag":[],"class_list":{"0":"post-19170","1":"product","2":"type-product","3":"status-publish","5":"pwb-brand-trw","6":"product_cat-jarrupalat","7":"desktop-align-left","8":"tablet-align-left","9":"mobile-align-left","11":"first","12":"instock","13":"product-type-external"},"brands":[{"id":332,"name":"TRW","slug":"trw"}],"_links":{"self":[{"href":"https:\/\/www.autonvaraosahaku.fi\/index.php?rest_route=\/wp\/v2\/product\/19170","targetHints":{"allow":["GET"]}}],"collection":[{"href":"https:\/\/www.autonvaraosahaku.fi\/index.php?rest_route=\/wp\/v2\/product"}],"about":[{"href":"https:\/\/www.autonvaraosahaku.fi\/index.php?rest_route=\/wp\/v2\/types\/product"}],"wp:attachment":[{"href":"https:\/\/www.autonvaraosahaku.fi\/index.php?rest_route=%2Fwp%2Fv2%2Fmedia&parent=19170"}],"wp:term":[{"taxonomy":"pwb-brand","embeddable":true,"href":"https:\/\/www.autonvaraosahaku.fi\/index.php?rest_route=%2Fwp%2Fv2%2Fpwb-brand&post=19170"},{"taxonomy":"product_cat","embeddable":true,"href":"https:\/\/www.autonvaraosahaku.fi\/index.php?rest_route=%2Fwp%2Fv2%2Fproduct_cat&post=19170"},{"taxonomy":"product_tag","embeddable":true,"href":"https:\/\/www.autonvaraosahaku.fi\/index.php?rest_route=%2Fwp%2Fv2%2Fproduct_tag&post=19170"}],"curies":[{"name":"wp","href":"https:\/\/api.w.org\/{rel}","templated":true}]}}