{"id":19182,"date":"2021-02-21T14:36:03","date_gmt":"2021-02-21T14:36:03","guid":{"rendered":"https:\/\/www.autonvaraosahaku.fi\/?product=elring-726-760-kierretulppa"},"modified":"2021-02-21T14:36:04","modified_gmt":"2021-02-21T14:36:04","slug":"elring-726-760-kierretulppa","status":"publish","type":"product","link":"https:\/\/www.autonvaraosahaku.fi\/?product=elring-726-760-kierretulppa","title":{"rendered":"ELRING 726.760 Kierretulppa"},"content":{"rendered":"<p>Sis\u00e4l\u00e4pimitta [mm]: 14; Ulkol\u00e4pimitta [mm]: 20; Paksuus [mm]: 2; Muoto: A-muoto; Materiaali: Alumiini; KIA: SORENTO I JC,PICANTO BA,SPORTAGE SL,CEE&#8217;D SW ED,CEE&#8217;D Schr\u00e4gheck ED,SPORTAGE JE_, KM_,VENGA YN,SORENTO II XM,CARENS II FJ,RIO III UB,RIO II JB,CEE&#8217;D JD,CARENS III UN,CARNIVAL II GQ,CARNIVAL \/ GRAND CARNIVAL III VQ,PICANTO TA,CEE`D Sportswagon JD,RIO Kombi DC,PRO CEE&#8217;D ED,CARENS IV,SOUL AM,CERATO LD,MAGENTIS GD,MAGENTIS MG,PRO CEE\u00b4D JD,OPIRUS GH,CERATO Stufenheck LD,RIO II Stufenheck JB,OPTIMA,RIO Stufenheck DC_,JOICE,SHUMA II FB,RIO III Stufenheck UB,SHUMA FB,PRIDE DA,SHUMA II Stufenheck FB,PREGIO Kasten TB,SPORTAGE QL,PREGIO Bus,K2500 SD,CERATO II Stufenheck TD,SORENTO III,SOUL II PS,BORREGO,BONGO Pritsche\/Fahrgestell,OPTIMA Sportswagon,CERATO YD Stufenheck,CERATO KOUP TD,CADENZA,RIO IV YB,CEE&#8217;D Combi Van JD,PICANTO JA,STONIC YB,RIO IV Stufenheck SC, FB; HYUNDAI: ix35 LM, EL, ELH,i30 FD,GETZ TB,i10 PA,i20 PB, PBT,TUCSON JM,i30 CW FD,i40 CW VF,SANTA F\u00c9 I SM,SANTA F\u00c9 II CM,i30 GD,ix20 JC,MATRIX FC,TERRACAN HP,i30 CW GD,COUPE GK,H-1 Travel TQ,ATOS MX,TRAJET FO,SONATA V NF,GALLOPER II JK-01,ix55,SANTA F\u00c9 III DM,i30 Coupe,SONATA IV EF,GENESIS Coupe,ACCENT II LC,COUPE RD,VELOSTER FS,i40 VF,H-1 Kasten,H-1 Cargo TQ,ACCENT III MC,H-1 \/ STAREX,ELANTRA XD,ACCENT III Stufenheck MC,ELANTRA Stufenheck XD,ACCENT I X-3,ACCENT II Stufenheck LC,GRANDEUR TG,XG XG,LANTRA II Wagon J-2,GRAND SANTA F\u00c9,LANTRA II J-2,SANTAMO,ACCENT Stufenheck X-3,SONATA III Y-3,GALLOPER I,LANTRA I J-1,TUCSON,i10 IA,S COUPE SLC,ELANTRA Stufenheck MD, UD,H100 Bus P,ACCENT IV RB,i20 GB,HIGHWAY VAN,H100 Kasten,TIBURON Coupe,SONATA VI YF,ELANTRA Stufenheck HD,GENESIS BH,H-1 Pritsche\/Fahrgestell,SONATA II Y-2,ACCENT IV Stufenheck RB,i30 PDE,PORTER Pritsche\/Fahrgestell,H100 Pick-up,ELANTRA Coupe,H100 Pritsche\/Fahrgestell,GRANDEUR HG,H350 Bus;,HD LIGHT; GENESIS: G90; 2151321000, 2151323000, 2151323001, K995641400; Tiiviste, \u00d6ljynlaskutulppa<\/p>\n","protected":false},"excerpt":{"rendered":"<p>ELRING \u00d6ljytulpan Tiiviste 726.760 Tiiviste, \u00d6ljynlaskutulppa KIA,HYUNDAI,GENESIS,SORENTO I JC,PICANTO BA,SPORTAGE SL,CEE&#8217;D SW ED<\/p>\n","protected":false},"featured_media":0,"template":"","meta":{"site-sidebar-layout":"default","site-content-layout":"default","ast-global-header-display":"","ast-main-header-display":"","ast-hfb-above-header-display":"","ast-hfb-below-header-display":"","ast-hfb-mobile-header-display":"","site-post-title":"","ast-breadcrumbs-content":"","ast-featured-img":"","footer-sml-layout":"","theme-transparent-header-meta":"","adv-header-id-meta":"","stick-header-meta":"","header-above-stick-meta":"","header-main-stick-meta":"","header-below-stick-meta":""},"pwb-brand":[26],"product_cat":[40],"product_tag":[],"class_list":{"0":"post-19182","1":"product","2":"type-product","3":"status-publish","5":"pwb-brand-elring","6":"product_cat-kierretulppa","7":"desktop-align-left","8":"tablet-align-left","9":"mobile-align-left","11":"first","12":"instock","13":"product-type-external"},"brands":[{"id":26,"name":"ELRING","slug":"elring"}],"_links":{"self":[{"href":"https:\/\/www.autonvaraosahaku.fi\/index.php?rest_route=\/wp\/v2\/product\/19182","targetHints":{"allow":["GET"]}}],"collection":[{"href":"https:\/\/www.autonvaraosahaku.fi\/index.php?rest_route=\/wp\/v2\/product"}],"about":[{"href":"https:\/\/www.autonvaraosahaku.fi\/index.php?rest_route=\/wp\/v2\/types\/product"}],"wp:attachment":[{"href":"https:\/\/www.autonvaraosahaku.fi\/index.php?rest_route=%2Fwp%2Fv2%2Fmedia&parent=19182"}],"wp:term":[{"taxonomy":"pwb-brand","embeddable":true,"href":"https:\/\/www.autonvaraosahaku.fi\/index.php?rest_route=%2Fwp%2Fv2%2Fpwb-brand&post=19182"},{"taxonomy":"product_cat","embeddable":true,"href":"https:\/\/www.autonvaraosahaku.fi\/index.php?rest_route=%2Fwp%2Fv2%2Fproduct_cat&post=19182"},{"taxonomy":"product_tag","embeddable":true,"href":"https:\/\/www.autonvaraosahaku.fi\/index.php?rest_route=%2Fwp%2Fv2%2Fproduct_tag&post=19182"}],"curies":[{"name":"wp","href":"https:\/\/api.w.org\/{rel}","templated":true}]}}