{"id":19241,"date":"2021-02-21T14:36:15","date_gmt":"2021-02-21T14:36:15","guid":{"rendered":"https:\/\/www.autonvaraosahaku.fi\/?product=alanko-10800840-tuulilasin-pyyhkimen-moottori"},"modified":"2021-02-21T14:36:16","modified_gmt":"2021-02-21T14:36:16","slug":"alanko-10800840-tuulilasin-pyyhkimen-moottori","status":"publish","type":"product","link":"https:\/\/www.autonvaraosahaku.fi\/?product=alanko-10800840-tuulilasin-pyyhkimen-moottori","title":{"rendered":"ALANKO 10800840 Tuulilasin pyyhkimen moottori"},"content":{"rendered":"<p>J\u00e4nnite (V): 12; Asennuspuoli: Takana; Napojen m\u00e4\u00e4r\u00e4: 4; Vasen \/ oikea liikenne: Oikean-\/vasemmanpuolinen ohjaus; Kiinnitysreikien lukum\u00e4\u00e4r\u00e4: 3; kierrereiki\u00e4 [kpl]: 0; Pistokkeen kotelon muoto: Kulmikas; M\u00e4\u00e4r\u00e4yksikk\u00f6: Kappale; Uusi osa: ; SKODA: OCTAVIA Combi 1Z5; Pyyhkij\u00e4n Moottori<\/p>\n","protected":false},"excerpt":{"rendered":"<p>ALANKO Tuulilasin Pyyhkimen Moottori 10800840 Pyyhkij\u00e4n Moottori SKODA,OCTAVIA Combi 1Z5<\/p>\n","protected":false},"featured_media":0,"template":"","meta":{"site-sidebar-layout":"default","site-content-layout":"default","ast-global-header-display":"","ast-main-header-display":"","ast-hfb-above-header-display":"","ast-hfb-below-header-display":"","ast-hfb-mobile-header-display":"","site-post-title":"","ast-breadcrumbs-content":"","ast-featured-img":"","footer-sml-layout":"","theme-transparent-header-meta":"","adv-header-id-meta":"","stick-header-meta":"","header-above-stick-meta":"","header-main-stick-meta":"","header-below-stick-meta":""},"pwb-brand":[324],"product_cat":[32],"product_tag":[],"class_list":{"0":"post-19241","1":"product","2":"type-product","3":"status-publish","5":"pwb-brand-alanko","6":"product_cat-tuulilasin-pyyhkimen-moottori","7":"desktop-align-left","8":"tablet-align-left","9":"mobile-align-left","11":"first","12":"instock","13":"product-type-external"},"brands":[{"id":324,"name":"ALANKO","slug":"alanko"}],"_links":{"self":[{"href":"https:\/\/www.autonvaraosahaku.fi\/index.php?rest_route=\/wp\/v2\/product\/19241","targetHints":{"allow":["GET"]}}],"collection":[{"href":"https:\/\/www.autonvaraosahaku.fi\/index.php?rest_route=\/wp\/v2\/product"}],"about":[{"href":"https:\/\/www.autonvaraosahaku.fi\/index.php?rest_route=\/wp\/v2\/types\/product"}],"wp:attachment":[{"href":"https:\/\/www.autonvaraosahaku.fi\/index.php?rest_route=%2Fwp%2Fv2%2Fmedia&parent=19241"}],"wp:term":[{"taxonomy":"pwb-brand","embeddable":true,"href":"https:\/\/www.autonvaraosahaku.fi\/index.php?rest_route=%2Fwp%2Fv2%2Fpwb-brand&post=19241"},{"taxonomy":"product_cat","embeddable":true,"href":"https:\/\/www.autonvaraosahaku.fi\/index.php?rest_route=%2Fwp%2Fv2%2Fproduct_cat&post=19241"},{"taxonomy":"product_tag","embeddable":true,"href":"https:\/\/www.autonvaraosahaku.fi\/index.php?rest_route=%2Fwp%2Fv2%2Fproduct_tag&post=19241"}],"curies":[{"name":"wp","href":"https:\/\/api.w.org\/{rel}","templated":true}]}}