{"id":19242,"date":"2021-02-21T14:36:15","date_gmt":"2021-02-21T14:36:15","guid":{"rendered":"https:\/\/www.autonvaraosahaku.fi\/?product=ackoja-a64-0086-pyoranpultit"},"modified":"2021-02-21T14:36:16","modified_gmt":"2021-02-21T14:36:16","slug":"ackoja-a64-0086-pyoranpultit","status":"publish","type":"product","link":"https:\/\/www.autonvaraosahaku.fi\/?product=ackoja-a64-0086-pyoranpultit","title":{"rendered":"ACKOJA A64-0086 Py\u00f6r\u00e4npultit"},"content":{"rendered":"<p>Paksuus [mm]: 17; Sis\u00e4kierre (mm): M12 x 1,25; Tarvittava kappalem\u00e4\u00e4r\u00e4: 16; NISSAN: PIXO UA0; SUZUKI: SWIFT III MZ, EZ,SWIFT IV FZ, NZ,SX4 EY, GY,WAGON R+ MM,IGNIS FH,ALTO HA25, HA35,LIANA Schr\u00e4gheck,LIANA ER,WAGON R+ EM,KIZASHI FR,BALENO Kombi EG,BALENO EG,SX4 Stufenheck GY,BALENO Schr\u00e4gheck EG,WAGON R,CARRY Kasten FD,CELERIO,CARRY Pick-up FD; OPEL: AGILA A H00; VAUXHALL: AGILA Mk I A; 361814A0A2, 402244A00B, 009207054, 04705171, 09207054, 4705171, 9207054, 0060583031000, 0914012013, 0914012013000, 0914012026, 0914012026000, 0914012040, 0914012040000, 0914012042, 0914012042000, 0914084CA0000, 09140M12026, 09140M12040; Py\u00f6r\u00e4n Mutteri<\/p>\n","protected":false},"excerpt":{"rendered":"<p>ACKOJA Py\u00f6r\u00e4nmutterit Original ACKOJA Quality A64-0086 Py\u00f6r\u00e4n Mutteri NISSAN,SUZUKI,OPEL,PIXO UA0,SWIFT III MZ, EZ,SWIFT IV FZ, NZ,SX4 EY, GY<\/p>\n","protected":false},"featured_media":0,"template":"","meta":{"site-sidebar-layout":"default","site-content-layout":"default","ast-global-header-display":"","ast-main-header-display":"","ast-hfb-above-header-display":"","ast-hfb-below-header-display":"","ast-hfb-mobile-header-display":"","site-post-title":"","ast-breadcrumbs-content":"","ast-featured-img":"","footer-sml-layout":"","theme-transparent-header-meta":"","adv-header-id-meta":"","stick-header-meta":"","header-above-stick-meta":"","header-main-stick-meta":"","header-below-stick-meta":""},"pwb-brand":[386],"product_cat":[51],"product_tag":[],"class_list":{"0":"post-19242","1":"product","2":"type-product","3":"status-publish","5":"pwb-brand-ackoja","6":"product_cat-pyoranpultit","7":"desktop-align-left","8":"tablet-align-left","9":"mobile-align-left","11":"first","12":"instock","13":"product-type-external"},"brands":[{"id":386,"name":"ACKOJA","slug":"ackoja"}],"_links":{"self":[{"href":"https:\/\/www.autonvaraosahaku.fi\/index.php?rest_route=\/wp\/v2\/product\/19242","targetHints":{"allow":["GET"]}}],"collection":[{"href":"https:\/\/www.autonvaraosahaku.fi\/index.php?rest_route=\/wp\/v2\/product"}],"about":[{"href":"https:\/\/www.autonvaraosahaku.fi\/index.php?rest_route=\/wp\/v2\/types\/product"}],"wp:attachment":[{"href":"https:\/\/www.autonvaraosahaku.fi\/index.php?rest_route=%2Fwp%2Fv2%2Fmedia&parent=19242"}],"wp:term":[{"taxonomy":"pwb-brand","embeddable":true,"href":"https:\/\/www.autonvaraosahaku.fi\/index.php?rest_route=%2Fwp%2Fv2%2Fpwb-brand&post=19242"},{"taxonomy":"product_cat","embeddable":true,"href":"https:\/\/www.autonvaraosahaku.fi\/index.php?rest_route=%2Fwp%2Fv2%2Fproduct_cat&post=19242"},{"taxonomy":"product_tag","embeddable":true,"href":"https:\/\/www.autonvaraosahaku.fi\/index.php?rest_route=%2Fwp%2Fv2%2Fproduct_tag&post=19242"}],"curies":[{"name":"wp","href":"https:\/\/api.w.org\/{rel}","templated":true}]}}