{"id":19243,"date":"2021-02-21T14:36:15","date_gmt":"2021-02-21T14:36:15","guid":{"rendered":"https:\/\/www.autonvaraosahaku.fi\/?product=vaico-v25-0974-pyoranpultit"},"modified":"2021-02-21T14:36:16","modified_gmt":"2021-02-21T14:36:16","slug":"vaico-v25-0974-pyoranpultit","status":"publish","type":"product","link":"https:\/\/www.autonvaraosahaku.fi\/?product=vaico-v25-0974-pyoranpultit","title":{"rendered":"VAICO V25-0974 Py\u00f6r\u00e4npultit"},"content":{"rendered":"<p>Sis\u00e4kierre (mm): M12 x 1,5; Py\u00f6r\u00e4n kiinnitys: Kartiolaippa F; Asennuspuoli: Taka-akseli, Etuakseli; Avainv\u00e4li: 19; Ruuvikanta\/mutteriprofiili: Kuusioruuvi \/-mutteri; Paino [kg]: 0,06; Pakkausleveys [cm]: 1,87; Pakkauskorkeus [mm]: 3,03; Pakkaussyvyys [cm]: 2,78; lis\u00e4tieto: CST99; Tarvittava kappalem\u00e4\u00e4r\u00e4: 20; VOLVO: V50 MW,C30,S40 II MS,V40 Schr\u00e4gheck; FORD: FIESTA V JH_, JD_,MONDEO III Kombi BWY,FOCUS II Kombi DA_,FIESTA VI,MONDEO IV Turnier BA7,FOCUS II DA_,FOCUS III Turnier,FOCUS C-MAX,FIESTA IV JA_, JB_,KUGA I,FUSION JU_,KA RB_,MONDEO III B5Y,C-MAX DM2,FOCUS III,C-MAX II,MONDEO IV BA7,MONDEO III Stufenheck B4Y,GRAND C-MAX,STREET KA RL2,MONDEO II Kombi BNP,FIESTA III GFJ,TRANSIT CONNECT P65_, P70_, P80_,FOCUS II Stufenheck DA_,FOCUS II Cabriolet,COUGAR EC_,MONDEO II BAP,TOURNEO CONNECT,PUMA EC_,FOCUS III Stufenheck,MONDEO IV Stufenheck BA7,ESCORT VII GAL, AAL, ABL,MONDEO II Stufenheck BFP,MONDEO I Kombi BNP,MONDEO I GBP,ESCORT VII Kombi GAL, ANL,FIESTA V Van,TRANSIT  MK-5 Bus E_ _,ESCORT VII Cabriolet ALL,FIESTA VI Van,ESCORT VI Cabriolet ALL,ESCORT VI GAL,SCORPIO II GFR, GGR,TRANSIT Kasten T_ _,TRANSIT MK-5 Pritsche\/Fahrgestell E_ _,SCORPIO I GAE, GGE,ESCORT V Cabriolet ALL,TRANSIT Bus T_ _,MONDEO I Stufenheck GBP,TRANSIT Bus MK-4 E_ _,CAPRI III GECP,SIERRA Schr\u00e4gheck GBC,TRANSIT MK-5 Kasten E_ _,ESCORT &#8217;; 1454051, 1527078, 1678260, 6106730, 81EB1K024AA, 81EB1K024AB, 8V411K024AA, 8V411K024AB, 8V411K024AC, NAM9077, 30666349, 30683951, 30723579, 31200241, 31317466, 31329645; Py\u00f6r\u00e4n Mutteri<\/p>\n","protected":false},"excerpt":{"rendered":"<p>VAICO Py\u00f6r\u00e4nmutterit V25-0974 Py\u00f6r\u00e4n Mutteri VOLVO,FORD,V50 MW,C30,S40 II MS,V40 Schr\u00e4gheck,FIESTA V JH_, JD_,MONDEO III Kombi BWY,FOCUS II Kombi DA_<\/p>\n","protected":false},"featured_media":0,"template":"","meta":{"site-sidebar-layout":"default","site-content-layout":"default","ast-global-header-display":"","ast-main-header-display":"","ast-hfb-above-header-display":"","ast-hfb-below-header-display":"","ast-hfb-mobile-header-display":"","site-post-title":"","ast-breadcrumbs-content":"","ast-featured-img":"","footer-sml-layout":"","theme-transparent-header-meta":"","adv-header-id-meta":"","stick-header-meta":"","header-above-stick-meta":"","header-main-stick-meta":"","header-below-stick-meta":""},"pwb-brand":[330],"product_cat":[51],"product_tag":[],"class_list":{"0":"post-19243","1":"product","2":"type-product","3":"status-publish","5":"pwb-brand-vaico","6":"product_cat-pyoranpultit","7":"desktop-align-left","8":"tablet-align-left","9":"mobile-align-left","11":"first","12":"instock","13":"product-type-external"},"brands":[{"id":330,"name":"VAICO","slug":"vaico"}],"_links":{"self":[{"href":"https:\/\/www.autonvaraosahaku.fi\/index.php?rest_route=\/wp\/v2\/product\/19243","targetHints":{"allow":["GET"]}}],"collection":[{"href":"https:\/\/www.autonvaraosahaku.fi\/index.php?rest_route=\/wp\/v2\/product"}],"about":[{"href":"https:\/\/www.autonvaraosahaku.fi\/index.php?rest_route=\/wp\/v2\/types\/product"}],"wp:attachment":[{"href":"https:\/\/www.autonvaraosahaku.fi\/index.php?rest_route=%2Fwp%2Fv2%2Fmedia&parent=19243"}],"wp:term":[{"taxonomy":"pwb-brand","embeddable":true,"href":"https:\/\/www.autonvaraosahaku.fi\/index.php?rest_route=%2Fwp%2Fv2%2Fpwb-brand&post=19243"},{"taxonomy":"product_cat","embeddable":true,"href":"https:\/\/www.autonvaraosahaku.fi\/index.php?rest_route=%2Fwp%2Fv2%2Fproduct_cat&post=19243"},{"taxonomy":"product_tag","embeddable":true,"href":"https:\/\/www.autonvaraosahaku.fi\/index.php?rest_route=%2Fwp%2Fv2%2Fproduct_tag&post=19243"}],"curies":[{"name":"wp","href":"https:\/\/api.w.org\/{rel}","templated":true}]}}