{"id":19247,"date":"2021-02-21T14:36:15","date_gmt":"2021-02-21T14:36:15","guid":{"rendered":"https:\/\/www.autonvaraosahaku.fi\/?product=esen-skv-28skv016-peruutustutka-anturit"},"modified":"2021-02-21T14:36:16","modified_gmt":"2021-02-21T14:36:16","slug":"esen-skv-28skv016-peruutustutka-anturit","status":"publish","type":"product","link":"https:\/\/www.autonvaraosahaku.fi\/?product=esen-skv-28skv016-peruutustutka-anturit","title":{"rendered":"ESEN SKV 28SKV016 Peruutustutka anturit"},"content":{"rendered":"<p>J\u00e4nnite (V): 12; Paino [kg]: 0,02; K\u00e4ytt\u00f6: S\u00e4hk\u00f6inen; Muoto: Kulmikas; Tunnistinmalli: Ultra\u00e4\u00e4nitunnistin; Napojen m\u00e4\u00e4r\u00e4: 3; BMW: 1 F20,3 Touring F31,3 F30, F35, F80,1 F21,3 Gran Turismo F34,4 Coupe F32, F82; 66202220666, 66206835278, 66209261580, 66209261581, 66209261582, 66209261584, 66209261585, 66209261586, 66209261587, 66209261588, 66209261589, 66209261590, 66209261591, 66209261592, 66209261593, 66209261594, 66209261595, 66209261596, 66209288224, 66209317895, 66209317896, 66209317897, 6835278, 9261580, 9261581, 9261582, 9261584, 9261585, 9261586, 9261587, 9261588, 9261589, 9261590, 9261591, 9261592, 9261593, 9261594, 9261595, 9261596, 9288224, 9290890, 9317895, 9317896, 9317897, 9353663, 735531904, 0009050242, 0009050342, A0009050242, A0009050342; Tunnistin, Et\u00e4isyystunnistin<\/p>\n","protected":false},"excerpt":{"rendered":"<p>ESEN SKV Peruutustutka Anturit 28SKV016 Tunnistin, Et\u00e4isyystunnistin BMW,1 F20,3 Touring F31,3 F30, F35, F80,1 F21,3 Gran Turismo F34,4 Coupe F32, F82<\/p>\n","protected":false},"featured_media":0,"template":"","meta":{"site-sidebar-layout":"default","site-content-layout":"default","ast-global-header-display":"","ast-main-header-display":"","ast-hfb-above-header-display":"","ast-hfb-below-header-display":"","ast-hfb-mobile-header-display":"","site-post-title":"","ast-breadcrumbs-content":"","ast-featured-img":"","footer-sml-layout":"","theme-transparent-header-meta":"","adv-header-id-meta":"","stick-header-meta":"","header-above-stick-meta":"","header-main-stick-meta":"","header-below-stick-meta":""},"pwb-brand":[384],"product_cat":[217],"product_tag":[],"class_list":{"0":"post-19247","1":"product","2":"type-product","3":"status-publish","5":"pwb-brand-esen-skv","6":"product_cat-peruutustutka-anturit","7":"desktop-align-left","8":"tablet-align-left","9":"mobile-align-left","11":"first","12":"instock","13":"product-type-external"},"brands":[{"id":384,"name":"ESEN SKV","slug":"esen-skv"}],"_links":{"self":[{"href":"https:\/\/www.autonvaraosahaku.fi\/index.php?rest_route=\/wp\/v2\/product\/19247","targetHints":{"allow":["GET"]}}],"collection":[{"href":"https:\/\/www.autonvaraosahaku.fi\/index.php?rest_route=\/wp\/v2\/product"}],"about":[{"href":"https:\/\/www.autonvaraosahaku.fi\/index.php?rest_route=\/wp\/v2\/types\/product"}],"wp:attachment":[{"href":"https:\/\/www.autonvaraosahaku.fi\/index.php?rest_route=%2Fwp%2Fv2%2Fmedia&parent=19247"}],"wp:term":[{"taxonomy":"pwb-brand","embeddable":true,"href":"https:\/\/www.autonvaraosahaku.fi\/index.php?rest_route=%2Fwp%2Fv2%2Fpwb-brand&post=19247"},{"taxonomy":"product_cat","embeddable":true,"href":"https:\/\/www.autonvaraosahaku.fi\/index.php?rest_route=%2Fwp%2Fv2%2Fproduct_cat&post=19247"},{"taxonomy":"product_tag","embeddable":true,"href":"https:\/\/www.autonvaraosahaku.fi\/index.php?rest_route=%2Fwp%2Fv2%2Fproduct_tag&post=19247"}],"curies":[{"name":"wp","href":"https:\/\/api.w.org\/{rel}","templated":true}]}}