{"id":19256,"date":"2021-02-21T14:36:15","date_gmt":"2021-02-21T14:36:15","guid":{"rendered":"https:\/\/www.autonvaraosahaku.fi\/?product=arnott-as-2809-ilmajousitus"},"modified":"2021-02-21T14:36:18","modified_gmt":"2021-02-21T14:36:18","slug":"arnott-as-2809-ilmajousitus","status":"publish","type":"product","link":"https:\/\/www.autonvaraosahaku.fi\/?product=arnott-as-2809-ilmajousitus","title":{"rendered":"Arnott AS-2809 Ilmajousitus"},"content":{"rendered":"<p>Jousitusmalli: Ajoneuvoihin, joissa ilmajousitus; Asennuspuoli: Edess\u00e4; Pakkauspituus [cm]: 76; Pakkausleveys [cm]: 19,5; Pakkauskorkeus [mm]: 20; Paino [kg]: 10,2; Nettopaino [kg]: 8,9; valmistusmaa: USA; Iskunvaimennin asennustapa: Silta ylh\u00e4\u00e4ll\u00e4, Silmukka alhaalla; LAND ROVER: RANGE ROVER SPORT LS,DISCOVERY III TAA,DISCOVERY IV LA; LR016414, LR016415, LR016416, LR034282, LR034283, LR041108, RNB000855, RNB000856, RNB000857, RNB000858, RNB501180, RNB501250, RNB501460, RNB501470, RNB501580, RNB501590, RNB501600, RNB501610, RNB501620; Ilmajousijalka<\/p>\n","protected":false},"excerpt":{"rendered":"<p>Arnott Ilmajousitus AS-2809 Ilmajousijalka LAND ROVER,RANGE ROVER SPORT LS,DISCOVERY III TAA,DISCOVERY IV LA<\/p>\n","protected":false},"featured_media":0,"template":"","meta":{"site-sidebar-layout":"default","site-content-layout":"default","ast-global-header-display":"","ast-main-header-display":"","ast-hfb-above-header-display":"","ast-hfb-below-header-display":"","ast-hfb-mobile-header-display":"","site-post-title":"","ast-breadcrumbs-content":"","ast-featured-img":"","footer-sml-layout":"","theme-transparent-header-meta":"","adv-header-id-meta":"","stick-header-meta":"","header-above-stick-meta":"","header-main-stick-meta":"","header-below-stick-meta":""},"pwb-brand":[401],"product_cat":[439],"product_tag":[],"class_list":{"0":"post-19256","1":"product","2":"type-product","3":"status-publish","5":"pwb-brand-arnott","6":"product_cat-ilmajousitus","7":"desktop-align-left","8":"tablet-align-left","9":"mobile-align-left","11":"first","12":"instock","13":"product-type-external"},"brands":[{"id":401,"name":"Arnott","slug":"arnott"}],"_links":{"self":[{"href":"https:\/\/www.autonvaraosahaku.fi\/index.php?rest_route=\/wp\/v2\/product\/19256","targetHints":{"allow":["GET"]}}],"collection":[{"href":"https:\/\/www.autonvaraosahaku.fi\/index.php?rest_route=\/wp\/v2\/product"}],"about":[{"href":"https:\/\/www.autonvaraosahaku.fi\/index.php?rest_route=\/wp\/v2\/types\/product"}],"wp:attachment":[{"href":"https:\/\/www.autonvaraosahaku.fi\/index.php?rest_route=%2Fwp%2Fv2%2Fmedia&parent=19256"}],"wp:term":[{"taxonomy":"pwb-brand","embeddable":true,"href":"https:\/\/www.autonvaraosahaku.fi\/index.php?rest_route=%2Fwp%2Fv2%2Fpwb-brand&post=19256"},{"taxonomy":"product_cat","embeddable":true,"href":"https:\/\/www.autonvaraosahaku.fi\/index.php?rest_route=%2Fwp%2Fv2%2Fproduct_cat&post=19256"},{"taxonomy":"product_tag","embeddable":true,"href":"https:\/\/www.autonvaraosahaku.fi\/index.php?rest_route=%2Fwp%2Fv2%2Fproduct_tag&post=19256"}],"curies":[{"name":"wp","href":"https:\/\/api.w.org\/{rel}","templated":true}]}}