{"id":19273,"date":"2021-02-21T14:36:19","date_gmt":"2021-02-21T14:36:19","guid":{"rendered":"https:\/\/www.autonvaraosahaku.fi\/?product=ridex-4g0079-laturi"},"modified":"2021-02-21T14:36:21","modified_gmt":"2021-02-21T14:36:21","slug":"ridex-4g0079-laturi","status":"publish","type":"product","link":"https:\/\/www.autonvaraosahaku.fi\/?product=ridex-4g0079-laturi","title":{"rendered":"RIDEX 4G0079 Laturi"},"content":{"rendered":"<p>Pituus 1 (mm): 30; Pituus 2 (mm): 16; Pituus 3 [mm]: 41; J\u00e4nnite (V): 12; Laturi varausvirta (A): 100; Hihnapy\u00f6r\u00e4t: V\u00e4lihihnapy\u00f6r\u00e4ll\u00e4; kiiloja: 6; Hihnapy\u00f6r\u00e4-\u00d8[mm]: 62; Valmistusvuoteen: 02\/2007; TOYOTA: AURIS NRE15_, ZZE15_, ADE15_, ZRE15_, NDE15_,COROLLA ZZE12_, NDE12_, ZDE12_,COROLLA Kombi _E12J_, _E12T_,COROLLA Stufenheck _E12J_, _E12T_,COROLLA Stufenheck E15_; 270600N020, 270600N021, 270600N02184, 270600N030, 270600N031, 2706033070, 2706033071, 2706033072; Generaattori<\/p>\n","protected":false},"excerpt":{"rendered":"<p>RIDEX Laturi 4G0079 Generaattori TOYOTA,AURIS NRE15_, ZZE15_, ADE15_, ZRE15_, NDE15_,COROLLA ZZE12_, NDE12_, ZDE12_,COROLLA Kombi _E12J_, _E12T_<\/p>\n","protected":false},"featured_media":0,"template":"","meta":{"site-sidebar-layout":"default","site-content-layout":"default","ast-global-header-display":"","ast-main-header-display":"","ast-hfb-above-header-display":"","ast-hfb-below-header-display":"","ast-hfb-mobile-header-display":"","site-post-title":"","ast-breadcrumbs-content":"","ast-featured-img":"","footer-sml-layout":"","theme-transparent-header-meta":"","adv-header-id-meta":"","stick-header-meta":"","header-above-stick-meta":"","header-main-stick-meta":"","header-below-stick-meta":""},"pwb-brand":[157],"product_cat":[357],"product_tag":[],"class_list":{"0":"post-19273","1":"product","2":"type-product","3":"status-publish","5":"pwb-brand-ridex","6":"product_cat-laturi","7":"desktop-align-left","8":"tablet-align-left","9":"mobile-align-left","11":"first","12":"instock","13":"product-type-external"},"brands":[{"id":157,"name":"RIDEX","slug":"ridex"}],"_links":{"self":[{"href":"https:\/\/www.autonvaraosahaku.fi\/index.php?rest_route=\/wp\/v2\/product\/19273","targetHints":{"allow":["GET"]}}],"collection":[{"href":"https:\/\/www.autonvaraosahaku.fi\/index.php?rest_route=\/wp\/v2\/product"}],"about":[{"href":"https:\/\/www.autonvaraosahaku.fi\/index.php?rest_route=\/wp\/v2\/types\/product"}],"wp:attachment":[{"href":"https:\/\/www.autonvaraosahaku.fi\/index.php?rest_route=%2Fwp%2Fv2%2Fmedia&parent=19273"}],"wp:term":[{"taxonomy":"pwb-brand","embeddable":true,"href":"https:\/\/www.autonvaraosahaku.fi\/index.php?rest_route=%2Fwp%2Fv2%2Fpwb-brand&post=19273"},{"taxonomy":"product_cat","embeddable":true,"href":"https:\/\/www.autonvaraosahaku.fi\/index.php?rest_route=%2Fwp%2Fv2%2Fproduct_cat&post=19273"},{"taxonomy":"product_tag","embeddable":true,"href":"https:\/\/www.autonvaraosahaku.fi\/index.php?rest_route=%2Fwp%2Fv2%2Fproduct_tag&post=19273"}],"curies":[{"name":"wp","href":"https:\/\/api.w.org\/{rel}","templated":true}]}}