{"id":19297,"date":"2021-02-21T14:36:23","date_gmt":"2021-02-21T14:36:23","guid":{"rendered":"https:\/\/www.autonvaraosahaku.fi\/?product=master-sport-30691-set-ms-alapallonivel"},"modified":"2021-02-21T14:36:26","modified_gmt":"2021-02-21T14:36:26","slug":"master-sport-30691-set-ms-alapallonivel","status":"publish","type":"product","link":"https:\/\/www.autonvaraosahaku.fi\/?product=master-sport-30691-set-ms-alapallonivel","title":{"rendered":"MASTER-SPORT 30691-SET-MS Alapallonivel"},"content":{"rendered":"<p>Asennuspuoli: Etuakseli, Alla, Molemminpuolin; Kierremitta: M14x1,5; Lukum\u00e4\u00e4r\u00e4 akselille: 2; Nettopaino [kg]: 0,77; Bruttopaino [kg]: 0,82; Valmistusvuosi alkaen: 05\/1995; SUBARU: LEVORG; TOYOTA: RAV 4 II CLA2_, XA2_, ZCA2_, ACA2_,COROLLA ZZE12_, NDE12_, ZDE12_,COROLLA Kombi _E12J_, _E12T_,COROLLA Liftback _E11_,COROLLA Compact _E11_,COROLLA Verso ZDE12_, CDE12_,CELICA ZZT23_,COROLLA Stufenheck _E12J_, _E12T_,COROLLA Compact _E10_,COROLLA _E11_,COROLLA Wagon __E11_,COROLLA Liftback _E10_,COROLLA _E10_,PRIUS Stufenheck NHW11_,COROLLA Stufenheck E15_,COROLLA Wagon _E10_,PRIUS _W5_,PRIUS PHV _W52_; 4333009070, 4333009090, 4333009230, 4333019115; Pallonivel<\/p>\n","protected":false},"excerpt":{"rendered":"<p>MASTER-SPORT Alapallonivel 30691-SET-MS Pallonivel SUBARU,TOYOTA,LEVORG,RAV 4 II CLA2_, XA2_, ZCA2_, ACA2_,COROLLA ZZE12_, NDE12_, ZDE12_<\/p>\n","protected":false},"featured_media":0,"template":"","meta":{"site-sidebar-layout":"default","site-content-layout":"default","ast-global-header-display":"","ast-main-header-display":"","ast-hfb-above-header-display":"","ast-hfb-below-header-display":"","ast-hfb-mobile-header-display":"","site-post-title":"","ast-breadcrumbs-content":"","ast-featured-img":"","footer-sml-layout":"","theme-transparent-header-meta":"","adv-header-id-meta":"","stick-header-meta":"","header-above-stick-meta":"","header-main-stick-meta":"","header-below-stick-meta":""},"pwb-brand":[61],"product_cat":[93],"product_tag":[],"class_list":{"0":"post-19297","1":"product","2":"type-product","3":"status-publish","5":"pwb-brand-master-sport","6":"product_cat-alapallonivel","7":"desktop-align-left","8":"tablet-align-left","9":"mobile-align-left","11":"first","12":"instock","13":"product-type-external"},"brands":[{"id":61,"name":"MASTER-SPORT","slug":"master-sport"}],"_links":{"self":[{"href":"https:\/\/www.autonvaraosahaku.fi\/index.php?rest_route=\/wp\/v2\/product\/19297","targetHints":{"allow":["GET"]}}],"collection":[{"href":"https:\/\/www.autonvaraosahaku.fi\/index.php?rest_route=\/wp\/v2\/product"}],"about":[{"href":"https:\/\/www.autonvaraosahaku.fi\/index.php?rest_route=\/wp\/v2\/types\/product"}],"wp:attachment":[{"href":"https:\/\/www.autonvaraosahaku.fi\/index.php?rest_route=%2Fwp%2Fv2%2Fmedia&parent=19297"}],"wp:term":[{"taxonomy":"pwb-brand","embeddable":true,"href":"https:\/\/www.autonvaraosahaku.fi\/index.php?rest_route=%2Fwp%2Fv2%2Fpwb-brand&post=19297"},{"taxonomy":"product_cat","embeddable":true,"href":"https:\/\/www.autonvaraosahaku.fi\/index.php?rest_route=%2Fwp%2Fv2%2Fproduct_cat&post=19297"},{"taxonomy":"product_tag","embeddable":true,"href":"https:\/\/www.autonvaraosahaku.fi\/index.php?rest_route=%2Fwp%2Fv2%2Fproduct_tag&post=19297"}],"curies":[{"name":"wp","href":"https:\/\/api.w.org\/{rel}","templated":true}]}}