{"id":19360,"date":"2021-02-21T14:36:39","date_gmt":"2021-02-21T14:36:39","guid":{"rendered":"https:\/\/www.autonvaraosahaku.fi\/?product=ngk-96835-ilmamassamittari"},"modified":"2021-02-21T14:36:39","modified_gmt":"2021-02-21T14:36:39","slug":"ngk-96835-ilmamassamittari","status":"publish","type":"product","link":"https:\/\/www.autonvaraosahaku.fi\/?product=ngk-96835-ilmamassamittari","title":{"rendered":"NGK 96835 Ilmamassamittari"},"content":{"rendered":"<p>Kotelomalli: Ilman koppaa, Ilman koppaa; Korvaava tuote\/korvaava tiedote 2: Sis\u00e4\u00e4nrakennetulla ilmal\u00e4mp\u00f6tilasensorilla, Sis\u00e4\u00e4nrakennetulla ilmal\u00e4mp\u00f6tilasensorilla; Pituus (mm): 45; Valmistusvuoteen: 06\/1998; MERCEDES-BENZ: C-CLASS W203,E-CLASS W211,C-CLASS W204,C-CLASS T-Model S204,C-CLASS T-Model S203,C-CLASS W202,E-CLASS T-Model S211,SLK R170,E-CLASS W210,C-CLASS Coupe CL203,M-CLASS W163,E-CLASS Kombi S210,CLK C208,SL R129,CLK C209,C-CLASS Kombi S202,S-CLASS W220,VITO Bus 638,CLK Cabriolet A208,S-CLASS W140,SPRINTER 3-t Kasten 903,SPRINTER 2-t Bus 901, 902,V-CLASS 638\/2,SPRINTER 3-t Bus 903,SPRINTER 3-t Pritsche\/Fahrgestell 903,VITO Kasten 638,SPRINTER 4-t Pritsche\/Fahrgestell 904,SPRINTER 2-t Pritsche\/Fahrgestell 901, 902,SPRINTER 4-t Kasten 904,SPRINTER 4-t Bus 904; BMW: 3 E46,3 Touring E91,3 E90,5 E39,1 E87,3 Touring E46,5 Touring E39,3 Compact E46,3 Coupe E46,3 Compact E36,3 E36,X5 E53,3 Cabriolet E46,7 E38,Z3 E36,Z4 E85,3 Cabriolet E36,3 Touring E36; PORSCHE: BOXSTER 986,911 996; LAND ROVER: FREELANDER LN; SSANGYONG: MUSSO FJ,KORANDO KJ; ROVER: 75 RJ,75 Tourer RJ; MG: MG ZT- T,MG ZT; 13627566986, 13712247002, 0000940948, 0000941048, 0000941448, 0000941948, A0000940948, A0000941048, A0000941448, A0000941948, 0000940948, 0000941048, 0000941448, 0000941948, 1120940048, 1130940048, 6460940048, A0000940948, A0000941048, A0000941448, A0000941948, A1120940048, A1130940048, A6460940048, 99660612300, 0000940948, 0000941048, 0000941448, 0000941948, A0000940948, A0000941048, A0000941448, A0000941948, 0000940948, 0000941048, 0000941448, 0000941948, A0000940948, A0000941048, A0000941448, A0000941948; Ilmam\u00e4\u00e4r\u00e4mittari,MAF Anturi<\/p>\n","protected":false},"excerpt":{"rendered":"<p>NGK Ilmamassamittari 96835 Ilmam\u00e4\u00e4r\u00e4mittari,MAF Anturi MERCEDES-BENZ,BMW,PORSCHE,C-CLASS W203,E-CLASS W211,C-CLASS W204,C-CLASS T-Model S204<\/p>\n","protected":false},"featured_media":0,"template":"","meta":{"site-sidebar-layout":"default","site-content-layout":"default","ast-global-header-display":"","ast-main-header-display":"","ast-hfb-above-header-display":"","ast-hfb-below-header-display":"","ast-hfb-mobile-header-display":"","site-post-title":"","ast-breadcrumbs-content":"","ast-featured-img":"","footer-sml-layout":"","theme-transparent-header-meta":"","adv-header-id-meta":"","stick-header-meta":"","header-above-stick-meta":"","header-main-stick-meta":"","header-below-stick-meta":""},"pwb-brand":[189],"product_cat":[270],"product_tag":[],"class_list":{"0":"post-19360","1":"product","2":"type-product","3":"status-publish","5":"pwb-brand-ngk","6":"product_cat-ilmamassamittari","7":"desktop-align-left","8":"tablet-align-left","9":"mobile-align-left","11":"first","12":"instock","13":"product-type-external"},"brands":[{"id":189,"name":"NGK","slug":"ngk"}],"_links":{"self":[{"href":"https:\/\/www.autonvaraosahaku.fi\/index.php?rest_route=\/wp\/v2\/product\/19360","targetHints":{"allow":["GET"]}}],"collection":[{"href":"https:\/\/www.autonvaraosahaku.fi\/index.php?rest_route=\/wp\/v2\/product"}],"about":[{"href":"https:\/\/www.autonvaraosahaku.fi\/index.php?rest_route=\/wp\/v2\/types\/product"}],"wp:attachment":[{"href":"https:\/\/www.autonvaraosahaku.fi\/index.php?rest_route=%2Fwp%2Fv2%2Fmedia&parent=19360"}],"wp:term":[{"taxonomy":"pwb-brand","embeddable":true,"href":"https:\/\/www.autonvaraosahaku.fi\/index.php?rest_route=%2Fwp%2Fv2%2Fpwb-brand&post=19360"},{"taxonomy":"product_cat","embeddable":true,"href":"https:\/\/www.autonvaraosahaku.fi\/index.php?rest_route=%2Fwp%2Fv2%2Fproduct_cat&post=19360"},{"taxonomy":"product_tag","embeddable":true,"href":"https:\/\/www.autonvaraosahaku.fi\/index.php?rest_route=%2Fwp%2Fv2%2Fproduct_tag&post=19360"}],"curies":[{"name":"wp","href":"https:\/\/api.w.org\/{rel}","templated":true}]}}