{"id":19377,"date":"2021-02-21T14:36:39","date_gmt":"2021-02-21T14:36:39","guid":{"rendered":"https:\/\/www.autonvaraosahaku.fi\/?product=trucktec-automotive-88-25-006-automaattivaihteistooljy"},"modified":"2021-02-21T14:36:42","modified_gmt":"2021-02-21T14:36:42","slug":"trucktec-automotive-88-25-006-automaattivaihteistooljy","status":"publish","type":"product","link":"https:\/\/www.autonvaraosahaku.fi\/?product=trucktec-automotive-88-25-006-automaattivaihteistooljy","title":{"rendered":"TRUCKTEC AUTOMOTIVE 88.25.006 Automaattivaihteisto\u00f6ljy"},"content":{"rendered":"<p>OE-numerolle: 001 989 2103; Tilavuus (litra): 1; V\u00e4ri: Punainen; Kemialliset ominaisuudet: synteettinen; Pakkaustyyppi: Pullo; Erittely: Dexron III H,; Valmistajan hyv\u00e4ksym\u00e4: TES-389,, MB 236.1, 236.6,, MB 236.9, MB 236.10, ZF TEML 04D, 05L, 14B, 16L, 17C,, VOITH H 55.6336.3x, VOLVO 97341,, 1161521, MAN 339 Z-2, Z-3, Allison C4,, GM Dexron III H,; MERCEDES-BENZ: C-CLASS W203,E-CLASS W211,C-CLASS W204,C-CLASS T-Model S204,C-CLASS T-Model S203,C-CLASS W202,E-CLASS T-Model S211,SLK R170,E-CLASS W210,E-CLASS W212,VIANO W639,C-CLASS Coupe CL203,E-CLASS T-Model S212,E-CLASS Kombi S210,VITO Bus W639,CLK C208,SL R129,CLK C209,C-CLASS Kombi S202,S-CLASS W220,VITO \/ MIXTO Kasten W639,SPRINTER 3,5-t Kasten 906,S-CLASS W221,SL R230,G-CLASS W463,E-CLASS Coupe C207,CLK Cabriolet A208,CLK Cabriolet A209,S-CLASS W140,SPRINTER 3,5-t Bus 906,SPRINTER 3-t Kasten 906,E-CLASS Cabriolet A207,CLC-CLASS CL203,G-CLASS W461,SPRINTER 3,5-t Pritsche\/Fahrgestell 906,S-CLASS Coupe C215,S-CLASS Coupe C216,SPRINTER 3-t Bus 906,SPRINTER 5-t Kasten 906,S-CLASS Coupe C140,SPRINTER 5-t Pritsche\/Fahrgestell 906,G-CLASS Cabrio W463,SPRINTER 3-t Pritsche\/Fahrgestell 906,SPRINTER 4,6-t Pritsche\/Fahrgestell 906,SPRINTER 4,6-t Kasten 906; 83220402413, 83220402413red, 83222355599, 83222355599red, 83227542290, 83227542290red, 0019892103, 0019892103red, A0019892103, A0019892103red, 83229407858, 83229407858red, 97341red<\/p>\n","protected":false},"excerpt":{"rendered":"<p>TRUCKTEC AUTOMOTIVE Automaattivaihteisto\u00f6ljy 88.25.006  MERCEDES-BENZ,C-CLASS W203,E-CLASS W211,C-CLASS W204,C-CLASS T-Model S204,C-CLASS T-Model S203<\/p>\n","protected":false},"featured_media":0,"template":"","meta":{"site-sidebar-layout":"default","site-content-layout":"default","ast-global-header-display":"","ast-main-header-display":"","ast-hfb-above-header-display":"","ast-hfb-below-header-display":"","ast-hfb-mobile-header-display":"","site-post-title":"","ast-breadcrumbs-content":"","ast-featured-img":"","footer-sml-layout":"","theme-transparent-header-meta":"","adv-header-id-meta":"","stick-header-meta":"","header-above-stick-meta":"","header-main-stick-meta":"","header-below-stick-meta":""},"pwb-brand":[147],"product_cat":[143],"product_tag":[],"class_list":{"0":"post-19377","1":"product","2":"type-product","3":"status-publish","5":"pwb-brand-trucktec-automotive","6":"product_cat-automaattivaihteistooljy","7":"desktop-align-left","8":"tablet-align-left","9":"mobile-align-left","11":"first","12":"instock","13":"product-type-external"},"brands":[{"id":147,"name":"TRUCKTEC AUTOMOTIVE","slug":"trucktec-automotive"}],"_links":{"self":[{"href":"https:\/\/www.autonvaraosahaku.fi\/index.php?rest_route=\/wp\/v2\/product\/19377","targetHints":{"allow":["GET"]}}],"collection":[{"href":"https:\/\/www.autonvaraosahaku.fi\/index.php?rest_route=\/wp\/v2\/product"}],"about":[{"href":"https:\/\/www.autonvaraosahaku.fi\/index.php?rest_route=\/wp\/v2\/types\/product"}],"wp:attachment":[{"href":"https:\/\/www.autonvaraosahaku.fi\/index.php?rest_route=%2Fwp%2Fv2%2Fmedia&parent=19377"}],"wp:term":[{"taxonomy":"pwb-brand","embeddable":true,"href":"https:\/\/www.autonvaraosahaku.fi\/index.php?rest_route=%2Fwp%2Fv2%2Fpwb-brand&post=19377"},{"taxonomy":"product_cat","embeddable":true,"href":"https:\/\/www.autonvaraosahaku.fi\/index.php?rest_route=%2Fwp%2Fv2%2Fproduct_cat&post=19377"},{"taxonomy":"product_tag","embeddable":true,"href":"https:\/\/www.autonvaraosahaku.fi\/index.php?rest_route=%2Fwp%2Fv2%2Fproduct_tag&post=19377"}],"curies":[{"name":"wp","href":"https:\/\/api.w.org\/{rel}","templated":true}]}}