{"id":19384,"date":"2021-02-21T14:36:43","date_gmt":"2021-02-21T14:36:43","guid":{"rendered":"https:\/\/www.autonvaraosahaku.fi\/?product=master-sport-920-80-of-pcs-ms-oljynsuodatin"},"modified":"2021-02-21T14:36:44","modified_gmt":"2021-02-21T14:36:44","slug":"master-sport-920-80-of-pcs-ms-oljynsuodatin","status":"publish","type":"product","link":"https:\/\/www.autonvaraosahaku.fi\/?product=master-sport-920-80-of-pcs-ms-oljynsuodatin","title":{"rendered":"MASTER-SPORT 920\/80-OF-PCS-MS \u00d6ljynsuodatin"},"content":{"rendered":"<p>Ulkol\u00e4pimitta [mm]: 93; Korvaava tuote\/korvaava tiedote 2: yhdell\u00e4 peruutuksenestoventtiilill\u00e4; Avauspaine ohitusventtiili [bar]: 1,0; Ulkol\u00e4pimitta 2 [mm]: 88; Korkeus (mm): 121; Sis\u00e4l\u00e4pimitta 2 [mm]: 80; Kierremitta: M 26 X 1.5; Nettopaino [kg]: 0,52; Bruttopaino [kg]: 0,53; Moottorinumero: 4HF1; MAZDA: 626 IV Hatchback GE,626 IV GE,626 III GD,626 III Hatchback GD,626 III Station Wagon GV; SUZUKI: GRAND VITARA I FT,VITARA ET, TA; OPEL: FRONTERA A Sport 5_SUD2,FRONTERA A 5_MWL4,CAMPO TF_,MONTEREY A UBS_; MITSUBISHI: GALANT VI Station Wagon EA_,GALANT VI EA_,SPACE WAGON N3_W, N4_W; VAUXHALL: FRONTERA Mk I A,BRAVA Pick-up,MONTEREY,FRONTERA Mk I A Sport; ISUZU: TROOPER UBS,TROOPER UB,TROOPER Soft Top UB,N (5th Generation); 1560187308, 5873104420, 894217272, 8943406970, 8943406971, 8943604270, 8943604271, 8970215760, 006000789B91, RF7114302, RF711H302, RFT11A302, RFY014302, RFY414302, MD110920, MD336080, 650391, 1651078E00, 1651078E00000, 1651678E00, 1651678E00000, 1651678E01, 1651678E01000<\/p>\n","protected":false},"excerpt":{"rendered":"<p>MASTER-SPORT \u00d6ljynsuodatin 920\/80-OF-PCS-MS  MAZDA,SUZUKI,OPEL,626 IV Hatchback GE,626 IV GE,626 III GD,626 III Hatchback GD,626 III Station Wagon GV<\/p>\n","protected":false},"featured_media":0,"template":"","meta":{"site-sidebar-layout":"default","site-content-layout":"default","ast-global-header-display":"","ast-main-header-display":"","ast-hfb-above-header-display":"","ast-hfb-below-header-display":"","ast-hfb-mobile-header-display":"","site-post-title":"","ast-breadcrumbs-content":"","ast-featured-img":"","footer-sml-layout":"","theme-transparent-header-meta":"","adv-header-id-meta":"","stick-header-meta":"","header-above-stick-meta":"","header-main-stick-meta":"","header-below-stick-meta":""},"pwb-brand":[61],"product_cat":[30],"product_tag":[],"class_list":{"0":"post-19384","1":"product","2":"type-product","3":"status-publish","5":"pwb-brand-master-sport","6":"product_cat-oljynsuodatin","7":"desktop-align-left","8":"tablet-align-left","9":"mobile-align-left","11":"first","12":"instock","13":"product-type-external"},"brands":[{"id":61,"name":"MASTER-SPORT","slug":"master-sport"}],"_links":{"self":[{"href":"https:\/\/www.autonvaraosahaku.fi\/index.php?rest_route=\/wp\/v2\/product\/19384","targetHints":{"allow":["GET"]}}],"collection":[{"href":"https:\/\/www.autonvaraosahaku.fi\/index.php?rest_route=\/wp\/v2\/product"}],"about":[{"href":"https:\/\/www.autonvaraosahaku.fi\/index.php?rest_route=\/wp\/v2\/types\/product"}],"wp:attachment":[{"href":"https:\/\/www.autonvaraosahaku.fi\/index.php?rest_route=%2Fwp%2Fv2%2Fmedia&parent=19384"}],"wp:term":[{"taxonomy":"pwb-brand","embeddable":true,"href":"https:\/\/www.autonvaraosahaku.fi\/index.php?rest_route=%2Fwp%2Fv2%2Fpwb-brand&post=19384"},{"taxonomy":"product_cat","embeddable":true,"href":"https:\/\/www.autonvaraosahaku.fi\/index.php?rest_route=%2Fwp%2Fv2%2Fproduct_cat&post=19384"},{"taxonomy":"product_tag","embeddable":true,"href":"https:\/\/www.autonvaraosahaku.fi\/index.php?rest_route=%2Fwp%2Fv2%2Fproduct_tag&post=19384"}],"curies":[{"name":"wp","href":"https:\/\/api.w.org\/{rel}","templated":true}]}}