{"id":19417,"date":"2021-02-21T14:36:47","date_gmt":"2021-02-21T14:36:47","guid":{"rendered":"https:\/\/www.autonvaraosahaku.fi\/?product=ridex-469o0062-oljynjaahdytin"},"modified":"2021-02-21T14:36:49","modified_gmt":"2021-02-21T14:36:49","slug":"ridex-469o0062-oljynjaahdytin","status":"publish","type":"product","link":"https:\/\/www.autonvaraosahaku.fi\/?product=ridex-469o0062-oljynjaahdytin","title":{"rendered":"RIDEX 469O0062 \u00d6ljynj\u00e4\u00e4hdytin"},"content":{"rendered":"<p>Vaihteistomalli: K\u00e4si- \/ lis\u00e4varuste autom. vaihteisto; Lis\u00e4tarvike\/lis\u00e4tieto: Tiivisteill\u00e4; J\u00e4\u00e4hdytystapa: Vesij\u00e4\u00e4hdytteinen; Paino [kg]: 0,838; Pakkaussyvyys [cm]: 9,5; Rakennemalli: C230; MERCEDES-BENZ: C-CLASS W203,E-CLASS W211,C-CLASS W204,C-CLASS T-Model S204,C-CLASS T-Model S203,E-CLASS T-Model S211,E-CLASS W212,VIANO W639,M-CLASS W164,C-CLASS Coupe CL203,E-CLASS T-Model S212,GLK-CLASS X204,VITO Bus W639,SLK R171,CLK C209,VITO \/ MIXTO Kasten W639,SPRINTER 3,5-t Kasten 906,S-CLASS W221,CLS C219,SL R230,R-CLASS W251, V251,M-CLASS W166,G-CLASS W463,E-CLASS Coupe C207,CLK Cabriolet A209,SPRINTER 3,5-t Bus 906,SPRINTER 3-t Kasten 906,E-CLASS Cabriolet A207,CLC-CLASS CL203,GL-CLASS X164,G-CLASS W461,CLS C218,SPRINTER 3,5-t Pritsche\/Fahrgestell 906,CLS Shooting Brake X218,S-CLASS W222, V222, X222,SPRINTER 5-t Kasten 906,SPRINTER 5-t Pritsche\/Fahrgestell 906,GL-CLASS X166,G-CLASS Cabrio W463,SPRINTER 3-t Pritsche\/Fahrgestell 906,SPRINTER 4,6-t Pritsche\/Fahrgestell 906,SPRINTER 4,6-t Kasten 906,E-CLASS W213,GLC X253,E-CLASS T-Model S213,GLE W166,GLC Coupe C253,GLE Coupe C292,GLS X166,E-CLASS Coupe C238,E-CLASS Cabriolet A238,X-CLASS 470,E-CLASS All-Terrain S213; 2721880001, 6421800165, 6421880001, A2721880001, A6421800165, A6421880001; \u00d6ljynlauhdutin,Moottori\u00f6ljyn J\u00e4\u00e4hdytin<\/p>\n","protected":false},"excerpt":{"rendered":"<p>RIDEX \u00d6ljynj\u00e4\u00e4hdytin 469O0062 \u00d6ljynlauhdutin,Moottori\u00f6ljyn J\u00e4\u00e4hdytin MERCEDES-BENZ,C-CLASS W203,E-CLASS W211,C-CLASS W204,C-CLASS T-Model S204<\/p>\n","protected":false},"featured_media":0,"template":"","meta":{"site-sidebar-layout":"default","site-content-layout":"default","ast-global-header-display":"","ast-main-header-display":"","ast-hfb-above-header-display":"","ast-hfb-below-header-display":"","ast-hfb-mobile-header-display":"","site-post-title":"","ast-breadcrumbs-content":"","ast-featured-img":"","footer-sml-layout":"","theme-transparent-header-meta":"","adv-header-id-meta":"","stick-header-meta":"","header-above-stick-meta":"","header-main-stick-meta":"","header-below-stick-meta":""},"pwb-brand":[157],"product_cat":[244],"product_tag":[],"class_list":{"0":"post-19417","1":"product","2":"type-product","3":"status-publish","5":"pwb-brand-ridex","6":"product_cat-oljynjaahdytin","7":"desktop-align-left","8":"tablet-align-left","9":"mobile-align-left","11":"first","12":"instock","13":"product-type-external"},"brands":[{"id":157,"name":"RIDEX","slug":"ridex"}],"_links":{"self":[{"href":"https:\/\/www.autonvaraosahaku.fi\/index.php?rest_route=\/wp\/v2\/product\/19417","targetHints":{"allow":["GET"]}}],"collection":[{"href":"https:\/\/www.autonvaraosahaku.fi\/index.php?rest_route=\/wp\/v2\/product"}],"about":[{"href":"https:\/\/www.autonvaraosahaku.fi\/index.php?rest_route=\/wp\/v2\/types\/product"}],"wp:attachment":[{"href":"https:\/\/www.autonvaraosahaku.fi\/index.php?rest_route=%2Fwp%2Fv2%2Fmedia&parent=19417"}],"wp:term":[{"taxonomy":"pwb-brand","embeddable":true,"href":"https:\/\/www.autonvaraosahaku.fi\/index.php?rest_route=%2Fwp%2Fv2%2Fpwb-brand&post=19417"},{"taxonomy":"product_cat","embeddable":true,"href":"https:\/\/www.autonvaraosahaku.fi\/index.php?rest_route=%2Fwp%2Fv2%2Fproduct_cat&post=19417"},{"taxonomy":"product_tag","embeddable":true,"href":"https:\/\/www.autonvaraosahaku.fi\/index.php?rest_route=%2Fwp%2Fv2%2Fproduct_tag&post=19417"}],"curies":[{"name":"wp","href":"https:\/\/api.w.org\/{rel}","templated":true}]}}