{"id":19422,"date":"2021-02-21T14:36:51","date_gmt":"2021-02-21T14:36:51","guid":{"rendered":"https:\/\/www.autonvaraosahaku.fi\/?product=fanfaro-ff6104-5-moottorioljy"},"modified":"2021-02-21T14:36:52","modified_gmt":"2021-02-21T14:36:52","slug":"fanfaro-ff6104-5-moottorioljy","status":"publish","type":"product","link":"https:\/\/www.autonvaraosahaku.fi\/?product=fanfaro-ff6104-5-moottorioljy","title":{"rendered":"FANFARO FF6104-5 Moottori\u00f6ljy"},"content":{"rendered":"<p>Tuotelinja: SHPD; Versio: TRD Super; Viskositeettiluokka SAE: 15W-40; Korvaava tuote\/korvaava tiedote 2: hankaliin olosuhteisiin; Pakokaasunormi: Euro 1, Euro 2, Euro 3, Euro 4; Erittely: API CI-4, API SL, ACEA E7, ACEA A3, ACEA B4; Valmistajan hyv\u00e4ksym\u00e4: GLOBAL DHD-1, CATERPILLAR ECF-2, CATERPILLAR ECF-1-a, CUMMINS CES 20078, DDC PGOS 93K215, DQC III-05, Mack EO-N, MAN M 3275-1, MB 228.3, MTU-2, Renault RLD-2, Volvo VDS-3; Tilavuus (litra): 5; Pakkaustyyppi: Kanisteri; API-m\u00e4\u00e4rittely: CI-4, SL; ACEA-m\u00e4\u00e4rittely: Aktivointi katkaisijasta, E7; IVECO: EUROCARGO I-III; VOLVO: F7,FE,FH,FH II,FH12,FH16,FH16 II,FL II,FL III,FL10,FL12,FL6,FM,FM12,FM7,FM9,FMX,FMX II,N10,N7; MERCEDES-BENZ: C-CLASS W203,E-CLASS W211,C-CLASS W204,A-CLASS W169,A-CLASS W168,B-CLASS W245,C-CLASS T-Model S204,C-CLASS T-Model S203,C-CLASS W202,E-CLASS T-Model S211,190 W201,E-CLASS W210,E-CLASS W212,VIANO W639,B-CLASS W246, W242,C-CLASS Coupe CL203,M-CLASS W163,Stufenheck W124,E-CLASS T-Model S212,GLK-CLASS X204,E-CLASS Kombi S210,VITO Bus W639,A-CLASS W176,CLK C209,SL R107,C-CLASS Kombi S202,Stufenheck W123,S-CLASS W220,VITO \/ MIXTO Kasten W639,S-CLASS W221,CLS C219,VANEO 414,KOMBI Kombi S124,E-CLASS W124,R-CLASS W251, V251,G-CLASS W463,VITO Bus 638,COUPE C124,CLK Cabriolet A209,CLA Coupe C117,S-CLASS W140,E-CLASS Kombi S124,COUPE C123,SPRINTER 3-t Kasten 903,SPRINTER 2-t Bus 901, 902,SLK R172,V-CLASS 638\/2,CLC-CLASS CL203,G-CLASS W461,SPRINTER 2-t Kasten 901, 902,SPRINTER 3-t Bus 903,KOMBI Kombi S123,SPRINTER 3-t Pritsche\/Fahrgestell 903,T1 Bus 601,100 Bus 631,VITO Kasten 638,T1 Pritsche\/Fahrgestell 602,T1 Kasten 602,100 Kasten 631,SPRINTER 4-t Pritsche\/Fahrg,ACTROS,ACTROS MP2 \/ MP3,ATEGO,ATEGO 2,AXOR,AXOR 2,ECONIC,LK\/LN2,LP,MK,NG,SK,UNIMOG,ZETROS; SMART: CITY-COUPE 450,CABRIO 450,FORTWO Coupe 450,FORTWO Cabrio 450; PUCH: G-MODELL W 463; SCANIA: 3 &#8211; series,3 &#8211; series bus,4 &#8211; series,L,P,G,R,S &#8211; series,P,G,R,T &#8211; series; RENAULT TRUCKS: KERAX,MAGNUM,MIDLUM,PREMIUM 2; MAN: F90,G,L2000,M 2000 L,M 2000 M,M90; DAF: 95,95 XF,CF 65,LF 45,LF 55<\/p>\n","protected":false},"excerpt":{"rendered":"<p>FANFARO Moottori\u00f6ljy FF6104-5<\/p>\n","protected":false},"featured_media":0,"template":"","meta":{"site-sidebar-layout":"default","site-content-layout":"default","ast-global-header-display":"","ast-main-header-display":"","ast-hfb-above-header-display":"","ast-hfb-below-header-display":"","ast-hfb-mobile-header-display":"","site-post-title":"","ast-breadcrumbs-content":"","ast-featured-img":"","footer-sml-layout":"","theme-transparent-header-meta":"","adv-header-id-meta":"","stick-header-meta":"","header-above-stick-meta":"","header-main-stick-meta":"","header-below-stick-meta":""},"pwb-brand":[160],"product_cat":[129],"product_tag":[],"class_list":{"0":"post-19422","1":"product","2":"type-product","3":"status-publish","5":"pwb-brand-fanfaro","6":"product_cat-moottorioljy","7":"desktop-align-left","8":"tablet-align-left","9":"mobile-align-left","11":"first","12":"instock","13":"product-type-external"},"brands":[{"id":160,"name":"FANFARO","slug":"fanfaro"}],"_links":{"self":[{"href":"https:\/\/www.autonvaraosahaku.fi\/index.php?rest_route=\/wp\/v2\/product\/19422","targetHints":{"allow":["GET"]}}],"collection":[{"href":"https:\/\/www.autonvaraosahaku.fi\/index.php?rest_route=\/wp\/v2\/product"}],"about":[{"href":"https:\/\/www.autonvaraosahaku.fi\/index.php?rest_route=\/wp\/v2\/types\/product"}],"wp:attachment":[{"href":"https:\/\/www.autonvaraosahaku.fi\/index.php?rest_route=%2Fwp%2Fv2%2Fmedia&parent=19422"}],"wp:term":[{"taxonomy":"pwb-brand","embeddable":true,"href":"https:\/\/www.autonvaraosahaku.fi\/index.php?rest_route=%2Fwp%2Fv2%2Fpwb-brand&post=19422"},{"taxonomy":"product_cat","embeddable":true,"href":"https:\/\/www.autonvaraosahaku.fi\/index.php?rest_route=%2Fwp%2Fv2%2Fproduct_cat&post=19422"},{"taxonomy":"product_tag","embeddable":true,"href":"https:\/\/www.autonvaraosahaku.fi\/index.php?rest_route=%2Fwp%2Fv2%2Fproduct_tag&post=19422"}],"curies":[{"name":"wp","href":"https:\/\/api.w.org\/{rel}","templated":true}]}}