{"id":19433,"date":"2021-02-21T14:36:51","date_gmt":"2021-02-21T14:36:51","guid":{"rendered":"https:\/\/www.autonvaraosahaku.fi\/?product=hella-8eh-188-704-141-sytytystulpat"},"modified":"2021-02-21T14:36:53","modified_gmt":"2021-02-21T14:36:53","slug":"hella-8eh-188-704-141-sytytystulpat","status":"publish","type":"product","link":"https:\/\/www.autonvaraosahaku.fi\/?product=hella-8eh-188-704-141-sytytystulpat","title":{"rendered":"HELLA 8EH 188 704-141 Sytytystulpat"},"content":{"rendered":"<p>Kiristysmomentti: 25; K\u00e4rkiv\u00e4li (mm): 0,9; Kierteen pituus (mm): 26,5; Ulkokierre [mm]: 14; Avainv\u00e4li: 16; Sytytystulppa: 1-maaelektroodi; TECDOC-moottorinumero: 24885; NISSAN: X-TRAIL T30,ALMERA II Hatchback N16,PRIMERA Kombi WP12,PRIMERA P12,PRIMERA Hatchback P12,ALMERA Mk II N16; KIA: SPORTAGE SL,SORENTO II XM,MAGENTIS MG; HYUNDAI: ix35 LM, EL, ELH,SANTA F\u00c9 II CM,SONATA VI YF; 1884111051, 224018H515, 224018H575, 224018H575Q0, 1884111051, 1N1518110, 859495Q, 224018H515, 224018H575, 224018H575Q0; Tulpat,Sytytystulppa<\/p>\n","protected":false},"excerpt":{"rendered":"<p>HELLA Sytytystulpat Energy Pro 8EH 188 704-141 Tulpat,Sytytystulppa NISSAN,KIA,HYUNDAI,X-TRAIL T30,ALMERA II Hatchback N16,PRIMERA Kombi WP12<\/p>\n","protected":false},"featured_media":0,"template":"","meta":{"site-sidebar-layout":"default","site-content-layout":"default","ast-global-header-display":"","ast-main-header-display":"","ast-hfb-above-header-display":"","ast-hfb-below-header-display":"","ast-hfb-mobile-header-display":"","site-post-title":"","ast-breadcrumbs-content":"","ast-featured-img":"","footer-sml-layout":"","theme-transparent-header-meta":"","adv-header-id-meta":"","stick-header-meta":"","header-above-stick-meta":"","header-main-stick-meta":"","header-below-stick-meta":""},"pwb-brand":[24],"product_cat":[165],"product_tag":[],"class_list":{"0":"post-19433","1":"product","2":"type-product","3":"status-publish","5":"pwb-brand-hella","6":"product_cat-sytytystulpat","7":"desktop-align-left","8":"tablet-align-left","9":"mobile-align-left","11":"first","12":"instock","13":"product-type-external"},"brands":[{"id":24,"name":"HELLA","slug":"hella"}],"_links":{"self":[{"href":"https:\/\/www.autonvaraosahaku.fi\/index.php?rest_route=\/wp\/v2\/product\/19433","targetHints":{"allow":["GET"]}}],"collection":[{"href":"https:\/\/www.autonvaraosahaku.fi\/index.php?rest_route=\/wp\/v2\/product"}],"about":[{"href":"https:\/\/www.autonvaraosahaku.fi\/index.php?rest_route=\/wp\/v2\/types\/product"}],"wp:attachment":[{"href":"https:\/\/www.autonvaraosahaku.fi\/index.php?rest_route=%2Fwp%2Fv2%2Fmedia&parent=19433"}],"wp:term":[{"taxonomy":"pwb-brand","embeddable":true,"href":"https:\/\/www.autonvaraosahaku.fi\/index.php?rest_route=%2Fwp%2Fv2%2Fpwb-brand&post=19433"},{"taxonomy":"product_cat","embeddable":true,"href":"https:\/\/www.autonvaraosahaku.fi\/index.php?rest_route=%2Fwp%2Fv2%2Fproduct_cat&post=19433"},{"taxonomy":"product_tag","embeddable":true,"href":"https:\/\/www.autonvaraosahaku.fi\/index.php?rest_route=%2Fwp%2Fv2%2Fproduct_tag&post=19433"}],"curies":[{"name":"wp","href":"https:\/\/api.w.org\/{rel}","templated":true}]}}