{"id":19481,"date":"2021-02-21T14:37:03","date_gmt":"2021-02-21T14:37:03","guid":{"rendered":"https:\/\/www.autonvaraosahaku.fi\/?product=trw-df6903s-jarrulevyt"},"modified":"2021-02-21T14:37:04","modified_gmt":"2021-02-21T14:37:04","slug":"trw-df6903s-jarrulevyt","status":"publish","type":"product","link":"https:\/\/www.autonvaraosahaku.fi\/?product=trw-df6903s-jarrulevyt","title":{"rendered":"TRW DF6903S Jarrulevyt"},"content":{"rendered":"<p>Jarrulevytyyppi: Tuuletettu; Reikien m\u00e4\u00e4r\u00e4: 9; Ulkol\u00e4pimitta [mm]: 276; keskitt\u00e4misl\u00e4pimitta [mm]: 65; Korkeus (mm): 49,5; Jarrulevyn paksuus (mm): 23,5; V\u00e4himm\u00e4ispaksuus (mm): 21; Reik\u00e4ympyr\u00e4-\u00d8 [mm]: 112; Kierre 1: 15.3; kierre 2: 6.6; V\u00e4ri: Musta; Pinta: Lakattu; Tarkistuskilpi: E1 90R-02 C0176\/0450; Asennuspuoli: Vorderachse; VW: GOLF VII 5G1, BE1,GOLF VII Kombi BA5,GOLF SPORTSVAN AM1,GOLF ALLTRACK BA5; AUDI: A3 Sportback 8VA,A3 Limousine 8VS,A3 8V1,A3 Cabriolet 8V7; SKODA: OCTAVIA Combi 5E5,OCTAVIA 5E3; SEAT: LEON 5F1,LEON ST 5F8,LEON SC 5F5; 5Q0615301A, 5Q0615301E, 5Q0615301A, 5Q0615301E, 5Q0615301A, 5Q0615301E, 5Q0615301A, 5Q0615301E; Jarrulevy<\/p>\n","protected":false},"excerpt":{"rendered":"<p>TRW Jarrulevyt DF6903S Jarrulevy VW,AUDI,SKODA,GOLF VII 5G1, BE1,GOLF VII Kombi BA5,GOLF SPORTSVAN AM1,GOLF ALLTRACK BA5,A3 Sportback 8VA<\/p>\n","protected":false},"featured_media":0,"template":"","meta":{"site-sidebar-layout":"default","site-content-layout":"default","ast-global-header-display":"","ast-main-header-display":"","ast-hfb-above-header-display":"","ast-hfb-below-header-display":"","ast-hfb-mobile-header-display":"","site-post-title":"","ast-breadcrumbs-content":"","ast-featured-img":"","footer-sml-layout":"","theme-transparent-header-meta":"","adv-header-id-meta":"","stick-header-meta":"","header-above-stick-meta":"","header-main-stick-meta":"","header-below-stick-meta":""},"pwb-brand":[332],"product_cat":[66],"product_tag":[],"class_list":{"0":"post-19481","1":"product","2":"type-product","3":"status-publish","5":"pwb-brand-trw","6":"product_cat-jarrulevyt","7":"desktop-align-left","8":"tablet-align-left","9":"mobile-align-left","11":"first","12":"instock","13":"product-type-external"},"brands":[{"id":332,"name":"TRW","slug":"trw"}],"_links":{"self":[{"href":"https:\/\/www.autonvaraosahaku.fi\/index.php?rest_route=\/wp\/v2\/product\/19481","targetHints":{"allow":["GET"]}}],"collection":[{"href":"https:\/\/www.autonvaraosahaku.fi\/index.php?rest_route=\/wp\/v2\/product"}],"about":[{"href":"https:\/\/www.autonvaraosahaku.fi\/index.php?rest_route=\/wp\/v2\/types\/product"}],"wp:attachment":[{"href":"https:\/\/www.autonvaraosahaku.fi\/index.php?rest_route=%2Fwp%2Fv2%2Fmedia&parent=19481"}],"wp:term":[{"taxonomy":"pwb-brand","embeddable":true,"href":"https:\/\/www.autonvaraosahaku.fi\/index.php?rest_route=%2Fwp%2Fv2%2Fpwb-brand&post=19481"},{"taxonomy":"product_cat","embeddable":true,"href":"https:\/\/www.autonvaraosahaku.fi\/index.php?rest_route=%2Fwp%2Fv2%2Fproduct_cat&post=19481"},{"taxonomy":"product_tag","embeddable":true,"href":"https:\/\/www.autonvaraosahaku.fi\/index.php?rest_route=%2Fwp%2Fv2%2Fproduct_tag&post=19481"}],"curies":[{"name":"wp","href":"https:\/\/api.w.org\/{rel}","templated":true}]}}