{"id":19484,"date":"2021-02-21T14:37:03","date_gmt":"2021-02-21T14:37:03","guid":{"rendered":"https:\/\/www.autonvaraosahaku.fi\/?product=mapco-7701-hehkutulppa"},"modified":"2021-02-21T14:37:04","modified_gmt":"2021-02-21T14:37:04","slug":"mapco-7701-hehkutulppa","status":"publish","type":"product","link":"https:\/\/www.autonvaraosahaku.fi\/?product=mapco-7701-hehkutulppa","title":{"rendered":"MAPCO 7701 Hehkutulppa"},"content":{"rendered":"<p>J\u00e4nnite (V): 11; Liittimet: M4 \/ 2 Nm; Kartionousu: 119; Kierremitta: M10x1,25; Kokonaispituus (mm): 85; Avainv\u00e4li: 12 mm; Kiristysmomentti: 15; Virta (A): 11,5; Hehkutulppatyyppi: j\u00e4lkihehkutuksenkest\u00e4v\u00e4; Asennussyvyys (mm): 19; Katkeamismomentti [Nm]: 35; Moottorinumerosta: 731418; OPEL: CORSA B 73_, 78_, 79_,VECTRA B 36_,ASTRA F CC 53_, 54_, 58_, 59_,VECTRA B Caravan 31_,ASTRA F Caravan 51_, 52_,VECTRA B CC 38_,VECTRA A 86_, 87_,ASTRA F 56_, 57_,VECTRA A CC 88_, 89_,COMBO 71_,CORSA B Kasten 73_,CORSA B Kombi F35; VAUXHALL: ASTRA Mk III F CC,CORSA Mk I B,VECTRA B CC,CAVALIER Mk III 87,VECTRA B,ASTRA Mk III F Estate,CAVALIER Mk III CC,COMBO Mk I B; ISUZU: TROOPER UB,TROOPER Soft Top UB; 8970805540, 1214043, 1214316, 93183739, 97080554<\/p>\n","protected":false},"excerpt":{"rendered":"<p>MAPCO Hehkutulppa 7701  OPEL,VAUXHALL,ISUZU,CORSA B 73_, 78_, 79_,VECTRA B 36_,ASTRA F CC 53_, 54_, 58_, 59_,VECTRA B Caravan 31_<\/p>\n","protected":false},"featured_media":0,"template":"","meta":{"site-sidebar-layout":"default","site-content-layout":"default","ast-global-header-display":"","ast-main-header-display":"","ast-hfb-above-header-display":"","ast-hfb-below-header-display":"","ast-hfb-mobile-header-display":"","site-post-title":"","ast-breadcrumbs-content":"","ast-featured-img":"","footer-sml-layout":"","theme-transparent-header-meta":"","adv-header-id-meta":"","stick-header-meta":"","header-above-stick-meta":"","header-main-stick-meta":"","header-below-stick-meta":""},"pwb-brand":[36],"product_cat":[52],"product_tag":[],"class_list":{"0":"post-19484","1":"product","2":"type-product","3":"status-publish","5":"pwb-brand-mapco","6":"product_cat-hehkutulppa","7":"desktop-align-left","8":"tablet-align-left","9":"mobile-align-left","11":"first","12":"instock","13":"product-type-external"},"brands":[{"id":36,"name":"MAPCO","slug":"mapco"}],"_links":{"self":[{"href":"https:\/\/www.autonvaraosahaku.fi\/index.php?rest_route=\/wp\/v2\/product\/19484","targetHints":{"allow":["GET"]}}],"collection":[{"href":"https:\/\/www.autonvaraosahaku.fi\/index.php?rest_route=\/wp\/v2\/product"}],"about":[{"href":"https:\/\/www.autonvaraosahaku.fi\/index.php?rest_route=\/wp\/v2\/types\/product"}],"wp:attachment":[{"href":"https:\/\/www.autonvaraosahaku.fi\/index.php?rest_route=%2Fwp%2Fv2%2Fmedia&parent=19484"}],"wp:term":[{"taxonomy":"pwb-brand","embeddable":true,"href":"https:\/\/www.autonvaraosahaku.fi\/index.php?rest_route=%2Fwp%2Fv2%2Fpwb-brand&post=19484"},{"taxonomy":"product_cat","embeddable":true,"href":"https:\/\/www.autonvaraosahaku.fi\/index.php?rest_route=%2Fwp%2Fv2%2Fproduct_cat&post=19484"},{"taxonomy":"product_tag","embeddable":true,"href":"https:\/\/www.autonvaraosahaku.fi\/index.php?rest_route=%2Fwp%2Fv2%2Fproduct_tag&post=19484"}],"curies":[{"name":"wp","href":"https:\/\/api.w.org\/{rel}","templated":true}]}}