{"id":19485,"date":"2021-02-21T14:37:03","date_gmt":"2021-02-21T14:37:03","guid":{"rendered":"https:\/\/www.autonvaraosahaku.fi\/?product=as-pl-a4043-laturi"},"modified":"2021-02-21T14:37:04","modified_gmt":"2021-02-21T14:37:04","slug":"as-pl-a4043-laturi","status":"publish","type":"product","link":"https:\/\/www.autonvaraosahaku.fi\/?product=as-pl-a4043-laturi","title":{"rendered":"AS-PL A4043 Laturi"},"content":{"rendered":"<p>Pituus 2 (mm): 17,00; Pituus 3 [mm]: 54,50; J\u00e4nnite (V): 12; Laturi varausvirta (A): 100; Hihnapy\u00f6r\u00e4t: Ilman hihnapy\u00f6ri\u00e4; Valmistusvuoteen: 12\/2010; FIAT: PUNTO 188,STILO 192,BRAVO II 198,DOBLO Cargo 223,STILO Multi Wagon 192,DOBLO 119,IDEA,STRADA Pick-up 178E,MULTIPLA 186,PUNTO Van 188AX,BRAVO I 182,BRAVA 182,MAREA Weekend 185,MAREA 185; ALFA ROMEO: 147 937,156 Sportwagon 932,156 932,GT 937,166 936,145 930,146 930; LANCIA: MUSA 350,THESIS 841AX,LYBRA SW 839BX,KAPPA 838A,LYBRA 839AX,KAPPA SW 838B; 60816045, 60816557, 46544329, 46763533, 46763534, 46765838, 46782213; Generaattori<\/p>\n","protected":false},"excerpt":{"rendered":"<p>AS-PL Laturi Brand new AS-PL Alternator rectifier A4043 Generaattori FIAT,ALFA ROMEO,LANCIA,PUNTO 188,STILO 192,BRAVO II 198,DOBLO Cargo 223<\/p>\n","protected":false},"featured_media":0,"template":"","meta":{"site-sidebar-layout":"default","site-content-layout":"default","ast-global-header-display":"","ast-main-header-display":"","ast-hfb-above-header-display":"","ast-hfb-below-header-display":"","ast-hfb-mobile-header-display":"","site-post-title":"","ast-breadcrumbs-content":"","ast-featured-img":"","footer-sml-layout":"","theme-transparent-header-meta":"","adv-header-id-meta":"","stick-header-meta":"","header-above-stick-meta":"","header-main-stick-meta":"","header-below-stick-meta":""},"pwb-brand":[347],"product_cat":[357],"product_tag":[],"class_list":{"0":"post-19485","1":"product","2":"type-product","3":"status-publish","5":"pwb-brand-as-pl","6":"product_cat-laturi","7":"desktop-align-left","8":"tablet-align-left","9":"mobile-align-left","11":"first","12":"instock","13":"product-type-external"},"brands":[{"id":347,"name":"AS-PL","slug":"as-pl"}],"_links":{"self":[{"href":"https:\/\/www.autonvaraosahaku.fi\/index.php?rest_route=\/wp\/v2\/product\/19485","targetHints":{"allow":["GET"]}}],"collection":[{"href":"https:\/\/www.autonvaraosahaku.fi\/index.php?rest_route=\/wp\/v2\/product"}],"about":[{"href":"https:\/\/www.autonvaraosahaku.fi\/index.php?rest_route=\/wp\/v2\/types\/product"}],"wp:attachment":[{"href":"https:\/\/www.autonvaraosahaku.fi\/index.php?rest_route=%2Fwp%2Fv2%2Fmedia&parent=19485"}],"wp:term":[{"taxonomy":"pwb-brand","embeddable":true,"href":"https:\/\/www.autonvaraosahaku.fi\/index.php?rest_route=%2Fwp%2Fv2%2Fpwb-brand&post=19485"},{"taxonomy":"product_cat","embeddable":true,"href":"https:\/\/www.autonvaraosahaku.fi\/index.php?rest_route=%2Fwp%2Fv2%2Fproduct_cat&post=19485"},{"taxonomy":"product_tag","embeddable":true,"href":"https:\/\/www.autonvaraosahaku.fi\/index.php?rest_route=%2Fwp%2Fv2%2Fproduct_tag&post=19485"}],"curies":[{"name":"wp","href":"https:\/\/api.w.org\/{rel}","templated":true}]}}