{"id":19499,"date":"2021-02-21T14:37:07","date_gmt":"2021-02-21T14:37:07","guid":{"rendered":"https:\/\/www.autonvaraosahaku.fi\/?product=ae-fol251-hydraulinen-venttiilinnostin"},"modified":"2021-02-21T14:37:07","modified_gmt":"2021-02-21T14:37:07","slug":"ae-fol251-hydraulinen-venttiilinnostin","status":"publish","type":"product","link":"https:\/\/www.autonvaraosahaku.fi\/?product=ae-fol251-hydraulinen-venttiilinnostin","title":{"rendered":"AE FOL251 Hydraulinen venttiilinnostin"},"content":{"rendered":"<p>L\u00e4pimitta [mm]: 11; K\u00e4ytt\u00f6: Hydraulinen; Moottorinumero: P22DTE (4HG); FORD: TRANSIT MK-7 Kasten,RANGER TKE,TRANSIT MK-7 Bus,TRANSIT MK-7 Pritsche\/Fahrgestell,TRANSIT CUSTOM Kasten,TOURNEO CUSTOM Bus,TRANSIT TOURNEO FB,TRANSIT CUSTOM Bus,TRANSIT Custom  Bus,TRANSIT Custom Pritsche\/Fahrgestell; FIAT: DUCATO Kasten 250,DUCATO Pritsche\/Fahrgestell 250,DUCATO Bus 250; CITRO\u00cbN: JUMPER Kasten,JUMPER Bus,JUMPER Pritsche\/Fahrgestell; PEUGEOT: BOXER Kasten,BOXER Bus,BOXER Pritsche\/Fahrgestell; Venttiilinnostin<\/p>\n","protected":false},"excerpt":{"rendered":"<p>AE Hydraulinen Venttiilinnostin FOL251 Venttiilinnostin FORD,FIAT,CITRO\u00cbN,TRANSIT MK-7 Kasten,RANGER TKE,TRANSIT MK-7 Bus<\/p>\n","protected":false},"featured_media":0,"template":"","meta":{"site-sidebar-layout":"default","site-content-layout":"default","ast-global-header-display":"","ast-main-header-display":"","ast-hfb-above-header-display":"","ast-hfb-below-header-display":"","ast-hfb-mobile-header-display":"","site-post-title":"","ast-breadcrumbs-content":"","ast-featured-img":"","footer-sml-layout":"","theme-transparent-header-meta":"","adv-header-id-meta":"","stick-header-meta":"","header-above-stick-meta":"","header-main-stick-meta":"","header-below-stick-meta":""},"pwb-brand":[190],"product_cat":[126],"product_tag":[],"class_list":{"0":"post-19499","1":"product","2":"type-product","3":"status-publish","5":"pwb-brand-ae","6":"product_cat-hydraulinen-venttiilinnostin","7":"desktop-align-left","8":"tablet-align-left","9":"mobile-align-left","11":"first","12":"instock","13":"product-type-external"},"brands":[{"id":190,"name":"AE","slug":"ae"}],"_links":{"self":[{"href":"https:\/\/www.autonvaraosahaku.fi\/index.php?rest_route=\/wp\/v2\/product\/19499","targetHints":{"allow":["GET"]}}],"collection":[{"href":"https:\/\/www.autonvaraosahaku.fi\/index.php?rest_route=\/wp\/v2\/product"}],"about":[{"href":"https:\/\/www.autonvaraosahaku.fi\/index.php?rest_route=\/wp\/v2\/types\/product"}],"wp:attachment":[{"href":"https:\/\/www.autonvaraosahaku.fi\/index.php?rest_route=%2Fwp%2Fv2%2Fmedia&parent=19499"}],"wp:term":[{"taxonomy":"pwb-brand","embeddable":true,"href":"https:\/\/www.autonvaraosahaku.fi\/index.php?rest_route=%2Fwp%2Fv2%2Fpwb-brand&post=19499"},{"taxonomy":"product_cat","embeddable":true,"href":"https:\/\/www.autonvaraosahaku.fi\/index.php?rest_route=%2Fwp%2Fv2%2Fproduct_cat&post=19499"},{"taxonomy":"product_tag","embeddable":true,"href":"https:\/\/www.autonvaraosahaku.fi\/index.php?rest_route=%2Fwp%2Fv2%2Fproduct_tag&post=19499"}],"curies":[{"name":"wp","href":"https:\/\/api.w.org\/{rel}","templated":true}]}}