{"id":19539,"date":"2021-02-21T14:37:16","date_gmt":"2021-02-21T14:37:16","guid":{"rendered":"https:\/\/www.autonvaraosahaku.fi\/?product=ridex-508r0151-jaahdyttimen-tuuletin"},"modified":"2021-02-21T14:37:16","modified_gmt":"2021-02-21T14:37:16","slug":"ridex-508r0151-jaahdyttimen-tuuletin","status":"publish","type":"product","link":"https:\/\/www.autonvaraosahaku.fi\/?product=ridex-508r0151-jaahdyttimen-tuuletin","title":{"rendered":"RIDEX 508R0151 J\u00e4\u00e4hdyttimen tuuletin"},"content":{"rendered":"<p>Korvaava tuote\/korvaava tiedote 2: J\u00e4\u00e4hdytystuulettimen keh\u00e4ll\u00e4; Polttoaine: Diesel; Nimellisteho (W): 300 \/ 300; Tappeja: 2; Varusteet: ajoneuvoille ilmastointilaitteella tai ilman; Nimellisj\u00e4nnite (V): 13,5; FIAT: DUCATO Kasten 250,DUCATO Pritsche\/Fahrgestell 250,DUCATO Bus 250; CITRO\u00cbN: JUMPER Kasten,JUMPER Bus,JUMPER Pritsche\/Fahrgestell; PEUGEOT: BOXER Kasten,BOXER Bus,BOXER Pritsche\/Fahrgestell; 0001393260080, 1250J1, 1250J3, 1342587080, 1342689080, 1342690080, 1345870080, 1347697080, 1357930080, 1358009080, 1358010080, 1358012080, 1358013080, 1358017080, 1358020080, 1358062080, 1362007080, 1362916080, 1362918080, 1363422080, 1364163080, 1364224080, 1365649080, 1366910080, 1368893080, 1379297080, 1379298080, 1379416080, 1379417080, 1379420080, 1388259080, 878418U, 878419R, 878420L; Tuuletin, Moottorin J\u00e4\u00e4hdytys<\/p>\n","protected":false},"excerpt":{"rendered":"<p>RIDEX J\u00e4\u00e4hdyttimen Tuuletin 508R0151 Tuuletin, Moottorin J\u00e4\u00e4hdytys FIAT,CITRO\u00cbN,PEUGEOT,DUCATO Kasten 250,DUCATO Pritsche\/Fahrgestell 250<\/p>\n","protected":false},"featured_media":0,"template":"","meta":{"site-sidebar-layout":"default","site-content-layout":"default","ast-global-header-display":"","ast-main-header-display":"","ast-hfb-above-header-display":"","ast-hfb-below-header-display":"","ast-hfb-mobile-header-display":"","site-post-title":"","ast-breadcrumbs-content":"","ast-featured-img":"","footer-sml-layout":"","theme-transparent-header-meta":"","adv-header-id-meta":"","stick-header-meta":"","header-above-stick-meta":"","header-main-stick-meta":"","header-below-stick-meta":""},"pwb-brand":[157],"product_cat":[313],"product_tag":[],"class_list":{"0":"post-19539","1":"product","2":"type-product","3":"status-publish","5":"pwb-brand-ridex","6":"product_cat-jaahdyttimen-tuuletin","7":"desktop-align-left","8":"tablet-align-left","9":"mobile-align-left","11":"first","12":"instock","13":"product-type-external"},"brands":[{"id":157,"name":"RIDEX","slug":"ridex"}],"_links":{"self":[{"href":"https:\/\/www.autonvaraosahaku.fi\/index.php?rest_route=\/wp\/v2\/product\/19539","targetHints":{"allow":["GET"]}}],"collection":[{"href":"https:\/\/www.autonvaraosahaku.fi\/index.php?rest_route=\/wp\/v2\/product"}],"about":[{"href":"https:\/\/www.autonvaraosahaku.fi\/index.php?rest_route=\/wp\/v2\/types\/product"}],"wp:attachment":[{"href":"https:\/\/www.autonvaraosahaku.fi\/index.php?rest_route=%2Fwp%2Fv2%2Fmedia&parent=19539"}],"wp:term":[{"taxonomy":"pwb-brand","embeddable":true,"href":"https:\/\/www.autonvaraosahaku.fi\/index.php?rest_route=%2Fwp%2Fv2%2Fpwb-brand&post=19539"},{"taxonomy":"product_cat","embeddable":true,"href":"https:\/\/www.autonvaraosahaku.fi\/index.php?rest_route=%2Fwp%2Fv2%2Fproduct_cat&post=19539"},{"taxonomy":"product_tag","embeddable":true,"href":"https:\/\/www.autonvaraosahaku.fi\/index.php?rest_route=%2Fwp%2Fv2%2Fproduct_tag&post=19539"}],"curies":[{"name":"wp","href":"https:\/\/api.w.org\/{rel}","templated":true}]}}